{"id":4497,"date":"2026-02-06T09:57:58","date_gmt":"2026-02-06T09:57:58","guid":{"rendered":"https:\/\/hyker.se\/?page_id=4497"},"modified":"2026-03-09T10:04:13","modified_gmt":"2026-03-09T10:04:13","slug":"var-forskning","status":"publish","type":"page","link":"https:\/\/hyker.se\/en\/var-forskning\/","title":{"rendered":"V\u00e5r Forskning"},"content":{"rendered":"\n\n\n\n\n\n\n<section id=\"\" class=\"hero relative min-h-[20.5625rem] md:min-h-[30.04219rem] flex flex-col justify-center text-[rgb(255,255,255)] lg:px-5 custom-padding-top-m custom-padding-bottom-m mobile-custom-padding-top-m mobile-custom-padding-bottom-s\" style=\"--custom-color-contrast:rgb(255,255,255);\">\n\n    \n    <div class=\"container mx-auto \">\n        \n<div class=\"relative z-20 pt-10\">\n    <div>\n        <div class=\"mx-auto fade-down\">\n                            <div class=\"mb-7\">\n                    \n\n<div class=\"flex-ible flex flex-col \">\n\n    \n    \n        \n                                <div class=\"flexible-image\">\n                \n\n<img decoding=\"async\" width=\"221\" height=\"310\" src=\"https:\/\/hyker.se\/wp-content\/uploads\/b95aececf7254e314001385399221c28-png.webp\" class=\"flexible-image\" alt=\"Image\" loading=\"lazy\" sizes=\"auto\" srcset=\"https:\/\/hyker.se\/wp-content\/uploads\/b95aececf7254e314001385399221c28-png.webp 221w, https:\/\/hyker.se\/wp-content\/uploads\/b95aececf7254e314001385399221c28-214x300.webp 214w, https:\/\/hyker.se\/wp-content\/uploads\/b95aececf7254e314001385399221c28-107x150.webp 107w, https:\/\/hyker.se\/wp-content\/uploads\/b95aececf7254e314001385399221c28-9x12.webp 9w\" \/>            <\/div>\n        \n                \n        \n        \n        \n        \n                    \n        \n        \n                    \n            <div class=\"flexible-heading\">\n                \n\n\n\n    <h1 class=\" break-words g-heading  size-h1\">V\u00e5r forskning<\/h1>\n\n                <\/div>\n                \n        \n        \n        \n        \n                    <\/div>                <\/div>\n            \n        <\/div>\n    <\/div>\n<\/div>    <\/div>\n\n    \n                \n                            \n        \n\n<img fetchpriority=\"high\" decoding=\"async\" width=\"768\" height=\"318\" src=\"https:\/\/hyker.se\/wp-content\/uploads\/northern-lights-225454_1280-e1758627171492-768x318.webp\" class=\"w-full h-full absolute inset-0 object-center object-cover\" alt=\"Image\" loading=\"eager\" sizes=\"auto\" srcset=\"https:\/\/hyker.se\/wp-content\/uploads\/northern-lights-225454_1280-e1758627171492-768x318.webp 768w, https:\/\/hyker.se\/wp-content\/uploads\/northern-lights-225454_1280-e1758627171492-300x124.webp 300w, https:\/\/hyker.se\/wp-content\/uploads\/northern-lights-225454_1280-e1758627171492-1024x424.webp 1024w, https:\/\/hyker.se\/wp-content\/uploads\/northern-lights-225454_1280-e1758627171492-150x62.webp 150w, https:\/\/hyker.se\/wp-content\/uploads\/northern-lights-225454_1280-e1758627171492-18x7.webp 18w, https:\/\/hyker.se\/wp-content\/uploads\/northern-lights-225454_1280-e1758627171492.webp 1280w\" \/>    \n            <div class=\"absolute inset-0 bg-black bg-opacity-20 lg:max-h-full z-10 w-full h-full\"><\/div>\n    \n    \n\n<\/section>\n\n\n\n\n\n\n<section id=\"\" class=\"image-text relative  bg-[rgb(231,245,245)] lg:px-5 custom-padding-top-m custom-padding-bottom-s mobile-custom-padding-top-s mobile-custom-padding-bottom-s\" style=\"--custom-color:rgb(231,245,245);\">\n\n    \n    <div class=\"container mx-auto \">\n        \n<div class=\"grid md:grid-cols-2 gap-10 lg:gap-14 items-center start-image-text\">\n\n    <div class=\"order-2 lg:order-2\">\n                    <div class=\" max-w-[34.06rem]\">\n                \n\n<div class=\"flex-ible flex flex-col space-y-8\">\n\n    \n    \n        \n        \n                    \n            <div class=\"flexible-heading\">\n                \n\n\n\n    <h2 class=\" break-words g-heading  \">Custodes &#8211; ska underl\u00e4tta certifiering av cybers\u00e4kerhet<\/h2>\n\n                <\/div>\n                \n        \n        \n        \n        \n                    \n        \n        \n                \n                    \n            <div class=\"flexible-text\">\n                \n\n<div class=\"space-y-4 g-text \">\n    <p>I takt med den \u00f6kande m\u00e4ngden av IKT-produkter och tj\u00e4nster i samh\u00e4llet och \u00f6kade cyberhot har EU h\u00f6jt kraven p\u00e5 cybers\u00e4kerhet genom Cybersecurity Act, som kr\u00e4ver certifiering av Information and communications technology\u00a0(ICT) f\u00f6r att s\u00e4ljas p\u00e5 den europeiska marknaden. Projektet syftar till att utveckla och genomf\u00f6ra ett innovativt sammansatt inspektions- och certifieringssystem.<\/p>\n<div><strong>V\u00e5rt bidrag till projektet<\/strong><br \/>\n<em>I takt med att EU h\u00f6jer kraven p\u00e5 cybers\u00e4kerhet genom Cybersecurity Act, blir certifiering av ICT-produkter och tj\u00e4nster avg\u00f6rande f\u00f6r att kunna verka p\u00e5 den europeiska marknaden. Inom projektet bidrar vi med expertis inom confidential computing, en teknik som m\u00f6jligg\u00f6r s\u00e4ker hantering och bearbetning av k\u00e4nslig data \u00e4ven i os\u00e4kra milj\u00f6er. Genom v\u00e5r kompetens st\u00e4rker vi inspektions- och certifieringssystemet med l\u00f6sningar som skyddar integritet och s\u00e4kerhet, vilket \u00e4r centralt f\u00f6r att m\u00f6ta framtidens cyberhot.<\/em><\/div>\n<p>L\u00e4s mer: <a href=\"https:\/\/custodes-project.eu\/\" target=\"_blank\" rel=\"noopener\">Custodes<\/a><\/p>\n<\/div>            <\/div>\n        \n        \n        \n        \n                    <\/div>            <\/div>\n            <\/div>\n\n    <div class=\"image-column order-1 lg:order-1\">\n\n                    <div class=\"fade-up-element lg:h-full \">\n                <img decoding=\"async\" src=\"https:\/\/hyker.se\/wp-content\/uploads\/Castodes-Logo-Color.webp\" alt=\"\" \/>\n                            <\/div>\n            <\/div>\n\n<\/div>    <\/div>\n\n    \n    \n    \n\n<\/section>\n\n\n\n\n\n\n<section id=\"\" class=\"image-text relative  bg-[rgb(231,245,245)] lg:px-5 custom-padding-top-s custom-padding-bottom-m mobile-custom-padding-top-s mobile-custom-padding-bottom-s\" style=\"--custom-color:rgb(231,245,245);\">\n\n    \n    <div class=\"container mx-auto \">\n        \n<div class=\"grid md:grid-cols-2 gap-10 lg:gap-14 items-center start-image-text\">\n\n    <div class=\"order-2 lg:order-1\">\n                    <div class=\" max-w-[34.06rem]\">\n                \n\n<div class=\"flex-ible flex flex-col space-y-8\">\n\n    \n    \n        \n        \n                    \n            <div class=\"flexible-heading\">\n                \n\n\n\n    <h2 class=\" break-words g-heading  \">CEST &#8211; Confidential Software Security Assurance<\/h2>\n\n                <\/div>\n                \n        \n        \n        \n        \n                    \n        \n        \n                \n                    \n            <div class=\"flexible-text\">\n                \n\n<div class=\"space-y-4 g-text \">\n    <div>CEST tillhandah\u00e5ller en konfidentiell milj\u00f6 f\u00f6r mjukvarus\u00e4kerhetsgranskning som g\u00f6r det m\u00f6jligt f\u00f6r mjukvaruf\u00f6rs\u00f6rjningskedjor att uppfylla krav fr\u00e5n regelverk, standarder och f\u00f6retagsinterna s\u00e4kerhetskrav.<\/div>\n<div><\/div>\n<div>\n<div><strong>V\u00e5rt bidrag till CEST-projektet<\/strong><br \/>\n<em>CEST skapar en konfidentiell milj\u00f6 f\u00f6r mjukvarus\u00e4kerhetsgranskning som g\u00f6r det m\u00f6jligt f\u00f6r mjukvaruf\u00f6rs\u00f6rjningskedjor att uppfylla krav fr\u00e5n regelverk, standarder och interna s\u00e4kerhetskrav. Vi bidrar med v\u00e5r expertis inom confidential computing, vilket inneb\u00e4r att vi tillf\u00f6r l\u00f6sningar som skyddar k\u00e4nslig information under granskning och analys. Genom detta st\u00e4rker vi projektets f\u00f6rm\u00e5ga att leverera s\u00e4kra och tillf\u00f6rlitliga processer f\u00f6r mjukvarucertifiering.<\/em><\/div>\n<\/div>\n<div>L\u00e4s mer:\u00a0<a href=\"https:\/\/cest.se\/\" target=\"_blank\" rel=\"noopener\">CEST<\/a><\/div>\n<\/div>            <\/div>\n        \n        \n        \n        \n                    <\/div>            <\/div>\n            <\/div>\n\n    <div class=\"image-column order-1 lg:order-2\">\n\n                    <div class=\"fade-up-element lg:h-full \">\n                <img decoding=\"async\" src=\"https:\/\/hyker.se\/wp-content\/uploads\/cest.webp\" alt=\"\" \/>\n                            <\/div>\n            <\/div>\n\n<\/div>    <\/div>\n\n    \n    \n    \n\n<\/section>\n\n\n\n\n\n\n<section id=\"\" class=\"image-text relative  bg-[rgb(231,245,245)] lg:px-5 custom-padding-top-m custom-padding-bottom-m mobile-custom-padding-top-s mobile-custom-padding-bottom-s\" style=\"--custom-color:rgb(231,245,245);\">\n\n    \n    <div class=\"container mx-auto \">\n        \n<div class=\"grid md:grid-cols-2 gap-10 lg:gap-14 items-center start-image-text\">\n\n    <div class=\"order-2 lg:order-2\">\n                    <div class=\" max-w-[34.06rem]\">\n                \n\n<div class=\"flex-ible flex flex-col space-y-8\">\n\n    \n    \n        \n        \n                    \n            <div class=\"flexible-heading\">\n                \n\n\n\n    <h2 class=\" break-words g-heading  \">Joakim Brorsson, PhD   &#8211; Business and development. Author of:<\/h2>\n\n                <\/div>\n                \n        \n        \n        \n        \n                    \n        \n        \n                \n                    \n            <div class=\"flexible-text\">\n                \n\n<div class=\"space-y-4 g-text \">\n    <p><a href=\"https:\/\/eprint.iacr.org\/2024\/879.pdf\" target=\"_blank\" rel=\"noopener\">Consistency-or-Die: Consistency for Key Transparency<\/a><\/p>\n<p><a href=\"https:\/\/arxiv.org\/pdf\/2006.13598\" target=\"_blank\" rel=\"noopener\">A Survey of Published Attacks on Intel SGX<\/a><\/p>\n<p><a href=\"https:\/\/lucris.lub.lu.se\/ws\/portalfiles\/portal\/80413111\/TrustBus2020_paper_11_1_.pdf\" target=\"_blank\" rel=\"noopener\">On the Suitability of Using SGX for Secure Key Storage in the Cloud<\/a><\/p>\n<\/div>            <\/div>\n        \n        \n        \n        \n                    <\/div>            <\/div>\n            <\/div>\n\n    <div class=\"image-column order-1 lg:order-1\">\n\n                    <div class=\"fade-up-element lg:h-full \">\n                <img decoding=\"async\" src=\"https:\/\/hyker.se\/wp-content\/uploads\/250206_heiker_00903_web.webp\" alt=\"\" \/>\n                            <\/div>\n            <\/div>\n\n<\/div>    <\/div>\n\n    \n    \n    \n\n<\/section>\n\n\n\n\n\n<section id=\"\" class=\"contact-person relative  text-[rgb(255,255,255)] bg-[rgb(0,51,55)] lg:px-5 custom-padding-top-m custom-padding-bottom-m mobile-custom-padding-top-s mobile-custom-padding-bottom-s\" style=\"--custom-color-contrast:rgb(255,255,255);--custom-color:rgb(0,51,55);\">\n\n    \n    <div class=\"container mx-auto max-w-global\">\n        \n<div class=\"flex flex-col md:flex-row gap-4 md:gap-12 text-center md:text-left items-center justify-start md:justify-center px-6 py-12 lg:py-20\">\n\n    <div class=\"\">\n                    <div class=\"\">\n                \n\n<img decoding=\"async\" width=\"768\" height=\"512\" src=\"https:\/\/hyker.se\/wp-content\/uploads\/250206_heiker_00903_web-768x512.webp\" class=\"h-[5rem] w-[5rem] md:h-[7rem] md:w-[7rem] object-cover rounded-full\" alt=\"\" loading=\"lazy\" sizes=\"auto\" srcset=\"https:\/\/hyker.se\/wp-content\/uploads\/250206_heiker_00903_web-768x512.webp 768w, https:\/\/hyker.se\/wp-content\/uploads\/250206_heiker_00903_web-300x200.webp 300w, https:\/\/hyker.se\/wp-content\/uploads\/250206_heiker_00903_web-1024x683.webp 1024w, https:\/\/hyker.se\/wp-content\/uploads\/250206_heiker_00903_web-150x100.webp 150w, https:\/\/hyker.se\/wp-content\/uploads\/250206_heiker_00903_web-1536x1025.webp 1536w, https:\/\/hyker.se\/wp-content\/uploads\/250206_heiker_00903_web-18x12.webp 18w, https:\/\/hyker.se\/wp-content\/uploads\/250206_heiker_00903_web.webp 2000w\" \/>            <\/div>\n            <\/div>\n    <div class=\"\">\n                    <div class=\"flexible-heading lg:text-h4-desktop font-semibold mb-2 uppercase\">\n                Vill du veta mer? Kontakta mig            <\/div>\n                            <div class=\"flexible-text mb-1 lg:text-h4-mobile lg:leading-[1.6875rem] font-medium\">\n                PhD Joakim Brorsson            <\/div>\n                            <div class=\"flexible-text mb-1 lg:text-h4-mobile lg:leading-[1.6875rem]\">\n                Business and development            <\/div>\n                            <div class=\"flexible-text mb-1 lg:text-h4-mobile lg:leading-[1.6875rem]\">\n                <a href=\"mailto:joakim.brorsson@hyker.se\" class=\"hover:underline hover:text-white\">Skicka e-post<\/a>\n            <\/div>\n            <div class=\"\">\n        \n    <\/div>\n<\/div>    <\/div>\n\n    \n    \n    \n\n<\/section>","protected":false},"excerpt":{"rendered":"","protected":false},"author":5,"featured_media":0,"parent":0,"menu_order":0,"comment_status":"closed","ping_status":"closed","template":"","meta":{"_acf_changed":false,"inline_featured_image":false,"footnotes":""},"class_list":["post-4497","page","type-page","status-publish","hentry"],"acf":[],"_links":{"self":[{"href":"https:\/\/hyker.se\/en\/wp-json\/wp\/v2\/pages\/4497","targetHints":{"allow":["GET"]}}],"collection":[{"href":"https:\/\/hyker.se\/en\/wp-json\/wp\/v2\/pages"}],"about":[{"href":"https:\/\/hyker.se\/en\/wp-json\/wp\/v2\/types\/page"}],"author":[{"embeddable":true,"href":"https:\/\/hyker.se\/en\/wp-json\/wp\/v2\/users\/5"}],"replies":[{"embeddable":true,"href":"https:\/\/hyker.se\/en\/wp-json\/wp\/v2\/comments?post=4497"}],"version-history":[{"count":18,"href":"https:\/\/hyker.se\/en\/wp-json\/wp\/v2\/pages\/4497\/revisions"}],"predecessor-version":[{"id":4570,"href":"https:\/\/hyker.se\/en\/wp-json\/wp\/v2\/pages\/4497\/revisions\/4570"}],"wp:attachment":[{"href":"https:\/\/hyker.se\/en\/wp-json\/wp\/v2\/media?parent=4497"}],"curies":[{"name":"wp","href":"https:\/\/api.w.org\/{rel}","templated":true}]}}