{"id":4361,"date":"2025-10-21T08:13:17","date_gmt":"2025-10-21T08:13:17","guid":{"rendered":"https:\/\/hyker.se\/?page_id=4361"},"modified":"2026-02-06T09:55:39","modified_gmt":"2026-02-06T09:55:39","slug":"export","status":"publish","type":"page","link":"https:\/\/hyker.se\/en\/export\/","title":{"rendered":"Export"},"content":{"rendered":"\n\n\n\n\n\n\n<section id=\"\" class=\"hero relative min-h-[20.5625rem] md:min-h-[30.04219rem] flex flex-col justify-center text-[rgb(255,255,255)] lg:px-5 custom-padding-top-m custom-padding-bottom-m mobile-custom-padding-top-s mobile-custom-padding-bottom-s\" style=\"--custom-color-contrast:rgb(255,255,255);\">\n\n    \n    <div class=\"container mx-auto \">\n        \n<div class=\"relative z-20 pt-10\">\n    <div>\n        <div class=\"mx-auto fade-down\">\n                            <div class=\"mb-7\">\n                    \n\n<div class=\"flex-ible flex flex-col \">\n\n    \n    \n        \n                                    \n        \n        \n                    \n            <div class=\"flexible-heading\">\n                \n\n\n\n    <h1 class=\" break-words g-heading  size-h3\">HYKER Export<\/h1>\n\n                <\/div>\n                \n        \n        \n        \n        \n                    \n        \n        \n                \n                    \n            <div class=\"flexible-text\">\n                \n\n<div class=\"space-y-4 g-text \">\n    <p>S\u00e4ker fildelning f\u00f6r exportkontroll<\/p>\n<\/div>            <\/div>\n        \n        \n        \n        \n                    <\/div>                <\/div>\n            \n        <\/div>\n    <\/div>\n<\/div>    <\/div>\n\n    \n                \n                            \n        \n\n<img fetchpriority=\"high\" decoding=\"async\" width=\"768\" height=\"512\" src=\"https:\/\/hyker.se\/wp-content\/uploads\/export_norrsken-768x512.webp\" class=\"w-full h-full absolute inset-0 object-center object-cover\" alt=\"Image\" loading=\"eager\" sizes=\"auto\" srcset=\"https:\/\/hyker.se\/wp-content\/uploads\/export_norrsken-768x512.webp 768w, https:\/\/hyker.se\/wp-content\/uploads\/export_norrsken-300x200.webp 300w, https:\/\/hyker.se\/wp-content\/uploads\/export_norrsken-1024x683.webp 1024w, https:\/\/hyker.se\/wp-content\/uploads\/export_norrsken-150x100.webp 150w, https:\/\/hyker.se\/wp-content\/uploads\/export_norrsken-18x12.webp 18w, https:\/\/hyker.se\/wp-content\/uploads\/export_norrsken.webp 1536w\" \/>    \n            <div class=\"absolute inset-0 bg-black bg-opacity-20 lg:max-h-full z-10 w-full h-full\"><\/div>\n    \n    \n\n<\/section>\n\n\n\n\n\n<section id=\"\" class=\"simple-block relative  lg:px-5 custom-padding-top-m custom-padding-bottom-m mobile-custom-padding-top-m mobile-custom-padding-bottom-s\" style=\"\">\n\n    \n    <div class=\"container mx-auto max-w-global\">\n        \n<div>\n            <div class=\"relative z-20 max-w-[60rem] mx-auto\">\n            \n\n<div class=\"flex-ible flex flex-col space-y-8 text-center\">\n\n    \n    \n        \n        \n                \n                    \n            <div class=\"flexible-text\">\n                \n\n<div class=\"space-y-4 g-text \">\n    <p><b><span data-olk-copy-source=\"MessageBody\">Med HYKER Export f\u00e5r ni ett regelverk f\u00f6r exportkontroll och en end-to-end krypterad yta f\u00f6r att dela information enkelt och s\u00e4kert. \u00a0<\/span><\/b><br \/>\nTj\u00e4nsten ger er en s\u00e4ker yta, d\u00e4r ni sj\u00e4lva kan skapa separata s\u00e4kra zoner f\u00f6r olika verksamhetsomr\u00e5den, projekt eller samarbetsparter.<b>\u00a0<\/b>Varje zon \u00e4r isolerad och uppfyller h\u00f6gt st\u00e4llda krav p\u00e5 informationss\u00e4kerhet. H\u00e4r kan ni lagra och dela exportkontrollerade dokument med tydliga kontrollfl\u00f6den, internt och externt utan att kompromissa p\u00e5 s\u00e4kerhet och enkelhet.<\/p>\n<\/div>            <\/div>\n        \n        \n        \n        \n                    <\/div>        <\/div>\n    <\/div>    <\/div>\n\n    \n    \n    \n\n<\/section>\n\n\n\n\n\n\n<section id=\"\" class=\"grid relative  text-[rgb(0,51,55)] bg-[rgb(255,255,255)] lg:px-5 custom-padding-top-m custom-padding-bottom-m mobile-custom-padding-top-xs mobile-custom-padding-bottom-s\" style=\"--custom-color-contrast:rgb(0,51,55);--custom-color:rgb(255,255,255);\">\n\n    \n    <div class=\"container mx-auto \">\n        \n\n\n<div class=\"grid-items grid md:grid-cols-3 grid-3-cols xl:gap-x-0 gap-x-10 gap-y-10\">\n            <div class=\"grid-item xl:py-10 xl:pl-10 xl:pr-5\">\n                            <div class=\"flexible-heading text-[1.8rem] font-semibold mb-5\">\n                    S\u00e4ker filhantering                <\/div>\n                                        <div class=\"flexible-text mb-4 md:text-[21px]\">\n                    Dela exportkontrollerad infomation med end-to-end-kryptering i s\u00e4kra zoner.                <\/div>\n                    <\/div>\n            <div class=\"grid-item xl:py-10 xl:pl-10 xl:pr-5\">\n                            <div class=\"flexible-heading text-[1.8rem] font-semibold mb-5\">\n                    Kontrollfl\u00f6den                <\/div>\n                                        <div class=\"flexible-text mb-4 md:text-[21px]\">\n                    Varje steg kontrolleras f\u00f6r att g\u00f6ra din export s\u00e4ker.                <\/div>\n                    <\/div>\n            <div class=\"grid-item xl:py-10 xl:pl-10 xl:pr-5\">\n                            <div class=\"flexible-heading text-[1.8rem] font-semibold mb-5\">\n                    Exporttillst\u00e5nd och sp\u00e5rbarhet                <\/div>\n                                        <div class=\"flexible-text mb-4 md:text-[21px]\">\n                    Hantera och dokumentera exporttillst\u00e5nd (individuella, globala, generella). Koppla filer till tillst\u00e5ndsnummer och giltighetstid.                <\/div>\n                    <\/div>\n            <div class=\"grid-item xl:py-10 xl:pl-10 xl:pr-5\">\n                            <div class=\"flexible-heading text-[1.8rem] font-semibold mb-5\">\n                    Beh\u00f6righeter                <\/div>\n                                        <div class=\"flexible-text mb-4 md:text-[21px]\">\n                    Anpassningsbara beh\u00f6righeter och arbetsfl\u00f6den f\u00f6r att matcha era interna processer.                 <\/div>\n                    <\/div>\n            <div class=\"grid-item xl:py-10 xl:pl-10 xl:pr-5\">\n                            <div class=\"flexible-heading text-[1.8rem] font-semibold mb-5\">\n                    Exportlogg                <\/div>\n                                        <div class=\"flexible-text mb-4 md:text-[21px]\">\n                    Fullst\u00e4ndig loggning av alla h\u00e4ndelser.                <\/div>\n                    <\/div>\n            <div class=\"grid-item xl:py-10 xl:pl-10 xl:pr-5\">\n                            <div class=\"flexible-heading text-[1.8rem] font-semibold mb-5\">\n                    Administration                <\/div>\n                                        <div class=\"flexible-text mb-4 md:text-[21px]\">\n                    Hantera exportlicenser och beh\u00f6righeter p\u00e5 ett tryggt s\u00e4tt                <\/div>\n                    <\/div>\n    <\/div>    <\/div>\n\n    \n    \n    \n\n<\/section>\n\n\n\n\n\n\n<section id=\"\" class=\"simple-hero relative flex flex-col justify-center text-[rgb(255,255,255)] bg-[rgb(255,255,255)] lg:px-5 custom-padding-top-l custom-padding-bottom-l mobile-custom-padding-top-m mobile-custom-padding-bottom-m\" style=\"--custom-color-contrast:rgb(255,255,255);--custom-color:rgb(255,255,255);\">\n\n    \n    <div class=\"container mx-auto \">\n        \n<div class=\"relative z-20\">\n    <div>\n        <div class=\"mx-auto fade-down-element\">\n                            <div class=\"mb-7\">\n                    \n\n<div class=\"flex-ible flex flex-col \">\n\n    \n    \n        \n        \n                    \n            <div class=\"flexible-heading\">\n                \n\n\n\n    <h2 class=\" break-words g-heading  size-h1\">Trygg exportkontroll<\/h2>\n\n                <\/div>\n                \n        \n        \n        \n        \n                    <\/div>                <\/div>\n            \n        <\/div>\n    <\/div>\n<\/div>    <\/div>\n\n    \n                \n        \n        \n\n<img decoding=\"async\" width=\"768\" height=\"346\" src=\"https:\/\/hyker.se\/wp-content\/uploads\/index-768x346.webp\" class=\"w-full h-full absolute inset-0 object-center object-cover\" alt=\"Image\" loading=\"lazy\" sizes=\"auto\" srcset=\"https:\/\/hyker.se\/wp-content\/uploads\/index-768x346.webp 768w, https:\/\/hyker.se\/wp-content\/uploads\/index-300x135.webp 300w, https:\/\/hyker.se\/wp-content\/uploads\/index-1024x461.webp 1024w, https:\/\/hyker.se\/wp-content\/uploads\/index-150x68.webp 150w, https:\/\/hyker.se\/wp-content\/uploads\/index-1536x691.webp 1536w, https:\/\/hyker.se\/wp-content\/uploads\/index-png.webp 1920w\" \/>    \n            <div class=\"absolute inset-0 bg-black bg-opacity-20 lg:max-h-full z-10 w-full h-full\"><\/div>\n    \n    \n\n<\/section>\n\n\n\n\n\n\n<section id=\"\" class=\"image-text relative  bg-[rgb(196,230,230)] lg:px-5 custom-padding-top-m custom-padding-bottom-m mobile-custom-padding-top-s mobile-custom-padding-bottom-0\" style=\"--custom-color:rgb(196,230,230);\">\n\n    \n    <div class=\"container mx-auto \">\n        \n<div class=\"grid md:grid-cols-2 gap-10 lg:gap-14 items-center start-image-text\">\n\n    <div class=\"order-2 lg:order-2\">\n                    <div class=\" max-w-[34.06rem]\">\n                \n\n<div class=\"flex-ible flex flex-col space-y-8\">\n\n    \n    \n        \n        \n                    \n            <div class=\"flexible-heading\">\n                \n\n\n\n    <h2 class=\" break-words g-heading  size-h2\">S\u00e4ker anv\u00e4ndning med end-to-end-kryptering<\/h2>\n\n                <\/div>\n                \n        \n        \n        \n        \n                    \n        \n        \n                \n        \n        \n        \n                    \n            <ul class=\"flex-list space-y-1\">\n                                                            <li class=\"flex items-center gap-3\">\n                            <svg xmlns=\"http:\/\/www.w3.org\/2000\/svg\" width=\"20\" height=\"20\" viewBox=\"0 0 20 20\" fill=\"none\">\n                                <rect width=\"20.01\" height=\"20.01\" rx=\"10.005\" fill=\"#5E4F98\" \/>\n                                <path d=\"M6 10.2032L8.24752 12.5099C8.40457 12.671 8.66362 12.671 8.82067 12.5099L13.6023 7.60242\" stroke=\"white\" stroke-width=\"1.60048\" stroke-linecap=\"round\" \/>\n                            <\/svg>\n                            <span class=\"text-sm lg:text-base\">Dedikerad tj\u00e4nst f\u00f6r exportkontroll i ditt vardagliga arbete<\/span>\n                        <\/li>\n                                                                                <li class=\"flex items-center gap-3\">\n                            <svg xmlns=\"http:\/\/www.w3.org\/2000\/svg\" width=\"20\" height=\"20\" viewBox=\"0 0 20 20\" fill=\"none\">\n                                <rect width=\"20.01\" height=\"20.01\" rx=\"10.005\" fill=\"#5E4F98\" \/>\n                                <path d=\"M6 10.2032L8.24752 12.5099C8.40457 12.671 8.66362 12.671 8.82067 12.5099L13.6023 7.60242\" stroke=\"white\" stroke-width=\"1.60048\" stroke-linecap=\"round\" \/>\n                            <\/svg>\n                            <span class=\"text-sm lg:text-base\">V\u00e4gleder dig genom varje steg f\u00f6r exportkontroll<\/span>\n                        <\/li>\n                                                                                <li class=\"flex items-center gap-3\">\n                            <svg xmlns=\"http:\/\/www.w3.org\/2000\/svg\" width=\"20\" height=\"20\" viewBox=\"0 0 20 20\" fill=\"none\">\n                                <rect width=\"20.01\" height=\"20.01\" rx=\"10.005\" fill=\"#5E4F98\" \/>\n                                <path d=\"M6 10.2032L8.24752 12.5099C8.40457 12.671 8.66362 12.671 8.82067 12.5099L13.6023 7.60242\" stroke=\"white\" stroke-width=\"1.60048\" stroke-linecap=\"round\" \/>\n                            <\/svg>\n                            <span class=\"text-sm lg:text-base\">Rollbaserad \u00e5tkomstkontroll<\/span>\n                        <\/li>\n                                                <\/ul>\n        \n                    \n        \n        \n                \n                    \n            <div class=\"flexible-text\">\n                \n\n<div class=\"space-y-4 g-text \">\n    <p><strong>HYKER Export<\/strong>\u00a0\u00e4r utvecklad f\u00f6r att m\u00f6ta de unika behoven hos f\u00f6retag inom branscher d\u00e4r exportkontroll \u00e4r avg\u00f6rande. Tj\u00e4nsten bygger p\u00e5 HYKER Share och erbjuder nu specialanpassade funktioner f\u00f6r att hantera och dela k\u00e4nslig information enligt g\u00e4llande regelverk \u2013 oavsett om det g\u00e4ller f\u00f6rsvarsindustrin, avancerad tillverkning, teknik, eller life science.<\/p>\n<\/div>            <\/div>\n        \n        \n        \n        \n                    <\/div>            <\/div>\n            <\/div>\n\n    <div class=\"image-column order-1 lg:order-1\">\n\n                    <div class=\"fade-up-element lg:h-full relative\">\n                <img decoding=\"async\" src=\"https:\/\/hyker.se\/wp-content\/uploads\/Screenshot-from-2026-01-28-11-18-37.webp\" alt=\"\" \/>\n                                    <div class=\"absolute right-0 bottom-0 text-white p-4 italic\">\n                        Vill du veta mer?                     <\/div>\n                            <\/div>\n            <\/div>\n\n<\/div>    <\/div>\n\n    \n    \n    \n\n<\/section>\n\n\n\n\n\n<section id=\"\" class=\"contact-person relative  text-[rgb(255,255,255)] bg-[rgb(0,51,55)] lg:px-5 custom-padding-top-m custom-padding-bottom-m mobile-custom-padding-top-s mobile-custom-padding-bottom-s\" style=\"--custom-color-contrast:rgb(255,255,255);--custom-color:rgb(0,51,55);\">\n\n    \n    <div class=\"container mx-auto max-w-global\">\n        \n<div class=\"flex flex-col md:flex-row gap-4 md:gap-12 text-center md:text-left items-center justify-start md:justify-center px-6 py-12 lg:py-20\">\n\n    <div class=\"\">\n                    <div class=\"\">\n                \n\n<img decoding=\"async\" width=\"768\" height=\"512\" src=\"https:\/\/hyker.se\/wp-content\/uploads\/250206_heiker_01555_web-768x512.webp\" class=\"h-[5rem] w-[5rem] md:h-[7rem] md:w-[7rem] object-cover rounded-full\" alt=\"\" loading=\"lazy\" sizes=\"auto\" srcset=\"https:\/\/hyker.se\/wp-content\/uploads\/250206_heiker_01555_web-768x512.webp 768w, https:\/\/hyker.se\/wp-content\/uploads\/250206_heiker_01555_web-300x200.webp 300w, https:\/\/hyker.se\/wp-content\/uploads\/250206_heiker_01555_web-1024x683.webp 1024w, https:\/\/hyker.se\/wp-content\/uploads\/250206_heiker_01555_web-150x100.webp 150w, https:\/\/hyker.se\/wp-content\/uploads\/250206_heiker_01555_web-1536x1025.webp 1536w, https:\/\/hyker.se\/wp-content\/uploads\/250206_heiker_01555_web-18x12.webp 18w, https:\/\/hyker.se\/wp-content\/uploads\/250206_heiker_01555_web.webp 2000w\" \/>            <\/div>\n            <\/div>\n    <div class=\"\">\n                    <div class=\"flexible-heading lg:text-h4-desktop font-semibold mb-2 uppercase\">\n                Vill du veta mer? Kontakta mig            <\/div>\n                            <div class=\"flexible-text mb-1 lg:text-h4-mobile lg:leading-[1.6875rem] font-medium\">\n                Johannes Samuelsson            <\/div>\n                            <div class=\"flexible-text mb-1 lg:text-h4-mobile lg:leading-[1.6875rem]\">\n                Head of Business Area Services            <\/div>\n                            <div class=\"flexible-text mb-1 lg:text-h4-mobile lg:leading-[1.6875rem]\">\n                <a href=\"mailto:Johannes.samuelsson@hyker.se\" class=\"hover:underline hover:text-white\">Skicka e-post<\/a>\n            <\/div>\n            <div class=\"\">\n        \n    <\/div>\n<\/div>    <\/div>\n\n    \n    \n    \n\n<\/section>","protected":false},"excerpt":{"rendered":"","protected":false},"author":5,"featured_media":0,"parent":0,"menu_order":0,"comment_status":"closed","ping_status":"closed","template":"","meta":{"_acf_changed":false,"inline_featured_image":false,"footnotes":""},"class_list":["post-4361","page","type-page","status-publish","hentry"],"acf":[],"_links":{"self":[{"href":"https:\/\/hyker.se\/en\/wp-json\/wp\/v2\/pages\/4361","targetHints":{"allow":["GET"]}}],"collection":[{"href":"https:\/\/hyker.se\/en\/wp-json\/wp\/v2\/pages"}],"about":[{"href":"https:\/\/hyker.se\/en\/wp-json\/wp\/v2\/types\/page"}],"author":[{"embeddable":true,"href":"https:\/\/hyker.se\/en\/wp-json\/wp\/v2\/users\/5"}],"replies":[{"embeddable":true,"href":"https:\/\/hyker.se\/en\/wp-json\/wp\/v2\/comments?post=4361"}],"version-history":[{"count":43,"href":"https:\/\/hyker.se\/en\/wp-json\/wp\/v2\/pages\/4361\/revisions"}],"predecessor-version":[{"id":4544,"href":"https:\/\/hyker.se\/en\/wp-json\/wp\/v2\/pages\/4361\/revisions\/4544"}],"wp:attachment":[{"href":"https:\/\/hyker.se\/en\/wp-json\/wp\/v2\/media?parent=4361"}],"curies":[{"name":"wp","href":"https:\/\/api.w.org\/{rel}","templated":true}]}}