{"id":4315,"date":"2025-09-25T07:41:30","date_gmt":"2025-09-25T07:41:30","guid":{"rendered":"https:\/\/hyker.se\/?page_id=4315"},"modified":"2025-10-21T10:58:31","modified_gmt":"2025-10-21T10:58:31","slug":"cdr","status":"publish","type":"page","link":"https:\/\/hyker.se\/en\/cdr\/","title":{"rendered":"HYKER CDR"},"content":{"rendered":"\n\n\n\n\n\n\n<section id=\"\" class=\"hero relative min-h-[20.5625rem] md:min-h-[30.04219rem] flex flex-col justify-center text-[rgb(255,255,255)] lg:px-5 custom-padding-top-m custom-padding-bottom-m mobile-custom-padding-top-s mobile-custom-padding-bottom-s\" style=\"--custom-color-contrast:rgb(255,255,255);\">\n\n    \n    <div class=\"container mx-auto \">\n        \n<div class=\"relative z-20 pt-10\">\n    <div>\n        <div class=\"mx-auto fade-down\">\n                            <div class=\"mb-7\">\n                    \n\n<div class=\"flex-ible flex flex-col \">\n\n    \n    \n        \n                                    \n        \n        \n                    \n            <div class=\"flexible-heading\">\n                \n\n\n\n    <h1 class=\" break-words g-heading  size-h3\">HYKER CDR <\/h1>\n\n                <\/div>\n                \n        \n        \n        \n        \n                    \n        \n        \n                \n                    \n            <div class=\"flexible-text\">\n                \n\n<div class=\"space-y-4 g-text \">\n    <p>Content Disarm and Reconstruction (CDR)<\/p>\n<\/div>            <\/div>\n        \n        \n        \n        \n                    <\/div>                <\/div>\n            \n        <\/div>\n    <\/div>\n<\/div>    <\/div>\n\n    \n                \n                            \n        \n\n<img fetchpriority=\"high\" decoding=\"async\" width=\"768\" height=\"278\" src=\"https:\/\/hyker.se\/wp-content\/uploads\/share-768x278.webp\" class=\"w-full h-full absolute inset-0 object-center object-cover\" alt=\"Image\" loading=\"eager\" sizes=\"auto\" srcset=\"https:\/\/hyker.se\/wp-content\/uploads\/share-768x278.webp 768w, https:\/\/hyker.se\/wp-content\/uploads\/share-300x109.webp 300w, https:\/\/hyker.se\/wp-content\/uploads\/share-1024x371.webp 1024w, https:\/\/hyker.se\/wp-content\/uploads\/share-150x54.webp 150w, https:\/\/hyker.se\/wp-content\/uploads\/share-1536x557.webp 1536w, https:\/\/hyker.se\/wp-content\/uploads\/share-png.webp 1931w\" \/>    \n            <div class=\"absolute inset-0 bg-black bg-opacity-20 lg:max-h-full z-10 w-full h-full\"><\/div>\n    \n    \n\n<\/section>\n\n\n\n\n\n<section id=\"\" class=\"simple-block relative  lg:px-5 custom-padding-top-m custom-padding-bottom-m mobile-custom-padding-top-m mobile-custom-padding-bottom-s\" style=\"\">\n\n    \n    <div class=\"container mx-auto max-w-global\">\n        \n<div>\n            <div class=\"relative z-20 max-w-[60rem] mx-auto\">\n            \n\n<div class=\"flex-ible flex flex-col space-y-8 text-center\">\n\n    \n    \n        \n        \n                \n                    \n            <div class=\"flexible-text\">\n                \n\n<div class=\"space-y-4 g-text \">\n    <p>Content Disarm and Reconstruction (CDR) \u00e4r en avancerad cybers\u00e4kerhetsteknik fr\u00e5n\u00a0<a href=\"https:\/\/www.glasswall.com\/\" target=\"_blank\" rel=\"noopener\">Glasswall<\/a> som \u00e4r utformad f\u00f6r att neutralisera hot, s\u00e5som skadlig kod och ransomware, i filer.<\/p>\n<\/div>            <\/div>\n        \n        \n        \n        \n                    <\/div>        <\/div>\n    <\/div>    <\/div>\n\n    \n    \n    \n\n<\/section>\n\n\n\n\n\n\n<section id=\"\" class=\"grid relative  lg:px-5 custom-padding-top-m custom-padding-bottom-m mobile-custom-padding-top-xs mobile-custom-padding-bottom-s\" style=\"\">\n\n    \n    <div class=\"container mx-auto \">\n        \n\n\n<div class=\"grid-items grid md:grid-cols-2 grid-2-cols xl:gap-x-0 gap-x-10 gap-y-10\">\n            <div class=\"grid-item xl:py-10 xl:pl-10 xl:pr-5\">\n                            <div class=\"flexible-heading text-[1.8rem] font-semibold mb-5\">\n                    CDR tar bort hot fr\u00e5n filer.                <\/div>\n                                        <div class=\"flexible-text mb-4 md:text-[21px]\">\n                    CDR \u00e4r ett dataskyddsfilter baserat p\u00e5 zero-trust-principen som \u00e5terskapar filer och dokument i ett s\u00e4kert och rent format \u2013 fritt fr\u00e5n risken f\u00f6r skadlig kod.\r\nCDR f\u00f6rhindrar att skadliga filer tar sig in i n\u00e4tverket och anv\u00e4nds f\u00f6r s\u00e4ker fil\u00f6verf\u00f6ring \u00f6ver olika s\u00e4kerhetsgr\u00e4nser.                <\/div>\n                    <\/div>\n            <div class=\"grid-item xl:py-10 xl:pl-10 xl:pr-5\">\n                            <div class=\"flexible-heading text-[1.8rem] font-semibold mb-5\">\n                    CDR \u00e4r s\u00e4krare \u00e4n antivirus och sandboxing.                <\/div>\n                                        <div class=\"flexible-text mb-4 md:text-[21px]\">\n                    Till skillnad fr\u00e5n l\u00f6sningar som bygger p\u00e5 identifiering f\u00f6rs\u00f6ker CDR inte uppt\u00e4cka skadlig kod \u2013 den tar helt enkelt bort m\u00f6jligheten f\u00f6r den att existera.\r\nDenna zero-trust-strategi oskadligg\u00f6r ofta f\u00f6rbisedda avancerade hot, s\u00e5som zero-day-skadlig kod, aktiv kod med h\u00f6g risk och avvikelser i filers struktur.                <\/div>\n                    <\/div>\n            <div class=\"grid-item xl:py-10 xl:pl-10 xl:pr-5\">\n                            <div class=\"flexible-heading text-[1.8rem] font-semibold mb-5\">\n                    CDR beh\u00e5ller filens funktionalitet.                <\/div>\n                                        <div class=\"flexible-text mb-4 md:text-[21px]\">\n                    M\u00e5nga konventionella datafilter plattar ut filer (g\u00f6r dem till bilder) f\u00f6r anv\u00e4ndning i h\u00f6g riskmilj\u00f6er. Filer som rensas av CDR \u00e4r visuellt identiska och fullt fungerande.                <\/div>\n                    <\/div>\n            <div class=\"grid-item xl:py-10 xl:pl-10 xl:pr-5\">\n                            <div class=\"flexible-heading text-[1.8rem] font-semibold mb-5\">\n                    CDR hj\u00e4lper team att hantera risker                <\/div>\n                                        <div class=\"flexible-text mb-4 md:text-[21px]\">\n                    CDR erbjuder organisationer en omfattande analys av hoten inom filer, vilket g\u00f6r det m\u00f6jligt f\u00f6r s\u00e4kerhetsteamen att ta bort eller hantera h\u00f6griskinneh\u00e5ll i enlighet med deras riskaptit.                <\/div>\n                    <\/div>\n    <\/div>    <\/div>\n\n    \n    \n    \n\n<\/section>\n\n\n\n\n\n\n<section id=\"\" class=\"low-boxes relative  lg:px-5 custom-padding-top-m custom-padding-bottom-m mobile-custom-padding-top-s mobile-custom-padding-bottom-s\" style=\"\">\n\n    \n    <div class=\"container mx-auto \">\n        \n\n\n    <div class=\"max-w-[49.4375rem] mx-auto\">\n            <\/div>\n\n\n<div class=\"grid-items grid md:grid-cols-2 grid-2-cols xl:gap-x-0 gap-x-10 md:gap-y-10\">\n            <div class=\"grid-item px-10  min-h-[19.4375rem] flex flex-col justify-center text-center\">\n\n            <div class=\"mb-6\">\n                                    \n\n<img decoding=\"async\" width=\"400\" height=\"401\" src=\"https:\/\/hyker.se\/wp-content\/uploads\/icon-CDRinspect_2022_lighter.webp\" class=\"w-auto h-[6rem] mx-auto object-contain\" alt=\"Image\" loading=\"lazy\" sizes=\"auto\" srcset=\"https:\/\/hyker.se\/wp-content\/uploads\/icon-CDRinspect_2022_lighter.webp 400w, https:\/\/hyker.se\/wp-content\/uploads\/icon-CDRinspect_2022_lighter-300x300.webp 300w, https:\/\/hyker.se\/wp-content\/uploads\/icon-CDRinspect_2022_lighter-150x150.webp 150w, https:\/\/hyker.se\/wp-content\/uploads\/icon-CDRinspect_2022_lighter-12x12.webp 12w\" \/>                            <\/div>\n\n                            <div class=\"flexible-heading lg:text-h4-desktop font-semibold mb-4 uppercase\">\n                    1. Inspektera                <\/div>\n                                        <div class=\"flexible-text mb-4  lg:text-h4-mobile lg:leading-[1.6875rem]\">\n                    \n\n<div class=\"space-y-4 g-text \">\n    <p>Bryter ner filen i sina best\u00e5ndsdelar och validerar dess struktur mot specifikationen.<\/p>\n<\/div>                <\/div>\n                    <\/div>\n            <div class=\"grid-item px-10  min-h-[19.4375rem] flex flex-col justify-center text-center\">\n\n            <div class=\"mb-6\">\n                                    \n\n<img decoding=\"async\" width=\"401\" height=\"400\" src=\"https:\/\/hyker.se\/wp-content\/uploads\/icon-CDRrebuild_2022.webp\" class=\"w-auto h-[6rem] mx-auto object-contain\" alt=\"Image\" loading=\"lazy\" sizes=\"auto\" srcset=\"https:\/\/hyker.se\/wp-content\/uploads\/icon-CDRrebuild_2022.webp 401w, https:\/\/hyker.se\/wp-content\/uploads\/icon-CDRrebuild_2022-300x300.webp 300w, https:\/\/hyker.se\/wp-content\/uploads\/icon-CDRrebuild_2022-150x150.webp 150w, https:\/\/hyker.se\/wp-content\/uploads\/icon-CDRrebuild_2022-12x12.webp 12w\" \/>                            <\/div>\n\n                            <div class=\"flexible-heading lg:text-h4-desktop font-semibold mb-4 uppercase\">\n                    2. \u00c5terskapa                <\/div>\n                                        <div class=\"flexible-text mb-4  lg:text-h4-mobile lg:leading-[1.6875rem]\">\n                    \n\n<div class=\"space-y-4 g-text \">\n    <p>Ok\u00e4nda och ogiltiga filstrukturer repareras i enlighet med filens specifikation.<\/p>\n<\/div>                <\/div>\n                    <\/div>\n            <div class=\"grid-item px-10  min-h-[19.4375rem] flex flex-col justify-center text-center\">\n\n            <div class=\"mb-6\">\n                                    \n\n<img decoding=\"async\" width=\"401\" height=\"400\" src=\"https:\/\/hyker.se\/wp-content\/uploads\/icon-CDRclean_2022.webp\" class=\"w-auto h-[6rem] mx-auto object-contain\" alt=\"Image\" loading=\"lazy\" sizes=\"auto\" srcset=\"https:\/\/hyker.se\/wp-content\/uploads\/icon-CDRclean_2022.webp 401w, https:\/\/hyker.se\/wp-content\/uploads\/icon-CDRclean_2022-300x300.webp 300w, https:\/\/hyker.se\/wp-content\/uploads\/icon-CDRclean_2022-150x150.webp 150w, https:\/\/hyker.se\/wp-content\/uploads\/icon-CDRclean_2022-12x12.webp 12w\" \/>                            <\/div>\n\n                            <div class=\"flexible-heading lg:text-h4-desktop font-semibold mb-4 uppercase\">\n                    3. Tv\u00e4tta                <\/div>\n                                        <div class=\"flexible-text mb-4  lg:text-h4-mobile lg:leading-[1.6875rem]\">\n                    \n\n<div class=\"space-y-4 g-text \">\n    <p>H\u00f6griskstrukturer som inneh\u00e5ller aktivt inneh\u00e5ll tas bort, baserat p\u00e5 konfigurerbar policy.<\/p>\n<\/div>                <\/div>\n                    <\/div>\n            <div class=\"grid-item px-10  min-h-[19.4375rem] flex flex-col justify-center text-center\">\n\n            <div class=\"mb-6\">\n                                    \n\n<img decoding=\"async\" width=\"401\" height=\"400\" src=\"https:\/\/hyker.se\/wp-content\/uploads\/icon-CDRdeliver_2022-1.webp\" class=\"w-auto h-[6rem] mx-auto object-contain\" alt=\"Image\" loading=\"lazy\" sizes=\"auto\" srcset=\"https:\/\/hyker.se\/wp-content\/uploads\/icon-CDRdeliver_2022-1.webp 401w, https:\/\/hyker.se\/wp-content\/uploads\/icon-CDRdeliver_2022-1-300x300.webp 300w, https:\/\/hyker.se\/wp-content\/uploads\/icon-CDRdeliver_2022-1-150x150.webp 150w, https:\/\/hyker.se\/wp-content\/uploads\/icon-CDRdeliver_2022-1-12x12.webp 12w\" \/>                            <\/div>\n\n                            <div class=\"flexible-heading lg:text-h4-desktop font-semibold mb-4 uppercase\">\n                    4. Leverera                <\/div>\n                                        <div class=\"flexible-text mb-4  lg:text-h4-mobile lg:leading-[1.6875rem]\">\n                    \n\n<div class=\"space-y-4 g-text \">\n    <p>Semantiska kontroller s\u00e4kerst\u00e4ller filens integritet. Den s\u00e4kra, fullt funktionella filen \u00e4r redo att anv\u00e4ndas.<\/p>\n<\/div>                <\/div>\n                    <\/div>\n    <\/div>    <\/div>\n\n    \n    \n    \n\n<\/section>\n\n\n\n\n\n\n<section id=\"\" class=\"image-text relative  bg-[rgb(255,255,255)] lg:px-5 custom-padding-top-m custom-padding-bottom-m mobile-custom-padding-top-s mobile-custom-padding-bottom-s\" style=\"--custom-color:rgb(255,255,255);\">\n\n    \n    <div class=\"container mx-auto \">\n        \n<div class=\"grid md:grid-cols-2 gap-10 lg:gap-14 items-center start-image-text\">\n\n    <div class=\"order-2 lg:order-2\">\n                    <div class=\" max-w-[34.06rem]\">\n                \n\n<div class=\"flex-ible flex flex-col space-y-8\">\n\n    \n    \n        \n        \n                    \n            <div class=\"flexible-heading\">\n                \n\n\n\n    <h2 class=\" break-words g-heading  size-h2\">Om Glasswall<\/h2>\n\n                <\/div>\n                \n        \n        \n        \n        \n                    \n        \n        \n                \n                    \n            <div class=\"flexible-text\">\n                \n\n<div class=\"space-y-4 g-text \">\n    <p><b>HYKER \u00e4r stolta \u00f6ver partnerskapet med <a href=\"https:\/\/www.glasswall.com\/\" target=\"_blank\" rel=\"noopener\">Glasswall<\/a>, som \u00e4r ett cybers\u00e4kerhetsf\u00f6retag som m\u00f6jligg\u00f6r f\u00f6r organisationer att verka s\u00e4kert genom att skydda deras data och n\u00e4tverk med intelligent filskydd. I sin k\u00e4rna kombinerar Glasswalls teknik Zero Trust Content Disarm and Reconstruction (CDR) med AI-driven hotdetektering, som \u00e4r unikt utformad f\u00f6r att ta bort, f\u00f6ruts\u00e4ga och motverka ok\u00e4nda hot.<\/b><\/p>\n<\/div>            <\/div>\n        \n        \n        \n        \n                    <\/div>            <\/div>\n            <\/div>\n\n    <div class=\"image-column order-1 lg:order-1\">\n\n                    <div class=\"fade-up-element lg:h-full \">\n                <img decoding=\"async\" src=\"https:\/\/hyker.se\/wp-content\/uploads\/GW-logo-over-layers-sqare.webp\" alt=\"\" \/>\n                            <\/div>\n            <\/div>\n\n<\/div>    <\/div>\n\n    \n    \n    \n\n<\/section>\n\n\n\n\n\n<section id=\"\" class=\"contact-person relative  text-[rgb(255,255,255)] bg-[rgb(0,51,55)] lg:px-5 custom-padding-top-m custom-padding-bottom-m mobile-custom-padding-top-s mobile-custom-padding-bottom-s\" style=\"--custom-color-contrast:rgb(255,255,255);--custom-color:rgb(0,51,55);\">\n\n    \n    <div class=\"container mx-auto max-w-global\">\n        \n<div class=\"flex flex-col md:flex-row gap-4 md:gap-12 text-center md:text-left items-center justify-start md:justify-center px-6 py-12 lg:py-20\">\n\n    <div class=\"\">\n                    <div class=\"\">\n                \n\n<img decoding=\"async\" width=\"768\" height=\"687\" src=\"https:\/\/hyker.se\/wp-content\/uploads\/250206_heiker_01555_web-1-e1740056661382-768x687.webp\" class=\"h-[5rem] w-[5rem] md:h-[7rem] md:w-[7rem] object-cover rounded-full\" alt=\"\" loading=\"lazy\" sizes=\"auto\" srcset=\"https:\/\/hyker.se\/wp-content\/uploads\/250206_heiker_01555_web-1-e1740056661382-768x687.webp 768w, https:\/\/hyker.se\/wp-content\/uploads\/250206_heiker_01555_web-1-e1740056661382-300x269.webp 300w, https:\/\/hyker.se\/wp-content\/uploads\/250206_heiker_01555_web-1-e1740056661382-1024x917.webp 1024w, https:\/\/hyker.se\/wp-content\/uploads\/250206_heiker_01555_web-1-e1740056661382-150x134.webp 150w, https:\/\/hyker.se\/wp-content\/uploads\/250206_heiker_01555_web-1-e1740056661382-13x12.webp 13w, https:\/\/hyker.se\/wp-content\/uploads\/250206_heiker_01555_web-1-e1740056661382.webp 1486w\" \/>            <\/div>\n            <\/div>\n    <div class=\"\">\n                    <div class=\"flexible-heading lg:text-h4-desktop font-semibold mb-2 uppercase\">\n                Vill du veta mer? Kontakta mig            <\/div>\n                            <div class=\"flexible-text mb-1 lg:text-h4-mobile lg:leading-[1.6875rem] font-medium\">\n                Johannes Samuelsson            <\/div>\n                            <div class=\"flexible-text mb-1 lg:text-h4-mobile lg:leading-[1.6875rem]\">\n                Head of Business Area Services            <\/div>\n                            <div class=\"flexible-text mb-1 lg:text-h4-mobile lg:leading-[1.6875rem]\">\n                <a href=\"mailto:johannes.samuelsson@hyker.se\" class=\"hover:underline hover:text-white\">Skicka e-post<\/a>\n            <\/div>\n            <div class=\"\">\n        \n    <\/div>\n<\/div>    <\/div>\n\n    \n    \n    \n\n<\/section>","protected":false},"excerpt":{"rendered":"","protected":false},"author":5,"featured_media":0,"parent":0,"menu_order":0,"comment_status":"closed","ping_status":"closed","template":"","meta":{"_acf_changed":false,"inline_featured_image":false,"footnotes":""},"class_list":["post-4315","page","type-page","status-publish","hentry"],"acf":[],"_links":{"self":[{"href":"https:\/\/hyker.se\/en\/wp-json\/wp\/v2\/pages\/4315","targetHints":{"allow":["GET"]}}],"collection":[{"href":"https:\/\/hyker.se\/en\/wp-json\/wp\/v2\/pages"}],"about":[{"href":"https:\/\/hyker.se\/en\/wp-json\/wp\/v2\/types\/page"}],"author":[{"embeddable":true,"href":"https:\/\/hyker.se\/en\/wp-json\/wp\/v2\/users\/5"}],"replies":[{"embeddable":true,"href":"https:\/\/hyker.se\/en\/wp-json\/wp\/v2\/comments?post=4315"}],"version-history":[{"count":37,"href":"https:\/\/hyker.se\/en\/wp-json\/wp\/v2\/pages\/4315\/revisions"}],"predecessor-version":[{"id":4470,"href":"https:\/\/hyker.se\/en\/wp-json\/wp\/v2\/pages\/4315\/revisions\/4470"}],"wp:attachment":[{"href":"https:\/\/hyker.se\/en\/wp-json\/wp\/v2\/media?parent=4315"}],"curies":[{"name":"wp","href":"https:\/\/api.w.org\/{rel}","templated":true}]}}