{"id":4273,"date":"2025-08-25T09:51:19","date_gmt":"2025-08-25T09:51:19","guid":{"rendered":"https:\/\/hyker.se\/?page_id=4273"},"modified":"2025-10-10T08:20:26","modified_gmt":"2025-10-10T08:20:26","slug":"ledning","status":"publish","type":"page","link":"https:\/\/hyker.se\/en\/ledning\/","title":{"rendered":"Management"},"content":{"rendered":"\n\n\n\n\n\n\n<section id=\"\" class=\"hero relative min-h-[20.5625rem] md:min-h-[30.04219rem] flex flex-col justify-center text-[rgb(255,255,255)] lg:px-5 custom-padding-top-m custom-padding-bottom-m mobile-custom-padding-top-m mobile-custom-padding-bottom-s\" style=\"--custom-color-contrast:rgb(255,255,255);\">\n\n    \n    <div class=\"container mx-auto \">\n        \n<div class=\"relative z-20 pt-10\">\n    <div>\n        <div class=\"mx-auto fade-down\">\n                            <div class=\"mb-7\">\n                    \n\n<div class=\"flex-ible flex flex-col \">\n\n    \n    \n        \n                                <div class=\"flexible-image\">\n                \n\n<img decoding=\"async\" width=\"221\" height=\"310\" src=\"https:\/\/hyker.se\/wp-content\/uploads\/b95aececf7254e314001385399221c28-png.webp\" class=\"flexible-image\" alt=\"Image\" loading=\"lazy\" sizes=\"auto\" srcset=\"https:\/\/hyker.se\/wp-content\/uploads\/b95aececf7254e314001385399221c28-png.webp 221w, https:\/\/hyker.se\/wp-content\/uploads\/b95aececf7254e314001385399221c28-214x300.webp 214w, https:\/\/hyker.se\/wp-content\/uploads\/b95aececf7254e314001385399221c28-107x150.webp 107w, https:\/\/hyker.se\/wp-content\/uploads\/b95aececf7254e314001385399221c28-9x12.webp 9w\" \/>            <\/div>\n        \n                \n        \n        \n        \n        \n                    \n        \n        \n                    \n            <div class=\"flexible-heading\">\n                \n\n\n\n    <h1 class=\" break-words g-heading  size-h1\">Ledning<\/h1>\n\n                <\/div>\n                \n        \n        \n        \n        \n                    <\/div>                <\/div>\n            \n        <\/div>\n    <\/div>\n<\/div>    <\/div>\n\n    \n                \n                            \n        \n\n<img fetchpriority=\"high\" decoding=\"async\" width=\"768\" height=\"318\" src=\"https:\/\/hyker.se\/wp-content\/uploads\/northern-lights-225454_1280-e1758627171492-768x318.webp\" class=\"w-full h-full absolute inset-0 object-center object-cover\" alt=\"Image\" loading=\"eager\" sizes=\"auto\" srcset=\"https:\/\/hyker.se\/wp-content\/uploads\/northern-lights-225454_1280-e1758627171492-768x318.webp 768w, https:\/\/hyker.se\/wp-content\/uploads\/northern-lights-225454_1280-e1758627171492-300x124.webp 300w, https:\/\/hyker.se\/wp-content\/uploads\/northern-lights-225454_1280-e1758627171492-1024x424.webp 1024w, https:\/\/hyker.se\/wp-content\/uploads\/northern-lights-225454_1280-e1758627171492-150x62.webp 150w, https:\/\/hyker.se\/wp-content\/uploads\/northern-lights-225454_1280-e1758627171492-18x7.webp 18w, https:\/\/hyker.se\/wp-content\/uploads\/northern-lights-225454_1280-e1758627171492.webp 1280w\" \/>    \n            <div class=\"absolute inset-0 bg-black bg-opacity-20 lg:max-h-full z-10 w-full h-full\"><\/div>\n    \n    \n\n<\/section>\n\n\n\n\n\n\n\n<section id=\"\" class=\"employees relative  lg:px-5 custom-padding-top-s custom-padding-bottom-0 mobile-custom-padding-top-s mobile-custom-padding-bottom-s\" style=\"\">\n\n    \n    <div class=\"px-0 lg:px-[2rem] xl:px-0 container mx-auto \">\n        \n\n\n\n    <div style=\"--custom-color:rgb(196,230,230);\" class=\"employees-content md:pb-20 pb-[3.125rem] px-7 pt-[3.125rem] md:pt-7\">\n                    <div class=\"md:pt-[3.25rem] mb-10\">\n                \n\n\n\n    <h2 class=\" break-words g-heading  \">Ledningsgruppen<\/h2>\n\n                <\/div>\n                <div class=\"grid md:grid-cols-3 gap-8\">\n                            <div class=\"flex flex-col\">\n                    <div class=\"relative fade-in-element\">\n                        \n\n<img decoding=\"async\" width=\"768\" height=\"548\" src=\"https:\/\/hyker.se\/wp-content\/uploads\/250206_heiker_00415_web-copy-768x548.webp\" class=\"h-[22.45906rem] xl:h-[30.5rem] object-cover w-full\" alt=\"Image\" loading=\"lazy\" sizes=\"auto\" srcset=\"https:\/\/hyker.se\/wp-content\/uploads\/250206_heiker_00415_web-copy-768x548.webp 768w, https:\/\/hyker.se\/wp-content\/uploads\/250206_heiker_00415_web-copy-300x214.webp 300w, https:\/\/hyker.se\/wp-content\/uploads\/250206_heiker_00415_web-copy-1024x730.webp 1024w, https:\/\/hyker.se\/wp-content\/uploads\/250206_heiker_00415_web-copy-150x107.webp 150w, https:\/\/hyker.se\/wp-content\/uploads\/250206_heiker_00415_web-copy-1536x1096.webp 1536w, https:\/\/hyker.se\/wp-content\/uploads\/250206_heiker_00415_web-copy-18x12.webp 18w, https:\/\/hyker.se\/wp-content\/uploads\/250206_heiker_00415_web-copy.webp 1870w\" \/>                        <div class=\"absolute bottom-0 text-white p-8 xl:p-14\">\n                            <div class=\"lg:text-[1.375rem] lg:leading-[2.5rem] font-['Noto_Serif_Display']\"><\/div>\n                            <div class=\"italic mt-4\"><\/div>\n                        <\/div>\n                    <\/div>\n                    <div class=\"mt-8 mb-4\"><span class=\"font-semibold text-h3-mobile\">Jonas Hallin, Head of Business Area Solutions<\/span><\/div>\n\n                                            <div class=\"flex-grow\">\n                            \n\n<div class=\"space-y-4 g-text \">\n    <p>Medgrundare med ingenj\u00f6rsbakgrund och \u00f6ver 15 \u00e5rs erfarenhet av att designa och utveckla informationssystem. Brinner f\u00f6r teknik och innovation med tidigare roller p\u00e5 Combitech AB och Saab AB.<\/p>\n<\/div>                        <\/div>\n                    \n                                    <\/div>\n                            <div class=\"flex flex-col\">\n                    <div class=\"relative fade-in-element\">\n                        \n\n<img decoding=\"async\" width=\"768\" height=\"512\" src=\"https:\/\/hyker.se\/wp-content\/uploads\/250206_heiker_00903_web-768x512.webp\" class=\"h-[22.45906rem] xl:h-[30.5rem] object-cover w-full\" alt=\"Image\" loading=\"lazy\" sizes=\"auto\" srcset=\"https:\/\/hyker.se\/wp-content\/uploads\/250206_heiker_00903_web-768x512.webp 768w, https:\/\/hyker.se\/wp-content\/uploads\/250206_heiker_00903_web-300x200.webp 300w, https:\/\/hyker.se\/wp-content\/uploads\/250206_heiker_00903_web-1024x683.webp 1024w, https:\/\/hyker.se\/wp-content\/uploads\/250206_heiker_00903_web-150x100.webp 150w, https:\/\/hyker.se\/wp-content\/uploads\/250206_heiker_00903_web-1536x1025.webp 1536w, https:\/\/hyker.se\/wp-content\/uploads\/250206_heiker_00903_web-18x12.webp 18w, https:\/\/hyker.se\/wp-content\/uploads\/250206_heiker_00903_web.webp 2000w\" \/>                        <div class=\"absolute bottom-0 text-white p-8 xl:p-14\">\n                            <div class=\"lg:text-[1.375rem] lg:leading-[2.5rem] font-['Noto_Serif_Display']\"><\/div>\n                            <div class=\"italic mt-4\"><\/div>\n                        <\/div>\n                    <\/div>\n                    <div class=\"mt-8 mb-4\"><span class=\"font-semibold text-h3-mobile\">Joakim Brorsson, CPO<\/span><\/div>\n\n                                            <div class=\"flex-grow\">\n                            \n\n<div class=\"space-y-4 g-text \">\n    <p>Leder arbetet med aff\u00e4rs- och produktutveckling. Doktor i cybers\u00e4kerhet och en master i datateknik samt tidigare erfarenhet som cybers\u00e4kerhetskonsult inom f\u00f6rsvarsindustrin.<\/p>\n<\/div>                        <\/div>\n                    \n                                    <\/div>\n                            <div class=\"flex flex-col\">\n                    <div class=\"relative fade-in-element\">\n                        \n\n<img decoding=\"async\" width=\"768\" height=\"687\" src=\"https:\/\/hyker.se\/wp-content\/uploads\/250206_heiker_01161_web-copy-e1740056676858-768x687.webp\" class=\"h-[22.45906rem] xl:h-[30.5rem] object-cover w-full\" alt=\"Image\" loading=\"lazy\" sizes=\"auto\" srcset=\"https:\/\/hyker.se\/wp-content\/uploads\/250206_heiker_01161_web-copy-e1740056676858-768x687.webp 768w, https:\/\/hyker.se\/wp-content\/uploads\/250206_heiker_01161_web-copy-e1740056676858-300x268.webp 300w, https:\/\/hyker.se\/wp-content\/uploads\/250206_heiker_01161_web-copy-e1740056676858-1024x916.webp 1024w, https:\/\/hyker.se\/wp-content\/uploads\/250206_heiker_01161_web-copy-e1740056676858-150x134.webp 150w, https:\/\/hyker.se\/wp-content\/uploads\/250206_heiker_01161_web-copy-e1740056676858-13x12.webp 13w, https:\/\/hyker.se\/wp-content\/uploads\/250206_heiker_01161_web-copy-e1740056676858.webp 1490w\" \/>                        <div class=\"absolute bottom-0 text-white p-8 xl:p-14\">\n                            <div class=\"lg:text-[1.375rem] lg:leading-[2.5rem] font-['Noto_Serif_Display']\"><\/div>\n                            <div class=\"italic mt-4\"><\/div>\n                        <\/div>\n                    <\/div>\n                    <div class=\"mt-8 mb-4\"><span class=\"font-semibold text-h3-mobile\">Maria Olsson, F&#038;HR<\/span><\/div>\n\n                                            <div class=\"flex-grow\">\n                            \n\n<div class=\"space-y-4 g-text \">\n    <p>Ekonom med 30 \u00e5rs erfarenhet och med \u00f6ver 15 \u00e5r i ledande roll. Har jobbat inom IT branschen i 25 \u00e5r. Brinner f\u00f6r siffror och analyser.<\/p>\n<\/div>                        <\/div>\n                    \n                                    <\/div>\n                            <div class=\"flex flex-col\">\n                    <div class=\"relative fade-in-element\">\n                        \n\n<img decoding=\"async\" width=\"768\" height=\"687\" src=\"https:\/\/hyker.se\/wp-content\/uploads\/250206_heiker_01555_web-1-e1740056661382-768x687.webp\" class=\"h-[22.45906rem] xl:h-[30.5rem] object-cover w-full\" alt=\"Image\" loading=\"lazy\" sizes=\"auto\" srcset=\"https:\/\/hyker.se\/wp-content\/uploads\/250206_heiker_01555_web-1-e1740056661382-768x687.webp 768w, https:\/\/hyker.se\/wp-content\/uploads\/250206_heiker_01555_web-1-e1740056661382-300x269.webp 300w, https:\/\/hyker.se\/wp-content\/uploads\/250206_heiker_01555_web-1-e1740056661382-1024x917.webp 1024w, https:\/\/hyker.se\/wp-content\/uploads\/250206_heiker_01555_web-1-e1740056661382-150x134.webp 150w, https:\/\/hyker.se\/wp-content\/uploads\/250206_heiker_01555_web-1-e1740056661382-13x12.webp 13w, https:\/\/hyker.se\/wp-content\/uploads\/250206_heiker_01555_web-1-e1740056661382.webp 1486w\" \/>                        <div class=\"absolute bottom-0 text-white p-8 xl:p-14\">\n                            <div class=\"lg:text-[1.375rem] lg:leading-[2.5rem] font-['Noto_Serif_Display']\"><\/div>\n                            <div class=\"italic mt-4\"><\/div>\n                        <\/div>\n                    <\/div>\n                    <div class=\"mt-8 mb-4\"><span class=\"font-semibold text-h3-mobile\">Johannes Samuelsson, Head of Business Area Services<\/span><\/div>\n\n                                            <div class=\"flex-grow\">\n                            \n\n<div class=\"space-y-4 g-text \">\n    <p>Aff\u00e4rsomr\u00e5deschef med bakgrund inom IT, Digitalisering och telekom, med \u00f6ver 10 \u00e5rs erfarenhet fr\u00e5n ledande roller. Brinner f\u00f6r f\u00f6rs\u00e4ljning, aff\u00e4rsutveckling och innovation med tidigare roller p\u00e5 Telia och Nordlo.<\/p>\n<\/div>                        <\/div>\n                    \n                                    <\/div>\n                            <div class=\"flex flex-col\">\n                    <div class=\"relative fade-in-element\">\n                        \n\n<img decoding=\"async\" width=\"768\" height=\"657\" src=\"https:\/\/hyker.se\/wp-content\/uploads\/250206_heiker_01450_web-copy-768x657.webp\" class=\"h-[22.45906rem] xl:h-[30.5rem] object-cover w-full\" alt=\"Image\" loading=\"lazy\" sizes=\"auto\" srcset=\"https:\/\/hyker.se\/wp-content\/uploads\/250206_heiker_01450_web-copy-768x657.webp 768w, https:\/\/hyker.se\/wp-content\/uploads\/250206_heiker_01450_web-copy-300x257.webp 300w, https:\/\/hyker.se\/wp-content\/uploads\/250206_heiker_01450_web-copy-1024x876.webp 1024w, https:\/\/hyker.se\/wp-content\/uploads\/250206_heiker_01450_web-copy-150x128.webp 150w, https:\/\/hyker.se\/wp-content\/uploads\/250206_heiker_01450_web-copy-1536x1314.webp 1536w, https:\/\/hyker.se\/wp-content\/uploads\/250206_heiker_01450_web-copy-14x12.webp 14w, https:\/\/hyker.se\/wp-content\/uploads\/250206_heiker_01450_web-copy.webp 1559w\" \/>                        <div class=\"absolute bottom-0 text-white p-8 xl:p-14\">\n                            <div class=\"lg:text-[1.375rem] lg:leading-[2.5rem] font-['Noto_Serif_Display']\"><\/div>\n                            <div class=\"italic mt-4\"><\/div>\n                        <\/div>\n                    <\/div>\n                    <div class=\"mt-8 mb-4\"><span class=\"font-semibold text-h3-mobile\">Mats Karlsson, CEO<\/span><\/div>\n\n                                            <div class=\"flex-grow\">\n                            \n\n<div class=\"space-y-4 g-text \">\n    <p>Entrepren\u00f6r med arbetslivserfarenhet fr\u00e5n DuPont Scandinavia, Kabelvision, Europolitan, TeliaSonera, Wireless Maingate och Storegate. Grundare av Wireless Maingate, Storegate och Tokeep. Styrelseledamot f\u00f6r PubQ och Tokeep.<\/p>\n<\/div>                        <\/div>\n                    \n                                    <\/div>\n                    <\/div>\n    <\/div>\n    <\/div>\n\n    \n    \n    \n\n<\/section>\n\n\n\n\n\n\n\n<section id=\"\" class=\"employees relative  lg:px-5 custom-padding-top-m custom-padding-bottom-m mobile-custom-padding-top-xs mobile-custom-padding-bottom-s\" style=\"\">\n\n    \n    <div class=\"px-0 lg:px-[2rem] xl:px-0 container mx-auto \">\n        \n\n\n\n    <div style=\"--custom-color:rgb(152,191,191);\" class=\"employees-content md:pb-20 pb-[3.125rem] px-7 pt-[3.125rem] md:pt-7\">\n                    <div class=\"md:pt-[3.25rem] mb-10\">\n                \n\n\n\n    <h2 class=\" break-words g-heading  \">Styrelsen<\/h2>\n\n                <\/div>\n                <div class=\"grid md:grid-cols-3 gap-8\">\n                            <div class=\"flex flex-col\">\n                    <div class=\"relative fade-in-element\">\n                        \n\n<img decoding=\"async\" width=\"768\" height=\"512\" src=\"https:\/\/hyker.se\/wp-content\/uploads\/Hans-768x512.avif\" class=\"h-[22.45906rem] xl:h-[30.5rem] object-cover w-full\" alt=\"Image\" loading=\"lazy\" sizes=\"auto\" srcset=\"https:\/\/hyker.se\/wp-content\/uploads\/Hans-768x512.avif 768w, https:\/\/hyker.se\/wp-content\/uploads\/Hans-300x200.avif 300w, https:\/\/hyker.se\/wp-content\/uploads\/Hans-1024x683.avif 1024w, https:\/\/hyker.se\/wp-content\/uploads\/Hans-150x100.avif 150w, https:\/\/hyker.se\/wp-content\/uploads\/Hans-1536x1025.avif 1536w, https:\/\/hyker.se\/wp-content\/uploads\/Hans-18x12.avif 18w, https:\/\/hyker.se\/wp-content\/uploads\/Hans.avif 2000w\" \/>                        <div class=\"absolute bottom-0 text-white p-8 xl:p-14\">\n                            <div class=\"lg:text-[1.375rem] lg:leading-[2.5rem] font-['Noto_Serif_Display']\"><\/div>\n                            <div class=\"italic mt-4\"><\/div>\n                        <\/div>\n                    <\/div>\n                    <div class=\"mt-8 mb-4\"><span class=\"font-semibold text-h3-mobile\">Hans Danielsson, Board member<\/span><\/div>\n\n                                            <div class=\"flex-grow\">\n                            \n\n<div class=\"space-y-4 g-text \">\n    <p>Aff\u00e4rsomr\u00e5deschef i Combitechs Cybers\u00e4kerhetsdivision. Senior ledare och r\u00e5dgivare inom Cybers\u00e4kerhet med \u00f6ver 25 \u00e5rs erfarenhet fr\u00e5n kunder i ett flertal branscher, inkluderande f\u00f6rsvarsindustri, telekom, finans, fordon och offentlig sektor.<\/p>\n<\/div>                        <\/div>\n                    \n                                    <\/div>\n                            <div class=\"flex flex-col\">\n                    <div class=\"relative fade-in-element\">\n                        \n\n<img decoding=\"async\" width=\"768\" height=\"548\" src=\"https:\/\/hyker.se\/wp-content\/uploads\/250206_heiker_00415_web-copy-768x548.webp\" class=\"h-[22.45906rem] xl:h-[30.5rem] object-cover w-full\" alt=\"Image\" loading=\"lazy\" sizes=\"auto\" srcset=\"https:\/\/hyker.se\/wp-content\/uploads\/250206_heiker_00415_web-copy-768x548.webp 768w, https:\/\/hyker.se\/wp-content\/uploads\/250206_heiker_00415_web-copy-300x214.webp 300w, https:\/\/hyker.se\/wp-content\/uploads\/250206_heiker_00415_web-copy-1024x730.webp 1024w, https:\/\/hyker.se\/wp-content\/uploads\/250206_heiker_00415_web-copy-150x107.webp 150w, https:\/\/hyker.se\/wp-content\/uploads\/250206_heiker_00415_web-copy-1536x1096.webp 1536w, https:\/\/hyker.se\/wp-content\/uploads\/250206_heiker_00415_web-copy-18x12.webp 18w, https:\/\/hyker.se\/wp-content\/uploads\/250206_heiker_00415_web-copy.webp 1870w\" \/>                        <div class=\"absolute bottom-0 text-white p-8 xl:p-14\">\n                            <div class=\"lg:text-[1.375rem] lg:leading-[2.5rem] font-['Noto_Serif_Display']\"><\/div>\n                            <div class=\"italic mt-4\"><\/div>\n                        <\/div>\n                    <\/div>\n                    <div class=\"mt-8 mb-4\"><span class=\"font-semibold text-h3-mobile\">Jonas Hallin, CTO &#038; Board member<\/span><\/div>\n\n                                            <div class=\"flex-grow\">\n                            \n\n<div class=\"space-y-4 g-text \">\n    <p>Medgrundare med ingenj\u00f6rsbakgrund och \u00f6ver 15 \u00e5rs erfarenhet av att designa och utveckla informationssystem. Brinner f\u00f6r teknik och innovation med tidigare roller p\u00e5 Combitech AB och Saab AB.<\/p>\n<\/div>                        <\/div>\n                    \n                                    <\/div>\n                            <div class=\"flex flex-col\">\n                    <div class=\"relative fade-in-element\">\n                        \n\n<img decoding=\"async\" width=\"768\" height=\"512\" src=\"https:\/\/hyker.se\/wp-content\/uploads\/Erik-768x512.avif\" class=\"h-[22.45906rem] xl:h-[30.5rem] object-cover w-full\" alt=\"Image\" loading=\"lazy\" sizes=\"auto\" srcset=\"https:\/\/hyker.se\/wp-content\/uploads\/Erik-768x512.avif 768w, https:\/\/hyker.se\/wp-content\/uploads\/Erik-300x200.avif 300w, https:\/\/hyker.se\/wp-content\/uploads\/Erik-1024x683.avif 1024w, https:\/\/hyker.se\/wp-content\/uploads\/Erik-150x100.avif 150w, https:\/\/hyker.se\/wp-content\/uploads\/Erik-1536x1024.avif 1536w\" \/>                        <div class=\"absolute bottom-0 text-white p-8 xl:p-14\">\n                            <div class=\"lg:text-[1.375rem] lg:leading-[2.5rem] font-['Noto_Serif_Display']\"><\/div>\n                            <div class=\"italic mt-4\"><\/div>\n                        <\/div>\n                    <\/div>\n                    <div class=\"mt-8 mb-4\"><span class=\"font-semibold text-h3-mobile\">Erik Lindeblad, Board member<\/span><\/div>\n\n                                            <div class=\"flex-grow\">\n                            \n\n<div class=\"space-y-4 g-text \">\n    <p>Head of Lindeblad Venture . Sk\u00f6ter familjekontoret med Investeringar i Startuper och Buy and bulid cases som huvudaktivitet. Styrelseordf\u00f6rande i Teamster och Steeltech i Alings\u00e5s. Ledamot i INFREA Luxbright, Revibe med flera.<\/p>\n<\/div>                        <\/div>\n                    \n                                    <\/div>\n                            <div class=\"flex flex-col\">\n                    <div class=\"relative fade-in-element\">\n                        \n\n<img decoding=\"async\" width=\"768\" height=\"512\" src=\"https:\/\/hyker.se\/wp-content\/uploads\/Jonas-768x512.avif\" class=\"h-[22.45906rem] xl:h-[30.5rem] object-cover w-full\" alt=\"Image\" loading=\"lazy\" sizes=\"auto\" srcset=\"https:\/\/hyker.se\/wp-content\/uploads\/Jonas-768x512.avif 768w, https:\/\/hyker.se\/wp-content\/uploads\/Jonas-300x200.avif 300w, https:\/\/hyker.se\/wp-content\/uploads\/Jonas-1024x683.avif 1024w, https:\/\/hyker.se\/wp-content\/uploads\/Jonas-150x100.avif 150w, https:\/\/hyker.se\/wp-content\/uploads\/Jonas-1536x1025.avif 1536w, https:\/\/hyker.se\/wp-content\/uploads\/Jonas-18x12.avif 18w, https:\/\/hyker.se\/wp-content\/uploads\/Jonas.avif 2000w\" \/>                        <div class=\"absolute bottom-0 text-white p-8 xl:p-14\">\n                            <div class=\"lg:text-[1.375rem] lg:leading-[2.5rem] font-['Noto_Serif_Display']\"><\/div>\n                            <div class=\"italic mt-4\"><\/div>\n                        <\/div>\n                    <\/div>\n                    <div class=\"mt-8 mb-4\"><span class=\"font-semibold text-h3-mobile\">Jonas Lundeberg, Chairman<\/span><\/div>\n\n                                            <div class=\"flex-grow\">\n                            \n\n<div class=\"space-y-4 g-text \">\n    <p>Head of Saab Ventures. Erfarenhet som CFO och Group Treasurer, samt olika finansroller inom Saab AB, \u00a0Volito Aviation Leasing, SAS och Handelsbanken. Styrelseordf\u00f6rande i C-Leanship A\/S och Saab Ventures AB, samt styrelseledamot i Coldcut AB.<\/p>\n<\/div>                        <\/div>\n                    \n                                    <\/div>\n                            <div class=\"flex flex-col\">\n                    <div class=\"relative fade-in-element\">\n                        \n\n<img decoding=\"async\" width=\"768\" height=\"512\" src=\"https:\/\/hyker.se\/wp-content\/uploads\/Niklas-768x512.avif\" class=\"h-[22.45906rem] xl:h-[30.5rem] object-cover w-full\" alt=\"Image\" loading=\"lazy\" sizes=\"auto\" srcset=\"https:\/\/hyker.se\/wp-content\/uploads\/Niklas-768x512.avif 768w, https:\/\/hyker.se\/wp-content\/uploads\/Niklas-300x200.avif 300w, https:\/\/hyker.se\/wp-content\/uploads\/Niklas-1024x683.avif 1024w, https:\/\/hyker.se\/wp-content\/uploads\/Niklas-150x100.avif 150w, https:\/\/hyker.se\/wp-content\/uploads\/Niklas-1536x1025.avif 1536w, https:\/\/hyker.se\/wp-content\/uploads\/Niklas-18x12.avif 18w, https:\/\/hyker.se\/wp-content\/uploads\/Niklas.avif 2000w\" \/>                        <div class=\"absolute bottom-0 text-white p-8 xl:p-14\">\n                            <div class=\"lg:text-[1.375rem] lg:leading-[2.5rem] font-['Noto_Serif_Display']\"><\/div>\n                            <div class=\"italic mt-4\"><\/div>\n                        <\/div>\n                    <\/div>\n                    <div class=\"mt-8 mb-4\"><span class=\"font-semibold text-h3-mobile\">Niclas L\u00f6vgren, Board member<\/span><\/div>\n\n                                            <div class=\"flex-grow\">\n                            \n\n<div class=\"space-y-4 g-text \">\n    <p>Investment Director. Erfarenhet som CEO och aff\u00e4rsenhetschef, samt ledande chefsbefattningar inom strategi, aff\u00e4rsutveckling och f\u00f6rs\u00e4ljning f\u00f6r Saab AB, AerotechTelub AB och Celsius Aerotech. Styrelseordf\u00f6rande i MicroDri AB och Real Time Metrology AB samt styrelseledamot i Saab Ventures AB, ColdCut Systems AB, Cind AB, ReVibe Energy AB, C-Leanship A\/S m.fl.<\/p>\n<\/div>                        <\/div>\n                    \n                                    <\/div>\n                    <\/div>\n    <\/div>\n    <\/div>\n\n    \n    \n    \n\n<\/section>\n\n\n\n\n\n<section id=\"\" class=\"cta relative  text-[rgb(255,255,255)] bg-[rgb(0,51,55)] lg:px-5 custom-padding-top-m custom-padding-bottom-m mobile-custom-padding-top-m mobile-custom-padding-bottom-m\" style=\"--custom-color-contrast:rgb(255,255,255);--custom-color:rgb(0,51,55);\">\n\n    \n    <div class=\"container mx-auto max-w-global\">\n        \n<div>\n            <div class=\"relative z-20 max-w-[60rem] mx-auto\">\n            \n\n<div class=\"flex-ible flex flex-col space-y-8 text-center\">\n\n    \n    \n        \n        \n                    \n            <div class=\"flexible-heading\">\n                \n\n\n\n    <h3 class=\" break-words g-heading  size-h2\">Vill du veta mer?<\/h3>\n\n                <\/div>\n                \n        \n        \n        \n        \n                    \n        \n        \n                \n        \n        \n        \n        \n                    \n            <div class=\"flex gap-4 flex-wrap flexible-buttons pt-2 lg:pt-0\">\n                                                            \n\n<div class=\"relative w-full lg:w-auto\">\n    <a class=\"primary-dark\" target=\"\" href=\"https:\/\/hyker.se\/kontakt\/\">\n        <div class=\" btn text-center justify-center inline-flex \">\n            <div>Kontakta oss<\/div>\n        <\/div>\n    <\/a>\n<\/div>                                                <\/div>\n                    <\/div>        <\/div>\n    <\/div>    <\/div>\n\n    \n    \n    \n\n<\/section>","protected":false},"excerpt":{"rendered":"","protected":false},"author":5,"featured_media":0,"parent":0,"menu_order":0,"comment_status":"closed","ping_status":"closed","template":"","meta":{"_acf_changed":false,"inline_featured_image":false,"footnotes":""},"class_list":["post-4273","page","type-page","status-publish","hentry"],"acf":[],"_links":{"self":[{"href":"https:\/\/hyker.se\/en\/wp-json\/wp\/v2\/pages\/4273","targetHints":{"allow":["GET"]}}],"collection":[{"href":"https:\/\/hyker.se\/en\/wp-json\/wp\/v2\/pages"}],"about":[{"href":"https:\/\/hyker.se\/en\/wp-json\/wp\/v2\/types\/page"}],"author":[{"embeddable":true,"href":"https:\/\/hyker.se\/en\/wp-json\/wp\/v2\/users\/5"}],"replies":[{"embeddable":true,"href":"https:\/\/hyker.se\/en\/wp-json\/wp\/v2\/comments?post=4273"}],"version-history":[{"count":9,"href":"https:\/\/hyker.se\/en\/wp-json\/wp\/v2\/pages\/4273\/revisions"}],"predecessor-version":[{"id":4432,"href":"https:\/\/hyker.se\/en\/wp-json\/wp\/v2\/pages\/4273\/revisions\/4432"}],"wp:attachment":[{"href":"https:\/\/hyker.se\/en\/wp-json\/wp\/v2\/media?parent=4273"}],"curies":[{"name":"wp","href":"https:\/\/api.w.org\/{rel}","templated":true}]}}