{"id":3582,"date":"2025-02-07T10:57:44","date_gmt":"2025-02-07T10:57:44","guid":{"rendered":"https:\/\/hyker.se\/?page_id=3582"},"modified":"2025-03-03T15:11:34","modified_gmt":"2025-03-03T15:11:34","slug":"cookies","status":"publish","type":"page","link":"https:\/\/hyker.se\/en\/cookies\/","title":{"rendered":"Cookies"},"content":{"rendered":"<h1 class=\"wp-block-heading\">Cookies <\/h1>\n\n\n\n<p>To ensure that our services maintain the highest possible quality, HYKER uses cookies and similar technologies on its website. Cookies are small text files that are saved on your computer and can be used to track how you use our website. These files do not identify you personally but only identify your web browser, which means that different cookies may be stored on different devices if you use multiple computers to visit our website. Cookies do not contain viruses and cannot harm other information stored on your computer. <\/p>\n\n\n\n<p>HYKER uses cookies to collect statistics on how the website or service is used. The statistics are handled solely in the form of numbers and are not linked to any personal data. Cookies are generally categorized based on their origin and storage. A cookie can either come from the website you are visiting (a first-party cookie) or from an external service, such as an analytics company (a third-party cookie). <\/p>\n\n\n\n<p>Additionally, cookies can be categorized as session cookies and persistent cookies. Session cookies are temporary and are activated to ensure the website functions during your visit. They are not saved on your computer and are deleted when you close your browser. These cookies help with navigation by remembering previously visited sections of the website.<\/p>\n\n\n\n<p>Persistent cookies are stored in your browser and allow the website to recognize your computer\u2019s IP address during repeated visits, even if you turn off the computer or log out.<br><br>HYKER uses both session cookies and persistent cookies. These are primarily needed to improve the functionality of our services, support the delivery of products and services, offer additional features, and provide relevant and personalized advertisements. You can choose whether to allow cookies by adjusting the settings directly in your browser.<\/p>","protected":false},"excerpt":{"rendered":"<p>Cookies F\u00f6r att s\u00e4kerst\u00e4lla att v\u00e5ra tj\u00e4nster h\u00e5ller h\u00f6gsta m\u00f6jliga kvalitet anv\u00e4nder HYKER cookies och liknande teknik p\u00e5 sin webbplats. Cookies \u00e4r sm\u00e5 textfiler som sparas p\u00e5 din dator och kan anv\u00e4ndas f\u00f6r att f\u00f6lja hur du anv\u00e4nder v\u00e5r webbplats. Dessa filer identifierar inte dig som person utan endast din webbl\u00e4sare, vilket inneb\u00e4r att olika [&hellip;]<\/p>\n","protected":false},"author":2,"featured_media":0,"parent":0,"menu_order":0,"comment_status":"closed","ping_status":"closed","template":"template-menu.php","meta":{"_acf_changed":false,"inline_featured_image":false,"footnotes":""},"class_list":["post-3582","page","type-page","status-publish","hentry"],"acf":[],"_links":{"self":[{"href":"https:\/\/hyker.se\/en\/wp-json\/wp\/v2\/pages\/3582","targetHints":{"allow":["GET"]}}],"collection":[{"href":"https:\/\/hyker.se\/en\/wp-json\/wp\/v2\/pages"}],"about":[{"href":"https:\/\/hyker.se\/en\/wp-json\/wp\/v2\/types\/page"}],"author":[{"embeddable":true,"href":"https:\/\/hyker.se\/en\/wp-json\/wp\/v2\/users\/2"}],"replies":[{"embeddable":true,"href":"https:\/\/hyker.se\/en\/wp-json\/wp\/v2\/comments?post=3582"}],"version-history":[{"count":15,"href":"https:\/\/hyker.se\/en\/wp-json\/wp\/v2\/pages\/3582\/revisions"}],"predecessor-version":[{"id":4462,"href":"https:\/\/hyker.se\/en\/wp-json\/wp\/v2\/pages\/3582\/revisions\/4462"}],"wp:attachment":[{"href":"https:\/\/hyker.se\/en\/wp-json\/wp\/v2\/media?parent=3582"}],"curies":[{"name":"wp","href":"https:\/\/api.w.org\/{rel}","templated":true}]}}