{"id":3492,"date":"2025-02-06T14:08:29","date_gmt":"2025-02-06T14:08:29","guid":{"rendered":"https:\/\/hyker.se\/?page_id=3492"},"modified":"2025-10-21T09:56:39","modified_gmt":"2025-10-21T09:56:39","slug":"continue","status":"publish","type":"page","link":"https:\/\/hyker.se\/en\/continue\/","title":{"rendered":"Continue"},"content":{"rendered":"\n\n\n\n\n\n\n<section id=\"\" class=\"hero relative min-h-[20.5625rem] md:min-h-[30.04219rem] flex flex-col justify-center text-[rgb(255,255,255)] lg:px-5 custom-padding-top-m custom-padding-bottom-m mobile-custom-padding-top-m mobile-custom-padding-bottom-s\" style=\"--custom-color-contrast:rgb(255,255,255);\">\n\n    \n    <div class=\"container mx-auto \">\n        \n<div class=\"relative z-20 pt-10\">\n    <div>\n        <div class=\"mx-auto fade-down\">\n                            <div class=\"mb-7\">\n                    \n\n<div class=\"flex-ible flex flex-col \">\n\n    \n    \n        \n                                <div class=\"flexible-image\">\n                \n\n<img decoding=\"async\" width=\"768\" height=\"402\" src=\"https:\/\/hyker.se\/wp-content\/uploads\/Group-149-1.svg\" class=\"flexible-image\" alt=\"Image\" loading=\"lazy\" sizes=\"auto\" \/>            <\/div>\n        \n                \n        \n        \n        \n        \n                    \n        \n        \n                    \n            <div class=\"flexible-heading\">\n                \n\n\n\n    <h1 class=\" break-words g-heading  size-h3\">HYKER Continue<\/h1>\n\n                <\/div>\n                \n        \n        \n        \n        \n                    \n        \n        \n                \n                    \n            <div class=\"flexible-text\">\n                \n\n<div class=\"space-y-4 g-text \">\n    <p>S\u00e4kra information vid IT-attacker<\/p>\n<\/div>            <\/div>\n        \n        \n        \n        \n                    <\/div>                <\/div>\n            \n        <\/div>\n    <\/div>\n<\/div>    <\/div>\n\n    \n                \n                            \n        \n\n<img fetchpriority=\"high\" decoding=\"async\" width=\"768\" height=\"280\" src=\"https:\/\/hyker.se\/wp-content\/uploads\/continue-768x280.webp\" class=\"w-full h-full absolute inset-0 object-center object-cover\" alt=\"Image\" loading=\"eager\" sizes=\"auto\" srcset=\"https:\/\/hyker.se\/wp-content\/uploads\/continue-768x280.webp 768w, https:\/\/hyker.se\/wp-content\/uploads\/continue-300x109.webp 300w, https:\/\/hyker.se\/wp-content\/uploads\/continue-1024x373.webp 1024w, https:\/\/hyker.se\/wp-content\/uploads\/continue-150x55.webp 150w, https:\/\/hyker.se\/wp-content\/uploads\/continue-1536x560.webp 1536w, https:\/\/hyker.se\/wp-content\/uploads\/continue-png.webp 1920w\" \/>    \n            <div class=\"absolute inset-0 bg-black bg-opacity-20 lg:max-h-full z-10 w-full h-full\"><\/div>\n    \n    \n\n<\/section>\n\n\n\n\n\n<section id=\"\" class=\"simple-block relative  lg:px-5 custom-padding-top-m custom-padding-bottom-m mobile-custom-padding-top-m mobile-custom-padding-bottom-s\" style=\"\">\n\n    \n    <div class=\"container mx-auto max-w-global\">\n        \n<div>\n            <div class=\"relative z-20 max-w-[60rem] mx-auto\">\n            \n\n<div class=\"flex-ible flex flex-col space-y-8 text-center\">\n\n    \n    \n        \n        \n                \n                    \n            <div class=\"flexible-text\">\n                \n\n<div class=\"space-y-4 g-text \">\n    <p>N\u00e4r ett IT-haveri intr\u00e4ffar g\u00e4ller det att vara f\u00f6rberedd f\u00f6r att undvika ytterligare katastrofer. Med HYKER Continue har er organisation fortfarande \u00e5tkomst till er aff\u00e4rskritiska information n\u00e4r ni blivit utsatta f\u00f6r en IT-attack eller systemhaveri. Det inneb\u00e4r att ni kan fatta beslut och agera under de veckor, eller i v\u00e4rsta fall m\u00e5nader, som ni beh\u00f6ver f\u00f6r att s\u00e4kra upp och \u00e5terst\u00e4lla era system.<\/p>\n<\/div>            <\/div>\n        \n        \n        \n        \n                    <\/div>        <\/div>\n    <\/div>    <\/div>\n\n    \n    \n    \n\n<\/section>\n\n\n\n\n\n\n<section id=\"\" class=\"grid relative  lg:px-5 custom-padding-top-m custom-padding-bottom-m mobile-custom-padding-top-xs mobile-custom-padding-bottom-s\" style=\"\">\n\n    \n    <div class=\"container mx-auto \">\n        \n\n\n<div class=\"grid-items grid md:grid-cols-3 grid-3-cols xl:gap-x-0 gap-x-10 gap-y-10\">\n            <div class=\"grid-item xl:py-10 xl:pl-10 xl:pr-5\">\n                            <div class=\"flexible-heading text-[1.8rem] font-semibold mb-5\">\n                    End-to-end-kryptering                <\/div>\n                                        <div class=\"flexible-text mb-4 md:text-[21px]\">\n                    End-to-end-s\u00e4kerhet \u00e4r den starkaste formen av dataskydd. Det inneb\u00e4r att endast du har tillg\u00e5ng till dina data.                <\/div>\n                    <\/div>\n            <div class=\"grid-item xl:py-10 xl:pl-10 xl:pr-5\">\n                            <div class=\"flexible-heading text-[1.8rem] font-semibold mb-5\">\n                    S\u00e4ker off-site                <\/div>\n                                        <div class=\"flexible-text mb-4 md:text-[21px]\">\n                    Genom att kombinera prim\u00e4r lagring i ett datacenter och en sekund\u00e4r backup med HYKER Continue, kan f\u00f6retag s\u00e4kerst\u00e4lla att deras data \u00e4r skyddad, tillg\u00e4nglig och s\u00e4ker \u00e4ven under de mest kr\u00e4vande f\u00f6rh\u00e5llandena.\r\n                <\/div>\n                    <\/div>\n            <div class=\"grid-item xl:py-10 xl:pl-10 xl:pr-5\">\n                            <div class=\"flexible-heading text-[1.8rem] font-semibold mb-5\">\n                    Alltid online                <\/div>\n                                        <div class=\"flexible-text mb-4 md:text-[21px]\">\n                    N\u00e4r en kris intr\u00e4ffar har du inte tid att starta upp ett nytt system. HYKER Continue \u00e4r alltid online, s\u00e5 att du direkt kan fokusera p\u00e5 det som \u00e4r viktigt.                <\/div>\n                    <\/div>\n            <div class=\"grid-item xl:py-10 xl:pl-10 xl:pr-5\">\n                            <div class=\"flexible-heading text-[1.8rem] font-semibold mb-5\">\n                    Automatisk datasynkronisering                <\/div>\n                                        <div class=\"flexible-text mb-4 md:text-[21px]\">\n                    HYKER Continue synkroniserar automatiskt den senaste versionen av dina data och g\u00f6r den tillg\u00e4nglig bara f\u00f6r den som har r\u00e4tt beh\u00f6righet.                <\/div>\n                    <\/div>\n            <div class=\"grid-item xl:py-10 xl:pl-10 xl:pr-5\">\n                            <div class=\"flexible-heading text-[1.8rem] font-semibold mb-5\">\n                    Enkel anv\u00e4ndarupplevelse                <\/div>\n                                        <div class=\"flexible-text mb-4 md:text-[21px]\">\n                    HYKER Continue \u00e4r utformat s\u00e5 att du ska kunna anv\u00e4nda den omedelbart vid en IT-attack. Ingen utbildning kr\u00e4vs.                <\/div>\n                    <\/div>\n            <div class=\"grid-item xl:py-10 xl:pl-10 xl:pr-5\">\n                            <div class=\"flexible-heading text-[1.8rem] font-semibold mb-5\">\n                    Federerad autentisering                <\/div>\n                                        <div class=\"flexible-text mb-4 md:text-[21px]\">\n                    Med federerad autentisering kan du kan v\u00e4lja den autentiseringsmetod som passar dig b\u00e4st \u2013 vare sig det \u00e4r h\u00e5rdvarutokens, tv\u00e5faktorsautentisering, tredjeparts-OAUTH eller n\u00e5got annat.                <\/div>\n                    <\/div>\n    <\/div>    <\/div>\n\n    \n    \n    \n\n<\/section>\n\n\n\n\n\n\n<section id=\"\" class=\"simple-hero relative flex flex-col justify-center text-[rgb(255,255,255)] lg:px-5 custom-padding-top-l custom-padding-bottom-l mobile-custom-padding-top-m mobile-custom-padding-bottom-m\" style=\"--custom-color-contrast:rgb(255,255,255);\">\n\n    \n    <div class=\"container mx-auto \">\n        \n<div class=\"relative z-20\">\n    <div>\n        <div class=\"mx-auto fade-down-element\">\n                            <div class=\"mb-7\">\n                    \n\n<div class=\"flex-ible flex flex-col \">\n\n    \n    \n        \n        \n                    \n            <div class=\"flexible-heading\">\n                \n\n\n\n    <h2 class=\" break-words g-heading  size-h1\">Contingency plan?!<\/h2>\n\n                <\/div>\n                \n        \n        \n        \n        \n                    <\/div>                <\/div>\n            \n        <\/div>\n    <\/div>\n<\/div>    <\/div>\n\n    \n                \n        \n        \n\n<img decoding=\"async\" width=\"768\" height=\"346\" src=\"https:\/\/hyker.se\/wp-content\/uploads\/Rectangle-31-768x346.webp\" class=\"w-full h-full absolute inset-0 object-center object-cover\" alt=\"Image\" loading=\"lazy\" sizes=\"auto\" srcset=\"https:\/\/hyker.se\/wp-content\/uploads\/Rectangle-31-768x346.webp 768w, https:\/\/hyker.se\/wp-content\/uploads\/Rectangle-31-300x135.webp 300w, https:\/\/hyker.se\/wp-content\/uploads\/Rectangle-31-1024x461.webp 1024w, https:\/\/hyker.se\/wp-content\/uploads\/Rectangle-31-150x68.webp 150w, https:\/\/hyker.se\/wp-content\/uploads\/Rectangle-31-1536x691.webp 1536w, https:\/\/hyker.se\/wp-content\/uploads\/Rectangle-31-png.webp 1920w\" \/>    \n            <div class=\"absolute inset-0 bg-black bg-opacity-20 lg:max-h-full z-10 w-full h-full\"><\/div>\n    \n    \n\n<\/section>\n\n\n\n\n\n\n<section id=\"\" class=\"image-text relative  lg:px-5 custom-padding-top-m custom-padding-bottom-m mobile-custom-padding-top-s mobile-custom-padding-bottom-0\" style=\"\">\n\n    \n    <div class=\"container mx-auto \">\n        \n<div class=\"grid md:grid-cols-2 gap-10 lg:gap-14 items-center start-image-text\">\n\n    <div class=\"order-2 lg:order-2\">\n                    <div class=\" max-w-[34.06rem]\">\n                \n\n<div class=\"flex-ible flex flex-col space-y-8\">\n\n    \n    \n        \n        \n                    \n            <div class=\"flexible-heading\">\n                \n\n\n\n    <h2 class=\" break-words g-heading  \">Var f\u00f6rberedd!<\/h2>\n\n                <\/div>\n                \n        \n        \n        \n        \n                    \n        \n        \n                \n                    \n            <div class=\"flexible-text\">\n                \n\n<div class=\"space-y-4 g-text \">\n    <p>Alla f\u00f6retag har system p\u00e5 plats f\u00f6r att skydda mot intr\u00e5ng. Tyv\u00e4rr visar erfarenhet att intr\u00e5ng ofta sker \u00e4nd\u00e5. D\u00e4rf\u00f6r \u00e4r det en viktig f\u00f6rm\u00e5ga i ett ransomwareskydd att \u00e5terf\u00e5 kontroll \u00f6ver systemet n\u00e4r intr\u00e5nget \u00e4nd\u00e5 sker. Tyv\u00e4rr \u00e4r den f\u00f6rm\u00e5gan \u00e4n idag en manuell och tidskr\u00e4vande process utan garantier. Tiden innan man lyckas hitta s\u00e4kerhetsh\u00e5let som angriparen tog sig in genom str\u00e4cker sig ofta fr\u00e5n dagar till veckor, och sedan \u00e5terst\u00e5r tiden f\u00f6r att \u00e5terskapa systemet fr\u00e5n backuper. Hur ser er contingency plan ut?<\/p>\n<\/div>            <\/div>\n        \n        \n        \n        \n                    <\/div>            <\/div>\n            <\/div>\n\n    <div class=\"image-column order-1 lg:order-1\">\n\n                    <div class=\"fade-up-element lg:h-full \">\n                <img decoding=\"async\" src=\"https:\/\/hyker.se\/wp-content\/uploads\/continue1-png.webp\" alt=\"\" \/>\n                            <\/div>\n            <\/div>\n\n<\/div>    <\/div>\n\n    \n    \n    \n\n<\/section>\n\n\n\n\n\n\n<section id=\"\" class=\"image-text relative  lg:px-5 custom-padding-top-m custom-padding-bottom-m mobile-custom-padding-top-s mobile-custom-padding-bottom-s\" style=\"\">\n\n    \n    <div class=\"container mx-auto \">\n        \n<div class=\"grid md:grid-cols-2 gap-10 lg:gap-14 items-center start-image-text\">\n\n    <div class=\"order-2 lg:order-1\">\n                    <div class=\" max-w-[34.06rem]\">\n                \n\n<div class=\"flex-ible flex flex-col space-y-8\">\n\n    \n    \n        \n        \n                    \n            <div class=\"flexible-heading\">\n                \n\n\n\n    <h2 class=\" break-words g-heading  \">Kritisk information &#8211;<br> Alltid tillg\u00e4nglig!<\/h2>\n\n                <\/div>\n                \n        \n        \n        \n        \n                    \n        \n        \n                \n                    \n            <div class=\"flexible-text\">\n                \n\n<div class=\"space-y-4 g-text \">\n    <p>Under tiden du jobbar h\u00e5rt f\u00f6r att \u00e5terst\u00e4lla era huvudsystem, finns det viss information som m\u00e5ste vara tillg\u00e4nglig f\u00f6r att hantera krisen i sig. HYKER Continue ser till att skydda den informationen s\u00e5 att den alltid \u00e4r tillg\u00e4nglig.<\/p>\n<p>HYKER Continue \u00e4r ett system med en minimal attackyta, s\u00e5 att s\u00e5rbarheten som drabbar dina huvudsystem inte drabbar ditt krishanteringssystem. Systemet \u00e4r fokuserat p\u00e5 tillg\u00e4nglighet och konfidentialitet, s\u00e5 att vi kan garantera att r\u00e4tt personer har tillg\u00e5ng till den viktigaste informationen vid en kris, men ingen annan. Detta g\u00f6r vi genom att kombinera end-to-end kryptering med off-site high availability hosting, minimal Trusted Computing Base (TCB), h\u00e5rdvaruskyddad granul\u00e4r accesskontroll och ett l\u00e4ttillg\u00e4ngligt anv\u00e4ndargr\u00e4nssnitt. Systemet kr\u00e4ver ingen konfiguration, har ett l\u00e4ttillg\u00e4ngligt anv\u00e4ndargr\u00e4nssnitt, och \u00e4r alltid tillg\u00e4ngligt.<\/p>\n<\/div>            <\/div>\n        \n        \n        \n        \n                    <\/div>            <\/div>\n            <\/div>\n\n    <div class=\"image-column order-1 lg:order-2\">\n\n                                        <div class=\"fade-up-element lg:h-full relative\">\n                        \n\n<img decoding=\"async\" width=\"768\" height=\"512\" src=\"https:\/\/hyker.se\/wp-content\/uploads\/250206_heiker_00861_web-768x512.webp\" class=\"lg:min-h-[31.1875rem] w-full h-full object-cover\" alt=\"Image\" loading=\"lazy\" sizes=\"auto\" srcset=\"https:\/\/hyker.se\/wp-content\/uploads\/250206_heiker_00861_web-768x512.webp 768w, https:\/\/hyker.se\/wp-content\/uploads\/250206_heiker_00861_web-300x200.webp 300w, https:\/\/hyker.se\/wp-content\/uploads\/250206_heiker_00861_web-1024x683.webp 1024w, https:\/\/hyker.se\/wp-content\/uploads\/250206_heiker_00861_web-150x100.webp 150w, https:\/\/hyker.se\/wp-content\/uploads\/250206_heiker_00861_web-1536x1025.webp 1536w, https:\/\/hyker.se\/wp-content\/uploads\/250206_heiker_00861_web-18x12.webp 18w, https:\/\/hyker.se\/wp-content\/uploads\/250206_heiker_00861_web.webp 2000w\" \/>                        <div class=\"absolute right-0 bottom-0 text-white p-4 italic\">\n                            Emil Boman \u2013 System architect                        <\/div>\n                    <\/div>\n\n                        <\/div>\n\n<\/div>    <\/div>\n\n    \n    \n    \n\n<\/section>\n\n\n\n\n\n<section id=\"\" class=\"contact-person relative  text-[rgb(255,255,255)] bg-[rgb(0,51,55)] lg:px-5 custom-padding-top-m custom-padding-bottom-m mobile-custom-padding-top-s mobile-custom-padding-bottom-s\" style=\"--custom-color-contrast:rgb(255,255,255);--custom-color:rgb(0,51,55);\">\n\n    \n    <div class=\"container mx-auto max-w-global\">\n        \n<div class=\"flex flex-col md:flex-row gap-4 md:gap-12 text-center md:text-left items-center justify-start md:justify-center px-6 py-12 lg:py-20\">\n\n    <div class=\"\">\n                    <div class=\"\">\n                \n\n<img decoding=\"async\" width=\"768\" height=\"687\" src=\"https:\/\/hyker.se\/wp-content\/uploads\/250206_heiker_01555_web-1-e1740056661382-768x687.webp\" class=\"h-[5rem] w-[5rem] md:h-[7rem] md:w-[7rem] object-cover rounded-full\" alt=\"\" loading=\"lazy\" sizes=\"auto\" srcset=\"https:\/\/hyker.se\/wp-content\/uploads\/250206_heiker_01555_web-1-e1740056661382-768x687.webp 768w, https:\/\/hyker.se\/wp-content\/uploads\/250206_heiker_01555_web-1-e1740056661382-300x269.webp 300w, https:\/\/hyker.se\/wp-content\/uploads\/250206_heiker_01555_web-1-e1740056661382-1024x917.webp 1024w, https:\/\/hyker.se\/wp-content\/uploads\/250206_heiker_01555_web-1-e1740056661382-150x134.webp 150w, https:\/\/hyker.se\/wp-content\/uploads\/250206_heiker_01555_web-1-e1740056661382-13x12.webp 13w, https:\/\/hyker.se\/wp-content\/uploads\/250206_heiker_01555_web-1-e1740056661382.webp 1486w\" \/>            <\/div>\n            <\/div>\n    <div class=\"\">\n                    <div class=\"flexible-heading lg:text-h4-desktop font-semibold mb-2 uppercase\">\n                Vill du veta mer? Kontakta mig            <\/div>\n                            <div class=\"flexible-text mb-1 lg:text-h4-mobile lg:leading-[1.6875rem] font-medium\">\n                Johannes Samuelsson            <\/div>\n                            <div class=\"flexible-text mb-1 lg:text-h4-mobile lg:leading-[1.6875rem]\">\n                Head of Business Area Services            <\/div>\n                            <div class=\"flexible-text mb-1 lg:text-h4-mobile lg:leading-[1.6875rem]\">\n                <a href=\"mailto:johannes.samuelsson@hyker.se\" class=\"hover:underline hover:text-white\">Skicka e-post<\/a>\n            <\/div>\n            <div class=\"\">\n        \n    <\/div>\n<\/div>    <\/div>\n\n    \n    \n    \n\n<\/section>","protected":false},"excerpt":{"rendered":"","protected":false},"author":2,"featured_media":0,"parent":0,"menu_order":0,"comment_status":"closed","ping_status":"closed","template":"","meta":{"_acf_changed":false,"inline_featured_image":false,"footnotes":""},"class_list":["post-3492","page","type-page","status-publish","hentry"],"acf":[],"_links":{"self":[{"href":"https:\/\/hyker.se\/en\/wp-json\/wp\/v2\/pages\/3492","targetHints":{"allow":["GET"]}}],"collection":[{"href":"https:\/\/hyker.se\/en\/wp-json\/wp\/v2\/pages"}],"about":[{"href":"https:\/\/hyker.se\/en\/wp-json\/wp\/v2\/types\/page"}],"author":[{"embeddable":true,"href":"https:\/\/hyker.se\/en\/wp-json\/wp\/v2\/users\/2"}],"replies":[{"embeddable":true,"href":"https:\/\/hyker.se\/en\/wp-json\/wp\/v2\/comments?post=3492"}],"version-history":[{"count":39,"href":"https:\/\/hyker.se\/en\/wp-json\/wp\/v2\/pages\/3492\/revisions"}],"predecessor-version":[{"id":4468,"href":"https:\/\/hyker.se\/en\/wp-json\/wp\/v2\/pages\/3492\/revisions\/4468"}],"wp:attachment":[{"href":"https:\/\/hyker.se\/en\/wp-json\/wp\/v2\/media?parent=3492"}],"curies":[{"name":"wp","href":"https:\/\/api.w.org\/{rel}","templated":true}]}}