{"id":3487,"date":"2025-02-06T14:06:12","date_gmt":"2025-02-06T14:06:12","guid":{"rendered":"https:\/\/hyker.se\/?page_id=3487"},"modified":"2025-12-09T15:05:08","modified_gmt":"2025-12-09T15:05:08","slug":"solutions","status":"publish","type":"page","link":"https:\/\/hyker.se\/en\/solutions\/","title":{"rendered":"Solutions"},"content":{"rendered":"\n\n\n\n\n\n\n<section id=\"\" class=\"hero relative min-h-[20.5625rem] md:min-h-[30.04219rem] flex flex-col justify-center text-[rgb(255,255,255)] lg:px-5 custom-padding-top-m custom-padding-bottom-m mobile-custom-padding-top-s mobile-custom-padding-bottom-s\" style=\"--custom-color-contrast:rgb(255,255,255);\">\n\n    \n    <div class=\"container mx-auto \">\n        \n<div class=\"relative z-20 pt-10\">\n    <div>\n        <div class=\"mx-auto fade-down\">\n                            <div class=\"mb-7\">\n                    \n\n<div class=\"flex-ible flex flex-col \">\n\n    \n    \n        \n                                    \n        \n        \n                    \n            <div class=\"flexible-heading\">\n                \n\n\n\n    <h1 class=\" break-words g-heading  size-h3\">HYKER Solutions<\/h1>\n\n                <\/div>\n                \n        \n        \n        \n        \n                    \n        \n        \n                \n                    \n            <div class=\"flexible-text\">\n                \n\n<div class=\"space-y-4 g-text \">\n    <p>Kundanpassade l\u00f6sningar<\/p>\n<\/div>            <\/div>\n        \n        \n        \n        \n                    <\/div>                <\/div>\n            \n        <\/div>\n    <\/div>\n<\/div>    <\/div>\n\n    \n                \n                            \n        \n\n<img fetchpriority=\"high\" decoding=\"async\" width=\"768\" height=\"280\" src=\"https:\/\/hyker.se\/wp-content\/uploads\/Operational-information-768x280.webp\" class=\"w-full h-full absolute inset-0 object-center object-cover\" alt=\"Image\" loading=\"eager\" sizes=\"auto\" srcset=\"https:\/\/hyker.se\/wp-content\/uploads\/Operational-information-768x280.webp 768w, https:\/\/hyker.se\/wp-content\/uploads\/Operational-information-300x109.webp 300w, https:\/\/hyker.se\/wp-content\/uploads\/Operational-information-1024x373.webp 1024w, https:\/\/hyker.se\/wp-content\/uploads\/Operational-information-150x55.webp 150w, https:\/\/hyker.se\/wp-content\/uploads\/Operational-information-1536x560.webp 1536w, https:\/\/hyker.se\/wp-content\/uploads\/Operational-information-png.webp 1920w\" \/>    \n            <div class=\"absolute inset-0 bg-black bg-opacity-20 lg:max-h-full z-10 w-full h-full\"><\/div>\n    \n    \n\n<\/section>\n\n\n\n\n\n<section id=\"\" class=\"simple-block relative  lg:px-5 custom-padding-top-m custom-padding-bottom-m mobile-custom-padding-top-m mobile-custom-padding-bottom-s\" style=\"\">\n\n    \n    <div class=\"container mx-auto max-w-global\">\n        \n<div>\n            <div class=\"relative z-20 max-w-[60rem] mx-auto\">\n            \n\n<div class=\"flex-ible flex flex-col space-y-8 text-center\">\n\n    \n    \n        \n        \n                \n                    \n            <div class=\"flexible-text\">\n                \n\n<div class=\"space-y-4 g-text \">\n    <p>Med HYKER Solutions erbjuder vi integrationer med v\u00e5r plattform och andra kundanpassningar f\u00f6r att \u00f6ka s\u00e4kerheten hos v\u00e5ra kunder, partners och tj\u00e4nsteleverant\u00f6rer.<\/p>\n<\/div>            <\/div>\n        \n        \n        \n        \n                    <\/div>        <\/div>\n    <\/div>    <\/div>\n\n    \n    \n    \n\n<\/section>\n\n\n\n\n\n\n<section id=\"\" class=\"grid relative  lg:px-5 custom-padding-top-m custom-padding-bottom-m mobile-custom-padding-top-xs mobile-custom-padding-bottom-s\" style=\"\">\n\n    \n    <div class=\"container mx-auto \">\n        \n\n\n<div class=\"grid-items grid md:grid-cols-3 grid-3-cols xl:gap-x-0 gap-x-10 gap-y-10\">\n            <div class=\"grid-item xl:py-10 xl:pl-10 xl:pr-5\">\n                            <div class=\"flexible-heading text-[1.8rem] font-semibold mb-5\">\n                    Eget varum\u00e4rke                 <\/div>\n                                        <div class=\"flexible-text mb-4 md:text-[21px]\">\n                    Erbjud HYKERs tj\u00e4nster internt eller till partners och kunder under eget varum\u00e4rke.                <\/div>\n                    <\/div>\n            <div class=\"grid-item xl:py-10 xl:pl-10 xl:pr-5\">\n                            <div class=\"flexible-heading text-[1.8rem] font-semibold mb-5\">\n                    On-prem                <\/div>\n                                        <div class=\"flexible-text mb-4 md:text-[21px]\">\n                    Installation av HYKERs mjukvara och tj\u00e4nster p\u00e5 er egen infrastruktur.                <\/div>\n                    <\/div>\n            <div class=\"grid-item xl:py-10 xl:pl-10 xl:pr-5\">\n                            <div class=\"flexible-heading text-[1.8rem] font-semibold mb-5\">\n                    Externa applikationer                <\/div>\n                                        <div class=\"flexible-text mb-4 md:text-[21px]\">\n                    Vi g\u00f6r anpassningar och integrationer f\u00f6r att s\u00e4kra externa applikationers hantering av kritisk information.                <\/div>\n                    <\/div>\n    <\/div>    <\/div>\n\n    \n    \n    \n\n<\/section>\n\n\n\n\n\n\n<section id=\"\" class=\"simple-hero relative flex flex-col justify-center text-[rgb(255,255,255)] lg:px-5 custom-padding-top-l custom-padding-bottom-l mobile-custom-padding-top-m mobile-custom-padding-bottom-m\" style=\"--custom-color-contrast:rgb(255,255,255);\">\n\n    \n    <div class=\"container mx-auto \">\n        \n<div class=\"relative z-20\">\n    <div>\n        <div class=\"mx-auto fade-down-element\">\n                            <div class=\"mb-7\">\n                    \n\n<div class=\"flex-ible flex flex-col \">\n\n    \n    \n        \n        \n                    \n            <div class=\"flexible-heading\">\n                \n\n\n\n    <h2 class=\" break-words g-heading  size-h1\">Kundanpassad s\u00e4kerhet<\/h2>\n\n                <\/div>\n                \n        \n        \n        \n        \n                    <\/div>                <\/div>\n            \n        <\/div>\n    <\/div>\n<\/div>    <\/div>\n\n    \n                \n        \n        \n\n<img decoding=\"async\" width=\"768\" height=\"346\" src=\"https:\/\/hyker.se\/wp-content\/uploads\/Rectangle-31-768x346.webp\" class=\"w-full h-full absolute inset-0 object-center object-cover\" alt=\"Image\" loading=\"lazy\" sizes=\"auto\" srcset=\"https:\/\/hyker.se\/wp-content\/uploads\/Rectangle-31-768x346.webp 768w, https:\/\/hyker.se\/wp-content\/uploads\/Rectangle-31-300x135.webp 300w, https:\/\/hyker.se\/wp-content\/uploads\/Rectangle-31-1024x461.webp 1024w, https:\/\/hyker.se\/wp-content\/uploads\/Rectangle-31-150x68.webp 150w, https:\/\/hyker.se\/wp-content\/uploads\/Rectangle-31-1536x691.webp 1536w, https:\/\/hyker.se\/wp-content\/uploads\/Rectangle-31-png.webp 1920w\" \/>    \n            <div class=\"absolute inset-0 bg-black bg-opacity-20 lg:max-h-full z-10 w-full h-full\"><\/div>\n    \n    \n\n<\/section>\n\n\n\n\n\n\n<section id=\"\" class=\"image-text relative  lg:px-5 custom-padding-top-m custom-padding-bottom-m mobile-custom-padding-top-s mobile-custom-padding-bottom-0\" style=\"\">\n\n    \n    <div class=\"container mx-auto \">\n        \n<div class=\"grid md:grid-cols-2 gap-10 lg:gap-14 items-center start-image-text\">\n\n    <div class=\"order-2 lg:order-2\">\n                    <div class=\" max-w-[34.06rem]\">\n                \n\n<div class=\"flex-ible flex flex-col space-y-8\">\n\n    \n    \n        \n        \n                    \n            <div class=\"flexible-heading\">\n                \n\n\n\n    <h2 class=\" break-words g-heading  size-h2\">HYKER DBLP<\/h2>\n\n                <\/div>\n                \n        \n        \n        \n        \n                    \n        \n        \n                \n                    \n            <div class=\"flexible-text\">\n                \n\n<div class=\"space-y-4 g-text \">\n    <p>HYKER DBLP (Data Breach and Loss Protection) \u00e4r en helt\u00e4ckande molnplattform f\u00f6r end-to-end-kryptering med administrationsverktyg som ger full kontroll \u00f6ver er molnl\u00f6sning och era anv\u00e4ndare eller kunder. Plattformen st\u00f6der alla funktioner som kr\u00e4vs f\u00f6r s\u00e4ker lagring, \u00e5tkomst och delning av k\u00e4nslig information. HYKER DBLP \u00e4r utvecklad med fokus p\u00e5 s\u00e4kerhet och h\u00f6g tillg\u00e4nglighet. Dessutom ing\u00e5r ett API som m\u00f6jligg\u00f6r smidig integration med b\u00e5de interna system och externa tj\u00e4nster.<\/p>\n<\/div>            <\/div>\n        \n        \n        \n        \n                    <\/div>            <\/div>\n            <\/div>\n\n    <div class=\"image-column order-1 lg:order-1\">\n\n                    <div class=\"fade-up-element lg:h-full \">\n                <img decoding=\"async\" src=\"https:\/\/hyker.se\/wp-content\/uploads\/bild-4.webp\" alt=\"\" \/>\n                            <\/div>\n            <\/div>\n\n<\/div>    <\/div>\n\n    \n    \n    \n\n<\/section>\n\n\n\n\n\n\n<section id=\"\" class=\"image-text relative  lg:px-5 custom-padding-top-m custom-padding-bottom-m mobile-custom-padding-top-s mobile-custom-padding-bottom-s\" style=\"\">\n\n    \n    <div class=\"container mx-auto \">\n        \n<div class=\"grid md:grid-cols-2 gap-10 lg:gap-14 items-center start-image-text\">\n\n    <div class=\"order-2 lg:order-1\">\n                    <div class=\" max-w-[34.06rem]\">\n                \n\n<div class=\"flex-ible flex flex-col space-y-8\">\n\n    \n    \n        \n        \n                    \n            <div class=\"flexible-heading\">\n                \n\n\n\n    <h2 class=\" break-words g-heading  size-h2\">HYKER Solutions<\/h2>\n\n                <\/div>\n                \n        \n        \n        \n        \n                    \n        \n        \n                \n                    \n            <div class=\"flexible-text\">\n                \n\n<div class=\"space-y-4 g-text \">\n    <p>HYKERs plattform och tj\u00e4nster f\u00f6r end-to-end-kryptering anv\u00e4nds av ledande f\u00f6retag och organisationer f\u00f6r att skydda k\u00e4nslig information. V\u00e5ra l\u00f6sningar \u00e4r enkla att integrera med interna system och v\u00e5rt team erbjuder l\u00e5ngsiktigt st\u00f6d f\u00f6r din molnl\u00f6sning.<\/p>\n<\/div>            <\/div>\n        \n        \n        \n        \n                    <\/div>            <\/div>\n            <\/div>\n\n    <div class=\"image-column order-1 lg:order-2\">\n\n                                        <div class=\"fade-up-element lg:h-full relative\">\n                        \n\n<img decoding=\"async\" width=\"768\" height=\"512\" src=\"https:\/\/hyker.se\/wp-content\/uploads\/250903_hyker_00032_web-768x512.webp\" class=\"lg:min-h-[31.1875rem] w-full h-full object-cover\" alt=\"Image\" loading=\"lazy\" sizes=\"auto\" srcset=\"https:\/\/hyker.se\/wp-content\/uploads\/250903_hyker_00032_web-768x512.webp 768w, https:\/\/hyker.se\/wp-content\/uploads\/250903_hyker_00032_web-300x200.webp 300w, https:\/\/hyker.se\/wp-content\/uploads\/250903_hyker_00032_web-1024x683.webp 1024w, https:\/\/hyker.se\/wp-content\/uploads\/250903_hyker_00032_web-150x100.webp 150w, https:\/\/hyker.se\/wp-content\/uploads\/250903_hyker_00032_web-1536x1025.webp 1536w, https:\/\/hyker.se\/wp-content\/uploads\/250903_hyker_00032_web-18x12.webp 18w, https:\/\/hyker.se\/wp-content\/uploads\/250903_hyker_00032_web.webp 2000w\" \/>                        <div class=\"absolute right-0 bottom-0 text-white p-4 italic\">\n                            Amanda Lundeberg &#8211; Customer success manager                         <\/div>\n                    <\/div>\n\n                        <\/div>\n\n<\/div>    <\/div>\n\n    \n    \n    \n\n<\/section>\n\n\n\n\n\n<section id=\"\" class=\"contact-person relative  text-[rgb(255,255,255)] bg-[rgb(0,51,55)] lg:px-5 custom-padding-top-m custom-padding-bottom-m mobile-custom-padding-top-s mobile-custom-padding-bottom-s\" style=\"--custom-color-contrast:rgb(255,255,255);--custom-color:rgb(0,51,55);\">\n\n    \n    <div class=\"container mx-auto max-w-global\">\n        \n<div class=\"flex flex-col md:flex-row gap-4 md:gap-12 text-center md:text-left items-center justify-start md:justify-center px-6 py-12 lg:py-20\">\n\n    <div class=\"\">\n                    <div class=\"\">\n                \n\n<img decoding=\"async\" width=\"768\" height=\"548\" src=\"https:\/\/hyker.se\/wp-content\/uploads\/250206_heiker_00415_web-copy-768x548.webp\" class=\"h-[5rem] w-[5rem] md:h-[7rem] md:w-[7rem] object-cover rounded-full\" alt=\"\" loading=\"lazy\" sizes=\"auto\" srcset=\"https:\/\/hyker.se\/wp-content\/uploads\/250206_heiker_00415_web-copy-768x548.webp 768w, https:\/\/hyker.se\/wp-content\/uploads\/250206_heiker_00415_web-copy-300x214.webp 300w, https:\/\/hyker.se\/wp-content\/uploads\/250206_heiker_00415_web-copy-1024x730.webp 1024w, https:\/\/hyker.se\/wp-content\/uploads\/250206_heiker_00415_web-copy-150x107.webp 150w, https:\/\/hyker.se\/wp-content\/uploads\/250206_heiker_00415_web-copy-1536x1096.webp 1536w, https:\/\/hyker.se\/wp-content\/uploads\/250206_heiker_00415_web-copy-18x12.webp 18w, https:\/\/hyker.se\/wp-content\/uploads\/250206_heiker_00415_web-copy.webp 1870w\" \/>            <\/div>\n            <\/div>\n    <div class=\"\">\n                    <div class=\"flexible-heading lg:text-h4-desktop font-semibold mb-2 uppercase\">\n                Vill du veta mer? Kontakta mig            <\/div>\n                            <div class=\"flexible-text mb-1 lg:text-h4-mobile lg:leading-[1.6875rem] font-medium\">\n                Jonas Hallin            <\/div>\n                            <div class=\"flexible-text mb-1 lg:text-h4-mobile lg:leading-[1.6875rem]\">\n                Head of Business Area Solutions            <\/div>\n                            <div class=\"flexible-text mb-1 lg:text-h4-mobile lg:leading-[1.6875rem]\">\n                <a href=\"mailto:jonas.hallin@hyker.se\" class=\"hover:underline hover:text-white\">Skicka e-post<\/a>\n            <\/div>\n            <div class=\"\">\n        \n    <\/div>\n<\/div>    <\/div>\n\n    \n    \n    \n\n<\/section>","protected":false},"excerpt":{"rendered":"","protected":false},"author":2,"featured_media":0,"parent":0,"menu_order":0,"comment_status":"closed","ping_status":"closed","template":"","meta":{"_acf_changed":false,"inline_featured_image":false,"footnotes":""},"class_list":["post-3487","page","type-page","status-publish","hentry"],"acf":[],"_links":{"self":[{"href":"https:\/\/hyker.se\/en\/wp-json\/wp\/v2\/pages\/3487","targetHints":{"allow":["GET"]}}],"collection":[{"href":"https:\/\/hyker.se\/en\/wp-json\/wp\/v2\/pages"}],"about":[{"href":"https:\/\/hyker.se\/en\/wp-json\/wp\/v2\/types\/page"}],"author":[{"embeddable":true,"href":"https:\/\/hyker.se\/en\/wp-json\/wp\/v2\/users\/2"}],"replies":[{"embeddable":true,"href":"https:\/\/hyker.se\/en\/wp-json\/wp\/v2\/comments?post=3487"}],"version-history":[{"count":37,"href":"https:\/\/hyker.se\/en\/wp-json\/wp\/v2\/pages\/3487\/revisions"}],"predecessor-version":[{"id":4521,"href":"https:\/\/hyker.se\/en\/wp-json\/wp\/v2\/pages\/3487\/revisions\/4521"}],"wp:attachment":[{"href":"https:\/\/hyker.se\/en\/wp-json\/wp\/v2\/media?parent=3487"}],"curies":[{"name":"wp","href":"https:\/\/api.w.org\/{rel}","templated":true}]}}