{"id":3421,"date":"2025-02-04T13:45:50","date_gmt":"2025-02-04T13:45:50","guid":{"rendered":"https:\/\/hyker.se\/?page_id=3421"},"modified":"2025-04-24T07:05:48","modified_gmt":"2025-04-24T07:05:48","slug":"driftsinformation","status":"publish","type":"page","link":"https:\/\/hyker.se\/en\/driftsinformation\/","title":{"rendered":"Operational information"},"content":{"rendered":"\n\n\n\n\n\n\n<section id=\"\" class=\"hero relative min-h-[20.5625rem] md:min-h-[30.04219rem] flex flex-col justify-center text-[rgb(255,255,255)] lg:px-5 custom-padding-top-m custom-padding-bottom-m mobile-custom-padding-top-s mobile-custom-padding-bottom-s\" style=\"--custom-color-contrast:rgb(255,255,255);\">\n\n    \n    <div class=\"container mx-auto \">\n        \n<div class=\"relative z-20 pt-10\">\n    <div>\n        <div class=\"mx-auto fade-down\">\n                            <div class=\"mb-7\">\n                    \n\n<div class=\"flex-ible flex flex-col \">\n\n    \n    \n        \n        \n                    \n            <div class=\"flexible-heading\">\n                \n\n\n\n    <h1 class=\" break-words g-heading  \">Driftsinformation<\/h1>\n\n                <\/div>\n                \n        \n        \n        \n        \n                    <\/div>                <\/div>\n            \n        <\/div>\n    <\/div>\n<\/div>    <\/div>\n\n    \n                \n                            \n        \n\n<img fetchpriority=\"high\" decoding=\"async\" width=\"768\" height=\"280\" src=\"https:\/\/hyker.se\/wp-content\/uploads\/Operational-information-768x280.webp\" class=\"w-full h-full absolute inset-0 object-center object-cover\" alt=\"Image\" loading=\"eager\" sizes=\"auto\" srcset=\"https:\/\/hyker.se\/wp-content\/uploads\/Operational-information-768x280.webp 768w, https:\/\/hyker.se\/wp-content\/uploads\/Operational-information-300x109.webp 300w, https:\/\/hyker.se\/wp-content\/uploads\/Operational-information-1024x373.webp 1024w, https:\/\/hyker.se\/wp-content\/uploads\/Operational-information-150x55.webp 150w, https:\/\/hyker.se\/wp-content\/uploads\/Operational-information-1536x560.webp 1536w, https:\/\/hyker.se\/wp-content\/uploads\/Operational-information-png.webp 1920w\" \/>    \n            <div class=\"absolute inset-0 bg-black bg-opacity-20 lg:max-h-full z-10 w-full h-full\"><\/div>\n    \n    \n\n<\/section>\n\n\n\n\n\n\n<section id=\"\" class=\"status-block relative  bg-[rgb(196,230,230)] lg:px-5 custom-padding-top-m custom-padding-bottom-m mobile-custom-padding-top-s mobile-custom-padding-bottom-s\" style=\"--custom-color:rgb(196,230,230);\">\n\n    \n    <div class=\"container mx-auto \">\n        \n<div>\n\n    <div class=\"grid-item bg-[#D6EDED] p-10 md:p-20\">\n                    <div class=\"space-y-10\">\n                                    <div>\n                        <div class=\"mb-4\">\n                            <div class=\"flexible-heading text-h3-desktop font-semibold\">\n                                Aktuell driftinformation                            <\/div>\n                        <\/div>\n                        <div class=\"flexible-text text-h4-mobile leading-[1.6875rem]\">\n                            \n\n<div class=\"space-y-4 g-text \">\n    <p>Inga p\u00e5g\u00e5ende driftst\u00f6rningar.<\/p>\n<\/div>                        <\/div>\n                    <\/div>\n                                    <div>\n                        <div class=\"mb-4\">\n                            <div class=\"flexible-heading text-h3-desktop font-semibold\">\n                                Planerat underh\u00e5ll                            <\/div>\n                        <\/div>\n                        <div class=\"flexible-text text-h4-mobile leading-[1.6875rem]\">\n                            \n\n<div class=\"space-y-4 g-text \">\n    <p>Inget planerat underh\u00e5ll.<\/p>\n<\/div>                        <\/div>\n                    <\/div>\n                            <\/div>\n            <\/div>\n\n    <div class=\"grid-item bg-[#E7F5F5] p-10 md:p-20\">\n        <div>\n                            <div class=\"max-w-[44.6875rem]\">\n                    \n\n<div class=\"flex-ible flex flex-col space-y-6\">\n\n    \n    \n        \n        \n                    \n            <div class=\"flexible-heading\">\n                \n\n\n\n    <h2 class=\" break-words g-heading  size-h3\">Rapportera ett problem<\/h2>\n\n                <\/div>\n                \n        \n        \n        \n        \n                    \n        \n        \n                \n                    \n            <div class=\"flexible-text\">\n                \n\n<div class=\"space-y-4 g-text \">\n    <p>Upplever du problem som inte t\u00e4cks av v\u00e5r driftinformation? Rapportera ett problem till v\u00e5r support.<\/p>\n<\/div>            <\/div>\n        \n        \n        \n        \n                    \n        \n        \n                \n        \n        \n                                <div class=\"flexible-button\">\n                <div>\n                    \n\n<div class=\"relative w-full lg:w-auto\">\n    <a class=\"primary\" target=\"_blank\" href=\"https:\/\/hyker.freshdesk.com\/support\/tickets\/new\" rel=\"noopener\">\n        <div class=\" btn text-center justify-center inline-flex \">\n            <div>Skapa support\u00e4rende<\/div>\n        <\/div>\n    <\/a>\n<\/div>                <\/div>\n            <\/div>\n        \n        \n                    <\/div>                <\/div>\n                    <\/div>\n    <\/div>\n<\/div>    <\/div>\n\n    \n    \n    \n\n<\/section>\n\n\n\n\n\n<section id=\"\" class=\"cta relative  text-[rgb(255,255,255)] bg-[rgb(0,51,55)] lg:px-5 custom-padding-top-m custom-padding-bottom-m mobile-custom-padding-top-m mobile-custom-padding-bottom-m\" style=\"--custom-color-contrast:rgb(255,255,255);--custom-color:rgb(0,51,55);\">\n\n    \n    <div class=\"container mx-auto max-w-global\">\n        \n<div>\n            <div class=\"relative z-20 max-w-[60rem] mx-auto\">\n            \n\n<div class=\"flex-ible flex flex-col space-y-8 text-center\">\n\n    \n    \n        \n        \n                    \n            <div class=\"flexible-heading\">\n                \n\n\n    <div class=\" break-words g-heading \">\n    \n    <span class=\" break-words g-heading  size-h2\">VILL DU VETA MER?<\/span>\n\n        <\/div>\n            <\/div>\n                \n        \n        \n        \n        \n                    \n        \n        \n                \n        \n        \n                                <div class=\"flexible-button\">\n                <div>\n                    \n\n<div class=\"relative w-full lg:w-auto\">\n    <a class=\"primary-dark\" target=\"\" href=\"https:\/\/hyker.se\/kontakt\/\">\n        <div class=\" btn text-center justify-center inline-flex \">\n            <div>Kontakta oss<\/div>\n        <\/div>\n    <\/a>\n<\/div>                <\/div>\n            <\/div>\n        \n        \n                    <\/div>        <\/div>\n    <\/div>    <\/div>\n\n    \n    \n    \n\n<\/section>","protected":false},"excerpt":{"rendered":"","protected":false},"author":1,"featured_media":0,"parent":0,"menu_order":0,"comment_status":"closed","ping_status":"closed","template":"","meta":{"_acf_changed":false,"inline_featured_image":false,"footnotes":""},"class_list":["post-3421","page","type-page","status-publish","hentry"],"acf":[],"_links":{"self":[{"href":"https:\/\/hyker.se\/en\/wp-json\/wp\/v2\/pages\/3421","targetHints":{"allow":["GET"]}}],"collection":[{"href":"https:\/\/hyker.se\/en\/wp-json\/wp\/v2\/pages"}],"about":[{"href":"https:\/\/hyker.se\/en\/wp-json\/wp\/v2\/types\/page"}],"author":[{"embeddable":true,"href":"https:\/\/hyker.se\/en\/wp-json\/wp\/v2\/users\/1"}],"replies":[{"embeddable":true,"href":"https:\/\/hyker.se\/en\/wp-json\/wp\/v2\/comments?post=3421"}],"version-history":[{"count":30,"href":"https:\/\/hyker.se\/en\/wp-json\/wp\/v2\/pages\/3421\/revisions"}],"predecessor-version":[{"id":4224,"href":"https:\/\/hyker.se\/en\/wp-json\/wp\/v2\/pages\/3421\/revisions\/4224"}],"wp:attachment":[{"href":"https:\/\/hyker.se\/en\/wp-json\/wp\/v2\/media?parent=3421"}],"curies":[{"name":"wp","href":"https:\/\/api.w.org\/{rel}","templated":true}]}}