{"id":3406,"date":"2025-02-04T11:43:48","date_gmt":"2025-02-04T11:43:48","guid":{"rendered":"https:\/\/hyker.se\/?page_id=3406"},"modified":"2026-03-03T13:23:43","modified_gmt":"2026-03-03T13:23:43","slug":"om-oss","status":"publish","type":"page","link":"https:\/\/hyker.se\/en\/om-oss\/","title":{"rendered":"Our mission"},"content":{"rendered":"\n\n\n\n\n\n\n<section id=\"\" class=\"hero relative min-h-[20.5625rem] md:min-h-[30.04219rem] flex flex-col justify-center text-[rgb(255,255,255)] lg:px-5 custom-padding-top-m custom-padding-bottom-m mobile-custom-padding-top-m mobile-custom-padding-bottom-s\" style=\"--custom-color-contrast:rgb(255,255,255);\">\n\n    \n    <div class=\"container mx-auto \">\n        \n<div class=\"relative z-20 pt-10\">\n    <div>\n        <div class=\"mx-auto fade-down\">\n                            <div class=\"mb-7\">\n                    \n\n<div class=\"flex-ible flex flex-col \">\n\n    \n    \n        \n                                <div class=\"flexible-image\">\n                \n\n<img decoding=\"async\" width=\"221\" height=\"310\" src=\"https:\/\/hyker.se\/wp-content\/uploads\/b95aececf7254e314001385399221c28-png.webp\" class=\"flexible-image\" alt=\"Image\" loading=\"lazy\" sizes=\"auto\" srcset=\"https:\/\/hyker.se\/wp-content\/uploads\/b95aececf7254e314001385399221c28-png.webp 221w, https:\/\/hyker.se\/wp-content\/uploads\/b95aececf7254e314001385399221c28-214x300.webp 214w, https:\/\/hyker.se\/wp-content\/uploads\/b95aececf7254e314001385399221c28-107x150.webp 107w, https:\/\/hyker.se\/wp-content\/uploads\/b95aececf7254e314001385399221c28-9x12.webp 9w\" \/>            <\/div>\n        \n                \n        \n        \n        \n        \n                    \n        \n        \n                    \n            <div class=\"flexible-heading\">\n                \n\n\n\n    <h1 class=\" break-words g-heading  size-h1\">V\u00e5rt uppdrag<\/h1>\n\n                <\/div>\n                \n        \n        \n        \n        \n                    <\/div>                <\/div>\n            \n        <\/div>\n    <\/div>\n<\/div>    <\/div>\n\n    \n                \n                            \n        \n\n<img fetchpriority=\"high\" decoding=\"async\" width=\"768\" height=\"318\" src=\"https:\/\/hyker.se\/wp-content\/uploads\/northern-lights-225454_1280-e1758627171492-768x318.webp\" class=\"w-full h-full absolute inset-0 object-center object-cover\" alt=\"Image\" loading=\"eager\" sizes=\"auto\" srcset=\"https:\/\/hyker.se\/wp-content\/uploads\/northern-lights-225454_1280-e1758627171492-768x318.webp 768w, https:\/\/hyker.se\/wp-content\/uploads\/northern-lights-225454_1280-e1758627171492-300x124.webp 300w, https:\/\/hyker.se\/wp-content\/uploads\/northern-lights-225454_1280-e1758627171492-1024x424.webp 1024w, https:\/\/hyker.se\/wp-content\/uploads\/northern-lights-225454_1280-e1758627171492-150x62.webp 150w, https:\/\/hyker.se\/wp-content\/uploads\/northern-lights-225454_1280-e1758627171492-18x7.webp 18w, https:\/\/hyker.se\/wp-content\/uploads\/northern-lights-225454_1280-e1758627171492.webp 1280w\" \/>    \n            <div class=\"absolute inset-0 bg-black bg-opacity-20 lg:max-h-full z-10 w-full h-full\"><\/div>\n    \n    \n\n<\/section>\n\n\n\n\n\n<section id=\"\" class=\"simple-block relative  lg:px-5 custom-padding-top-m custom-padding-bottom-m mobile-custom-padding-top-s mobile-custom-padding-bottom-s\" style=\"\">\n\n    \n    <div class=\"container mx-auto max-w-global\">\n        \n<div>\n            <div class=\"relative z-20 max-w-[60rem] mx-auto\">\n            \n\n<div class=\"flex-ible flex flex-col space-y-8 text-center\">\n\n    \n    \n        \n        \n                    \n            <div class=\"flexible-heading\">\n                \n\n\n\n    <h2 class=\" break-words g-heading  size-h2\">Cybers\u00e4kerhet, helt enkelt.<\/h2>\n\n                <\/div>\n                \n        \n        \n        \n        \n                    \n        \n        \n                \n                    \n            <div class=\"flexible-text\">\n                \n\n<div class=\"space-y-4 g-text \">\n    <p>P\u00e5 HYKER drivs vi av att m\u00f6ta v\u00e5ra kunders behov och s\u00e4kerhetskrav n\u00e4r det g\u00e4ller att skydda deras mest kritiska information. V\u00e5rt k\u00e4rnuppdrag har d\u00e4rf\u00f6r alltid varit fokuserat p\u00e5 att leverera en kundupplevelse d\u00e4r s\u00e4kerhet och anv\u00e4ndarv\u00e4nlighet g\u00e5r hand i hand.<\/p>\n<\/div>            <\/div>\n        \n        \n        \n        \n                    <\/div>        <\/div>\n    <\/div>    <\/div>\n\n    \n    \n    \n\n<\/section>\n\n\n\n\n\n\n<section id=\"\" class=\"box-grid relative   md:pt-0 md:pb-0 mobile-custom-padding-top-s mobile-custom-padding-bottom-0\" style=\"\">\n\n    \n    <div class=\" max-w-[120rem] mx-auto\">\n        \n<div class=\"grid md:grid-cols-2\">\n\n    <div class=\"grid-item xl:min-h-[46.1875rem] px-5 md:px-10 xl:px-0 pt-20 xl:pt-36 pb-20 xl:pb-0\">\n        <div class=\"max-w-[35.25rem] mx-auto\">\n                            <div>\n                    \n\n<div class=\"flex-ible flex flex-col space-y-8\">\n\n    \n    \n        \n        \n                    \n            <div class=\"flexible-heading\">\n                \n\n\n\n    <h2 class=\" break-words g-heading  size-h2\">L\u00f6sningar f\u00f6r kritisk information i offentliga moln.<\/h2>\n\n                <\/div>\n                \n        \n        \n        \n        \n                    \n        \n        \n                \n                    \n            <div class=\"flexible-text\">\n                \n\n<div class=\"space-y-4 g-text \">\n    <p>HYKER \u00e4r ett innovativt svenskt cybers\u00e4kerhetsf\u00f6retag. Vi har en mogen plattform f\u00f6r cybers\u00e4kerhet med spjutspetsteknik f\u00f6r konfidentialitet och integritet av information. Plattformen har varit i drift sedan 2017 och skyddar kritisk information hos \u00f6ver 200 f\u00f6retag i Norden.<\/p>\n<\/div>            <\/div>\n        \n        \n        \n        \n                    <\/div>                <\/div>\n                    <\/div>\n    <\/div>\n\n    <div class=\"grid-item xl:min-h-[46.1875rem] px-5 md:px-10 xl:px-0 pt-20 xl:pt-36 pb-20 xl:pb-0\">\n        <div class=\"max-w-[35.25rem] mx-auto\">\n                            <div>\n                    \n\n<div class=\"flex-ible flex flex-col space-y-8\">\n\n    \n    \n        \n        \n                \n                    \n            <div class=\"flexible-text\">\n                \n\n<div class=\"space-y-4 g-text \">\n    <p>Vi erbjuder tj\u00e4nster och l\u00f6sningar som ska hj\u00e4lpa v\u00e5ra kunder att skydda sin mest kritiska information. HYKERs l\u00f6sningar f\u00f6r kryptografi \u00e4ndrar f\u00f6ruts\u00e4ttningarna f\u00f6r datas\u00e4kerhet och har en betydande inverkan inom sitt omr\u00e5de.<\/p>\n<p>Med sin unika plattform bygger HYKER l\u00f6sningar p\u00e5 en teknologi som m\u00f6jligg\u00f6r implementering av End-to-End-kryptering (E2EE). Det inneb\u00e4r att vi kan utveckla tj\u00e4nster och l\u00f6sningar d\u00e4r v\u00e5ra kunders data f\u00f6rblir privat och otillg\u00e4nglig.<\/p>\n<p>HYKER \u00e4r ett dotterbolag till SAAB och erbjuder s\u00e4kerhetstj\u00e4nster och l\u00f6sningar f\u00f6r att st\u00f6dja det svenska totalf\u00f6rsvaret, organisationer och privat n\u00e4ringsliv.<\/p>\n<\/div>            <\/div>\n        \n        \n        \n        \n                    \n                                <div class=\"flexible-images flex items-center\">\n                                                            \n\n                                                                                \n\n                                                <\/div>\n        \n        \n                \n        \n        \n        \n        \n                    <\/div>                <\/div>\n                    <\/div>\n    <\/div>\n<\/div>    <\/div>\n\n    \n    \n    \n\n<\/section>\n\n\n\n\n\n\n<section id=\"\" class=\"simple-hero relative flex flex-col justify-center text-[rgb(255,255,255)] lg:px-5 custom-padding-top-l custom-padding-bottom-l mobile-custom-padding-top-m mobile-custom-padding-bottom-m\" style=\"--custom-color-contrast:rgb(255,255,255);\">\n\n    \n    <div class=\"container mx-auto \">\n        \n<div class=\"relative z-20\">\n    <div>\n        <div class=\"mx-auto fade-down-element\">\n                            <div class=\"mb-7\">\n                    \n\n<div class=\"flex-ible flex flex-col \">\n\n    \n    \n        \n        \n                    \n            <div class=\"flexible-heading\">\n                \n\n\n    <div class=\" break-words g-heading \">\n    \n    <span class=\" break-words g-heading  size-h1\">Cybers\u00e4kerhet, helt enkelt.<\/span>\n\n        <\/div>\n            <\/div>\n                \n        \n        \n        \n        \n                    <\/div>                <\/div>\n            \n        <\/div>\n    <\/div>\n<\/div>    <\/div>\n\n    \n                \n        \n        \n\n<img decoding=\"async\" width=\"768\" height=\"346\" src=\"https:\/\/hyker.se\/wp-content\/uploads\/index-768x346.webp\" class=\"w-full h-full absolute inset-0 object-center object-cover\" alt=\"Image\" loading=\"lazy\" sizes=\"auto\" srcset=\"https:\/\/hyker.se\/wp-content\/uploads\/index-768x346.webp 768w, https:\/\/hyker.se\/wp-content\/uploads\/index-300x135.webp 300w, https:\/\/hyker.se\/wp-content\/uploads\/index-1024x461.webp 1024w, https:\/\/hyker.se\/wp-content\/uploads\/index-150x68.webp 150w, https:\/\/hyker.se\/wp-content\/uploads\/index-1536x691.webp 1536w, https:\/\/hyker.se\/wp-content\/uploads\/index-png.webp 1920w\" \/>    \n            <div class=\"absolute inset-0 bg-black bg-opacity-20 lg:max-h-full z-10 w-full h-full\"><\/div>\n    \n    \n\n<\/section>\n\n\n\n\n\n\n<section id=\"\" class=\"image-text relative  bg-[rgb(231,245,245)] lg:px-5 custom-padding-top-m custom-padding-bottom-m mobile-custom-padding-top-s mobile-custom-padding-bottom-s\" style=\"--custom-color:rgb(231,245,245);\">\n\n    \n    <div class=\"container mx-auto \">\n        \n<div class=\"grid md:grid-cols-2 gap-10 lg:gap-14 items-center start-image-text\">\n\n    <div class=\"order-2 lg:order-1\">\n                    <div class=\" max-w-[34.06rem]\">\n                \n\n<div class=\"flex-ible flex flex-col space-y-8\">\n\n    \n    \n        \n        \n                    \n            <div class=\"flexible-heading\">\n                \n\n\n    <div class=\" break-words g-heading \">\n    \n    <span class=\" break-words g-heading  size-h2\">P\u00e5 HYKER<\/span>\n\n        <\/div>\n            <\/div>\n                \n        \n        \n        \n        \n                    \n        \n        \n                \n                    \n            <div class=\"flexible-text\">\n                \n\n<div class=\"space-y-4 g-text \">\n    <p>Pa\u030a HYKER drivs vi av att mo\u0308ta va\u030ara kunders behov och sa\u0308kerhetskrav na\u0308r det ga\u0308ller att skydda deras mest kritiska information. Va\u030art ka\u0308rnuppdrag har da\u0308r fo\u0308r alltid varit fokuserat pa\u030a att leverera en kundupplevelse da\u0308r sa\u0308kerhet och anva\u0308ndarva\u0308nlighet ga\u030ar hand i hand.<\/p>\n<p>Va\u030ar vision a\u0308r en va\u0308rld da\u0308r fo\u0308retag och organisationer kan skydda, hantera och dela sin kritiska information utan kompromisser. Med va\u030art DNA tror vi ocksa\u030a pa\u030a att sa\u0308kra kritisk information i svenska publika moln, da\u0308r all datalagring sker i enlighet med svensk lag. Vilket ga\u030ar hand i hand med va\u030ar passion att fo\u0308rena sa\u0308kerhet, trygghet och anva\u0308ndarva\u0308nlighet.<\/p>\n<p>Varje dag \u2013 sedan 2017 \u2013 har vi minskat risker<\/p>\n<\/div>            <\/div>\n        \n        \n        \n        \n                    <\/div>            <\/div>\n            <\/div>\n\n    <div class=\"image-column order-1 lg:order-2\">\n\n                    <div class=\"fade-up-element lg:h-full relative\">\n                <img decoding=\"async\" src=\"https:\/\/hyker.se\/wp-content\/uploads\/250206_heiker_01450_web.webp\" alt=\"\" \/>\n                                    <div class=\"absolute right-0 bottom-0 text-white p-4 italic\">\n                        Mats Karlsson &#8211; CEO                    <\/div>\n                            <\/div>\n            <\/div>\n\n<\/div>    <\/div>\n\n    \n    \n    \n\n<\/section>\n\n\n\n\n\n<section id=\"\" class=\"cta relative  text-[rgb(255,255,255)] bg-[rgb(0,51,55)] lg:px-5 custom-padding-top-m custom-padding-bottom-m mobile-custom-padding-top-m mobile-custom-padding-bottom-m\" style=\"--custom-color-contrast:rgb(255,255,255);--custom-color:rgb(0,51,55);\">\n\n    \n    <div class=\"container mx-auto max-w-global\">\n        \n<div>\n            <div class=\"relative z-20 max-w-[60rem] mx-auto\">\n            \n\n<div class=\"flex-ible flex flex-col space-y-8 text-center\">\n\n    \n    \n        \n        \n                    \n            <div class=\"flexible-heading\">\n                \n\n\n\n    <h3 class=\" break-words g-heading  size-h2\">Vill du veta mer?<\/h3>\n\n                <\/div>\n                \n        \n        \n        \n        \n                    \n        \n        \n                \n        \n        \n        \n        \n                    \n            <div class=\"flex gap-4 flex-wrap flexible-buttons pt-2 lg:pt-0\">\n                                                            \n\n<div class=\"relative w-full lg:w-auto\">\n    <a class=\"primary-dark\" target=\"\" href=\"https:\/\/hyker.se\/kontakt\/\">\n        <div class=\" btn text-center justify-center inline-flex \">\n            <div>Kontakta oss<\/div>\n        <\/div>\n    <\/a>\n<\/div>                                                <\/div>\n                    <\/div>        <\/div>\n    <\/div>    <\/div>\n\n    \n    \n    \n\n<\/section>","protected":false},"excerpt":{"rendered":"","protected":false},"author":1,"featured_media":0,"parent":0,"menu_order":0,"comment_status":"closed","ping_status":"closed","template":"","meta":{"_acf_changed":false,"inline_featured_image":false,"footnotes":""},"class_list":["post-3406","page","type-page","status-publish","hentry"],"acf":[],"_links":{"self":[{"href":"https:\/\/hyker.se\/en\/wp-json\/wp\/v2\/pages\/3406","targetHints":{"allow":["GET"]}}],"collection":[{"href":"https:\/\/hyker.se\/en\/wp-json\/wp\/v2\/pages"}],"about":[{"href":"https:\/\/hyker.se\/en\/wp-json\/wp\/v2\/types\/page"}],"author":[{"embeddable":true,"href":"https:\/\/hyker.se\/en\/wp-json\/wp\/v2\/users\/1"}],"replies":[{"embeddable":true,"href":"https:\/\/hyker.se\/en\/wp-json\/wp\/v2\/comments?post=3406"}],"version-history":[{"count":119,"href":"https:\/\/hyker.se\/en\/wp-json\/wp\/v2\/pages\/3406\/revisions"}],"predecessor-version":[{"id":4565,"href":"https:\/\/hyker.se\/en\/wp-json\/wp\/v2\/pages\/3406\/revisions\/4565"}],"wp:attachment":[{"href":"https:\/\/hyker.se\/en\/wp-json\/wp\/v2\/media?parent=3406"}],"curies":[{"name":"wp","href":"https:\/\/api.w.org\/{rel}","templated":true}]}}