{"id":3338,"date":"2025-02-04T08:42:47","date_gmt":"2025-02-04T08:42:47","guid":{"rendered":"https:\/\/hyker.se\/?page_id=3338"},"modified":"2026-03-03T13:25:19","modified_gmt":"2026-03-03T13:25:19","slug":"sakerhet","status":"publish","type":"page","link":"https:\/\/hyker.se\/en\/sakerhet\/","title":{"rendered":"Security"},"content":{"rendered":"\n\n\n\n\n\n\n<section id=\"\" class=\"hero relative min-h-[20.5625rem] md:min-h-[30.04219rem] flex flex-col justify-center text-[rgb(255,255,255)] lg:px-5 custom-padding-top-m custom-padding-bottom-m mobile-custom-padding-top-m mobile-custom-padding-bottom-s\" style=\"--custom-color-contrast:rgb(255,255,255);\">\n\n    \n    <div class=\"container mx-auto \">\n        \n<div class=\"relative z-20 pt-10\">\n    <div>\n        <div class=\"mx-auto fade-down\">\n                            <div class=\"mb-7\">\n                    \n\n<div class=\"flex-ible flex flex-col \">\n\n    \n    \n        \n                                <div class=\"flexible-image\">\n                \n\n<img decoding=\"async\" width=\"768\" height=\"293\" src=\"https:\/\/hyker.se\/wp-content\/uploads\/Layer_1-1-1.svg\" class=\"flexible-image\" alt=\"Image\" loading=\"lazy\" sizes=\"auto\" \/>            <\/div>\n        \n                \n        \n        \n        \n        \n                    \n        \n        \n                    \n            <div class=\"flexible-heading\">\n                \n\n\n\n    <h1 class=\" break-words g-heading  size-h3\">HYKER S\u00e4kerhet<\/h1>\n\n                <\/div>\n                \n        \n        \n        \n        \n                    <\/div>                <\/div>\n            \n        <\/div>\n    <\/div>\n<\/div>    <\/div>\n\n    \n                \n                            \n        \n\n<img fetchpriority=\"high\" decoding=\"async\" width=\"768\" height=\"346\" src=\"https:\/\/hyker.se\/wp-content\/uploads\/Rectangle-31-768x346.webp\" class=\"w-full h-full absolute inset-0 object-center object-cover\" alt=\"Image\" loading=\"eager\" sizes=\"auto\" srcset=\"https:\/\/hyker.se\/wp-content\/uploads\/Rectangle-31-768x346.webp 768w, https:\/\/hyker.se\/wp-content\/uploads\/Rectangle-31-300x135.webp 300w, https:\/\/hyker.se\/wp-content\/uploads\/Rectangle-31-1024x461.webp 1024w, https:\/\/hyker.se\/wp-content\/uploads\/Rectangle-31-150x68.webp 150w, https:\/\/hyker.se\/wp-content\/uploads\/Rectangle-31-1536x691.webp 1536w, https:\/\/hyker.se\/wp-content\/uploads\/Rectangle-31-png.webp 1920w\" \/>    \n            <div class=\"absolute inset-0 bg-black bg-opacity-20 lg:max-h-full z-10 w-full h-full\"><\/div>\n    \n    \n\n<\/section>\n\n\n\n\n\n<section id=\"\" class=\"simple-block relative  bg-[rgb(196,230,230)] lg:px-5 custom-padding-top-m custom-padding-bottom-s mobile-custom-padding-top-m mobile-custom-padding-bottom-s\" style=\"--custom-color:rgb(196,230,230);\">\n\n    \n    <div class=\"container mx-auto max-w-global\">\n        \n<div>\n            <div class=\"relative z-20 max-w-[60rem] mx-auto\">\n            \n\n<div class=\"flex-ible flex flex-col space-y-8 text-center\">\n\n    \n    \n        \n        \n                \n                    \n            <div class=\"flexible-text\">\n                \n\n<div class=\"space-y-4 g-text \">\n    <p>Det \u00e4r en utmaning att k\u00f6pa in och implementera ordentlig cybers\u00e4kerhet idag. Dels s\u00e5 har tillg\u00e4nglig teknik f\u00f6r cybers\u00e4kerhet halkat efter i teknikutvecklingen, tekniker som end-to-end kryptering och h\u00e5rdvarus\u00e4kerhet \u00e4r inte standard i de flesta f\u00f6retag. Dels s\u00e5 g\u00f6rs s\u00e4kerhetsarbetet ofta i efterhand, n\u00e4r systemen redan \u00e4r p\u00e5 plats. S\u00e4kerhet som \u00e4r p\u00e5t\u00e4nkt i efterhand och som baseras p\u00e5 gamla tekniker blir b\u00e5de sv\u00e5r att ha att g\u00f6ra med och \u00e4r svag. HYKER levererar modern cybers\u00e4kerhet, som \u00e4r l\u00e4tt att ha att g\u00f6ra med och som samtidigt st\u00e4nger ute hoten.<\/p>\n<\/div>            <\/div>\n        \n        \n        \n        \n                    <\/div>        <\/div>\n    <\/div>    <\/div>\n\n    \n    \n    \n\n<\/section>\n\n\n\n\n\n\n<section id=\"\" class=\"high-boxes relative  bg-[rgb(196,230,230)] lg:px-5 custom-padding-top-xs custom-padding-bottom-m mobile-custom-padding-top-xs mobile-custom-padding-bottom-m\" style=\"--custom-color:rgb(196,230,230);\">\n\n    \n    <div class=\"container mx-auto \">\n        \n\n<div class=\"grid-items grid md:grid-cols-3 md:gap-x-0 gap-x-10 md:gap-y-10\">\n            <div class=\"grid-item px-10 py-10 lg:py-[8.59375rem]\">\n                            <div class=\"flexible-heading text-h4-desktop lg:text-h3-desktop font-semibold mb-8\">\n                    E2EE                 <\/div>\n                                        <div class=\"flexible-text mb-4  lg:text-h4-mobile leading-[1.6875rem]\">\n                    \n\n<div class=\"space-y-4 g-text \">\n    <p>Med HYKER \u00e4r all kommunikation krypterad i en obruten kedja fr\u00e5n avs\u00e4ndare till mottagare utan att n\u00e5gonsin exponeras f\u00f6r tredje part.<\/p>\n<\/div>\n                <\/div>\n                                            <\/div>\n            <div class=\"grid-item px-10 py-10 lg:py-[8.59375rem]\">\n                            <div class=\"flexible-heading text-h4-desktop lg:text-h3-desktop font-semibold mb-8\">\n                    Nyckelhantering                <\/div>\n                                        <div class=\"flexible-text mb-4  lg:text-h4-mobile leading-[1.6875rem]\">\n                    \n\n<div class=\"space-y-4 g-text \">\n    <p>Nyckeldistributionen \u00e4r s\u00e4krad med trusted hardware i form av Intel SGX, s\u00e5 att klienter garanterat f\u00e5r r\u00e4tt kryptografiskt nyckelmaterial.<\/p>\n<\/div>\n                <\/div>\n                                            <\/div>\n            <div class=\"grid-item px-10 py-10 lg:py-[8.59375rem]\">\n                            <div class=\"flexible-heading text-h4-desktop lg:text-h3-desktop font-semibold mb-8\">\n                    Svensk och europeisk lagstiftning                 <\/div>\n                                        <div class=\"flexible-text mb-4  lg:text-h4-mobile leading-[1.6875rem]\">\n                    \n\n<div class=\"space-y-4 g-text \">\n    <p>HYKER \u00e4r ett svenskt bolag och all lagring av information sker i Sverige, under svensk lag. Vi h\u00e5ller oss st\u00e4ndigt uppdaterade p\u00e5 nya lagstiftningar och regelverk f\u00f6r hantering av information p\u00e5 sekretess-niv\u00e5, s\u00e5 att du som kund ska k\u00e4nna dig trygg.<\/p>\n<\/div>\n                <\/div>\n                                            <\/div>\n    <\/div>    <\/div>\n\n    \n    \n    \n\n<\/section>\n\n\n\n\n\n<section id=\"\" class=\"simple-block relative  lg:px-5 custom-padding-top-m custom-padding-bottom-m mobile-custom-padding-top-m mobile-custom-padding-bottom-m\" style=\"\">\n\n    \n    <div class=\"container mx-auto max-w-global\">\n        \n<div>\n            <div class=\"relative z-20 max-w-[60rem] mx-auto\">\n            \n\n<div class=\"flex-ible flex flex-col space-y-8 text-center\">\n\n    \n    \n        \n        \n                \n                    \n            <div class=\"flexible-text\">\n                \n\n<div class=\"space-y-4 g-text \">\n    <p>HYKER s\u00e4tter alltid cybers\u00e4kerheten fr\u00e4mst. D\u00e4rf\u00f6r anv\u00e4nder vi endast de starkaste verktygen, s\u00e5som end-to-end encryption och trusted hardware. Med dessa verktyg bygger vi system s\u00e5 att okrypterad information aldrig n\u00e5gonsin hanteras av HYKER. Centrala servrar har heller inte n\u00e5gon makt att styra \u00f6ver distribution av kryptografiska nycklar, eller att p\u00e5verka loggen \u00f6ver systemh\u00e4ndelser. P\u00e5 s\u00e5 s\u00e4tt l\u00e4cker inte din information \u00e4ven om en central server blir utsatt f\u00f6r en sofistikerad attack.<\/p>\n<\/div>            <\/div>\n        \n        \n        \n        \n                    <\/div>        <\/div>\n    <\/div>    <\/div>\n\n    \n    \n    \n\n<\/section>\n\n\n\n\n\n\n<section id=\"\" class=\"low-boxes relative  bg-[rgb(196,230,230)] lg:px-5 custom-padding-top-m custom-padding-bottom-m mobile-custom-padding-top-m mobile-custom-padding-bottom-m\" style=\"--custom-color:rgb(196,230,230);\">\n\n    \n    <div class=\"container mx-auto \">\n        \n\n\n    <div class=\"max-w-[49.4375rem] mx-auto\">\n        \n\n\n\n    <h2 class=\"mb-14 text-center break-words g-heading  size-h2\">Onlineinformation \u00e4r v\u00e4rdefull och s\u00e5rbar<\/h2>\n\n        <\/div>\n\n\n<div class=\"grid-items grid md:grid-cols-3 grid-3-cols xl:gap-x-0 gap-x-10 md:gap-y-10\">\n            <div class=\"grid-item px-10  min-h-[19.4375rem] flex flex-col justify-center text-center\">\n\n            <div class=\"mb-6\">\n                                    \n\n<img decoding=\"async\" width=\"768\" height=\"860\" src=\"https:\/\/hyker.se\/wp-content\/uploads\/Group-4-1.svg\" class=\"w-auto h-[6rem] mx-auto object-contain\" alt=\"Image\" loading=\"lazy\" sizes=\"auto\" \/>                            <\/div>\n\n                            <div class=\"flexible-heading lg:text-h4-desktop font-semibold mb-4 uppercase\">\n                    Externa hot                <\/div>\n                                        <div class=\"flexible-text mb-4  lg:text-h4-mobile lg:leading-[1.6875rem]\">\n                    \n\n<div class=\"space-y-4 g-text \">\n    <p>Om ett intr\u00e5ng sker, beh\u00f6ver du en vattent\u00e4t sista f\u00f6rsvarslinje.<\/p>\n<\/div>                <\/div>\n                    <\/div>\n            <div class=\"grid-item px-10  min-h-[19.4375rem] flex flex-col justify-center text-center\">\n\n            <div class=\"mb-6\">\n                                    \n\n<img decoding=\"async\" width=\"768\" height=\"783\" src=\"https:\/\/hyker.se\/wp-content\/uploads\/Group-3-1.svg\" class=\"w-auto h-[6rem] mx-auto object-contain\" alt=\"Image\" loading=\"lazy\" sizes=\"auto\" \/>                            <\/div>\n\n                            <div class=\"flexible-heading lg:text-h4-desktop font-semibold mb-4 uppercase\">\n                    Insiders                <\/div>\n                                        <div class=\"flexible-text mb-4  lg:text-h4-mobile lg:leading-[1.6875rem]\">\n                    \n\n<div class=\"space-y-4 g-text \">\n    <p>Insiders \u00e4r involverade i en betydande andel av alla dataintr\u00e5ng.<\/p>\n<\/div>                <\/div>\n                    <\/div>\n            <div class=\"grid-item px-10  min-h-[19.4375rem] flex flex-col justify-center text-center\">\n\n            <div class=\"mb-6\">\n                                    \n\n<img decoding=\"async\" width=\"768\" height=\"668\" src=\"https:\/\/hyker.se\/wp-content\/uploads\/Group-2-1.svg\" class=\"w-auto h-[6rem] mx-auto object-contain\" alt=\"Image\" loading=\"lazy\" sizes=\"auto\" \/>                            <\/div>\n\n                            <div class=\"flexible-heading lg:text-h4-desktop font-semibold mb-4 uppercase\">\n                    Tredje parter                <\/div>\n                                        <div class=\"flexible-text mb-4  lg:text-h4-mobile lg:leading-[1.6875rem]\">\n                    \n\n<div class=\"space-y-4 g-text \">\n    <p>Din leverant\u00f6rskedja \u00f6kar din attackyta avsev\u00e4rt.<\/p>\n<\/div>                <\/div>\n                    <\/div>\n    <\/div>    <\/div>\n\n    \n    \n    \n\n<\/section>\n\n\n\n\n\n\n<section id=\"\" class=\"image-text relative  lg:px-5 custom-padding-top-m custom-padding-bottom-m mobile-custom-padding-top-m mobile-custom-padding-bottom-m\" style=\"\">\n\n    \n    <div class=\"container mx-auto \">\n        \n<div class=\"grid md:grid-cols-2 gap-10 lg:gap-14 items-center start-image-text\">\n\n    <div class=\"order-2 lg:order-2\">\n                    <div class=\" max-w-[34.06rem]\">\n                \n\n<div class=\"flex-ible flex flex-col space-y-8\">\n\n    \n    \n        \n        \n                    \n            <div class=\"flexible-heading\">\n                \n\n\n\n    <h2 class=\" break-words g-heading  size-h2\">HYKER DBLP (Data Breach and Loss Protection)<\/h2>\n\n                <\/div>\n                \n        \n        \n        \n        \n                    \n        \n        \n                \n                    \n            <div class=\"flexible-text\">\n                \n\n<div class=\"space-y-4 g-text \">\n    <p>Den starkaste skyddet som finns f\u00f6r att skydda information \u00e4r kryptering. Krypterad data \u00e4r o\u00e5tkomlig \u00e4ven f\u00f6r den mest sofistikerade angriparen. Att ett system anv\u00e4nder sig av kryptering ska dock inte f\u00f6rv\u00e4xlas med att systemet som helhet \u00e4r s\u00e4kert. Kryptering \u00e4r en teknik som \u00e4r en del av ett system, och som m\u00e5ste appliceras med korrekta integrationer enligt s\u00e4kra designm\u00f6nster.<\/p>\n<p>Till exempel s\u00e5 m\u00e5ste kryptering alltid integreras med ett system f\u00f6r nyckeldistribution, som i sin tur m\u00e5ste integreras med ett designm\u00f6nster f\u00f6r accesskontroll och identitetshantering. Om denna integration inte utf\u00f6rs med s\u00e4kerhet i fokus s\u00e5 \u00e4ventyras s\u00e4kerheten f\u00f6r systemet.<\/p>\n<\/div>            <\/div>\n        \n        \n        \n        \n                    <\/div>            <\/div>\n            <\/div>\n\n    <div class=\"image-column order-1 lg:order-1\">\n\n                    <div class=\"fade-up-element lg:h-full \">\n                <img decoding=\"async\" src=\"https:\/\/hyker.se\/wp-content\/uploads\/bild-4.webp\" alt=\"\" \/>\n                            <\/div>\n            <\/div>\n\n<\/div>    <\/div>\n\n    \n    \n    \n\n<\/section>\n\n\n\n\n\n\n<section id=\"\" class=\"image-text relative  lg:px-5 custom-padding-top-m custom-padding-bottom-m mobile-custom-padding-top-s mobile-custom-padding-bottom-m\" style=\"\">\n\n    \n    <div class=\"container mx-auto \">\n        \n<div class=\"grid md:grid-cols-2 gap-10 lg:gap-14 items-center start-image-text\">\n\n    <div class=\"order-2 lg:order-1\">\n                    <div class=\" max-w-[34.06rem]\">\n                \n\n<div class=\"flex-ible flex flex-col space-y-8\">\n\n    \n    \n        \n        \n                    \n            <div class=\"flexible-heading\">\n                \n\n\n\n    <h2 class=\" break-words g-heading  size-h2\">Cybers\u00e4kerhet, helt enkelt.<\/h2>\n\n                <\/div>\n                \n        \n        \n        \n        \n                    \n        \n        \n                \n                    \n            <div class=\"flexible-text\">\n                \n\n<div class=\"space-y-4 g-text \">\n    <p>Att utveckla produkter som b\u00e5de ligger i cybers\u00e4kerhetens framkant och \u00e4r anv\u00e4ndarv\u00e4nliga \u00e4r en genuin utmaning. P\u00e5 HYKER tar vi alltid ett helhetsgrepp p\u00e5 s\u00e4kerheten. Vi ser till hur varje del p\u00e5verkar s\u00e4kerheten som helhet, och hur det kommer att p\u00e5verka anv\u00e4ndarupplevelsen. Vi kan g\u00f6ra detta eftersom vi kontrollerar samtliga s\u00e4kerhetskritiska delar av v\u00e5rt system och inte g\u00f6r s\u00e4kerheten beroende av tredje parter s\u00e5som infrastruktur, hosting-providers etc. Det tar l\u00e5ng tid och kr\u00e4ver stor kunskap att utveckla system p\u00e5 detta s\u00e4tt, men vi g\u00f6r det f\u00f6r att vi s\u00e4tter s\u00e4kerheten f\u00f6rst.<\/p>\n<\/div>            <\/div>\n        \n        \n        \n        \n                    <\/div>            <\/div>\n            <\/div>\n\n    <div class=\"image-column order-1 lg:order-2\">\n\n                                        <div class=\"fade-up-element lg:h-full relative\">\n                        \n\n<img decoding=\"async\" width=\"768\" height=\"512\" src=\"https:\/\/hyker.se\/wp-content\/uploads\/250206_heiker_01450_web-768x512.webp\" class=\"lg:min-h-[31.1875rem] w-full h-full object-cover\" alt=\"Image\" loading=\"lazy\" sizes=\"auto\" srcset=\"https:\/\/hyker.se\/wp-content\/uploads\/250206_heiker_01450_web-768x512.webp 768w, https:\/\/hyker.se\/wp-content\/uploads\/250206_heiker_01450_web-300x200.webp 300w, https:\/\/hyker.se\/wp-content\/uploads\/250206_heiker_01450_web-1024x683.webp 1024w, https:\/\/hyker.se\/wp-content\/uploads\/250206_heiker_01450_web-150x100.webp 150w, https:\/\/hyker.se\/wp-content\/uploads\/250206_heiker_01450_web-1536x1025.webp 1536w, https:\/\/hyker.se\/wp-content\/uploads\/250206_heiker_01450_web-18x12.webp 18w, https:\/\/hyker.se\/wp-content\/uploads\/250206_heiker_01450_web.webp 2000w\" \/>                        <div class=\"absolute right-0 bottom-0 text-white p-4 italic\">\n                            Mats Karlsson &#8211; CEO                        <\/div>\n                    <\/div>\n\n                        <\/div>\n\n<\/div>    <\/div>\n\n    \n    \n    \n\n<\/section>\n\n\n\n\n\n<section id=\"\" class=\"cta relative  text-[rgb(255,255,255)] bg-[rgb(0,51,55)] lg:px-5 custom-padding-top-m custom-padding-bottom-m mobile-custom-padding-top-m mobile-custom-padding-bottom-m\" style=\"--custom-color-contrast:rgb(255,255,255);--custom-color:rgb(0,51,55);\">\n\n    \n    <div class=\"container mx-auto max-w-global\">\n        \n<div>\n            <div class=\"relative z-20 max-w-[60rem] mx-auto\">\n            \n\n<div class=\"flex-ible flex flex-col space-y-8 text-center\">\n\n    \n    \n        \n        \n                    \n            <div class=\"flexible-heading\">\n                \n\n\n\n    <h3 class=\" break-words g-heading  size-h2\">Vill du veta mer?<\/h3>\n\n                <\/div>\n                \n        \n        \n        \n        \n                    \n        \n        \n                \n        \n        \n        \n        \n                    \n            <div class=\"flex gap-4 flex-wrap flexible-buttons pt-2 lg:pt-0\">\n                                                            \n\n<div class=\"relative w-full lg:w-auto\">\n    <a class=\"primary-dark\" target=\"\" href=\"https:\/\/hyker.se\/kontakt\/\">\n        <div class=\" btn text-center justify-center inline-flex \">\n            <div>Kontakta oss<\/div>\n        <\/div>\n    <\/a>\n<\/div>                                                <\/div>\n                    <\/div>        <\/div>\n    <\/div>    <\/div>\n\n    \n    \n    \n\n<\/section>","protected":false},"excerpt":{"rendered":"","protected":false},"author":1,"featured_media":0,"parent":0,"menu_order":0,"comment_status":"closed","ping_status":"closed","template":"","meta":{"_acf_changed":false,"inline_featured_image":false,"footnotes":""},"class_list":["post-3338","page","type-page","status-publish","hentry"],"acf":[],"_links":{"self":[{"href":"https:\/\/hyker.se\/en\/wp-json\/wp\/v2\/pages\/3338","targetHints":{"allow":["GET"]}}],"collection":[{"href":"https:\/\/hyker.se\/en\/wp-json\/wp\/v2\/pages"}],"about":[{"href":"https:\/\/hyker.se\/en\/wp-json\/wp\/v2\/types\/page"}],"author":[{"embeddable":true,"href":"https:\/\/hyker.se\/en\/wp-json\/wp\/v2\/users\/1"}],"replies":[{"embeddable":true,"href":"https:\/\/hyker.se\/en\/wp-json\/wp\/v2\/comments?post=3338"}],"version-history":[{"count":72,"href":"https:\/\/hyker.se\/en\/wp-json\/wp\/v2\/pages\/3338\/revisions"}],"predecessor-version":[{"id":4566,"href":"https:\/\/hyker.se\/en\/wp-json\/wp\/v2\/pages\/3338\/revisions\/4566"}],"wp:attachment":[{"href":"https:\/\/hyker.se\/en\/wp-json\/wp\/v2\/media?parent=3338"}],"curies":[{"name":"wp","href":"https:\/\/api.w.org\/{rel}","templated":true}]}}