{"id":3278,"date":"2025-02-03T08:27:04","date_gmt":"2025-02-03T08:27:04","guid":{"rendered":"https:\/\/hyker.se\/?page_id=3278"},"modified":"2026-03-10T08:54:31","modified_gmt":"2026-03-10T08:54:31","slug":"share","status":"publish","type":"page","link":"https:\/\/hyker.se\/en\/share\/","title":{"rendered":"Share"},"content":{"rendered":"\n\n\n\n\n\n\n<section id=\"\" class=\"hero relative min-h-[20.5625rem] md:min-h-[30.04219rem] flex flex-col justify-center text-[rgb(255,255,255)] lg:px-5 custom-padding-top-m custom-padding-bottom-m mobile-custom-padding-top-s mobile-custom-padding-bottom-s\" style=\"--custom-color-contrast:rgb(255,255,255);\">\n\n    \n    <div class=\"container mx-auto \">\n        \n<div class=\"relative z-20 pt-10\">\n    <div>\n        <div class=\"mx-auto fade-down\">\n                            <div class=\"mb-7\">\n                    \n\n<div class=\"flex-ible flex flex-col \">\n\n    \n    \n        \n                                <div class=\"flexible-image\">\n                \n\n<img decoding=\"async\" width=\"768\" height=\"460\" src=\"https:\/\/hyker.se\/wp-content\/uploads\/Group-148-1.svg\" class=\"flexible-image\" alt=\"Image\" loading=\"lazy\" sizes=\"auto\" \/>            <\/div>\n        \n                \n        \n        \n        \n        \n                    \n        \n        \n                    \n            <div class=\"flexible-heading\">\n                \n\n\n\n    <h1 class=\" break-words g-heading  size-h3\">HYKER Share<\/h1>\n\n                <\/div>\n                \n        \n        \n        \n        \n                    \n        \n        \n                \n                    \n            <div class=\"flexible-text\">\n                \n\n<div class=\"space-y-4 g-text \">\n    <p>Lagra och dela k\u00e4nslig information<\/p>\n<\/div>            <\/div>\n        \n        \n        \n        \n                    <\/div>                <\/div>\n            \n        <\/div>\n    <\/div>\n<\/div>    <\/div>\n\n    \n                \n                            \n        \n\n<img fetchpriority=\"high\" decoding=\"async\" width=\"768\" height=\"278\" src=\"https:\/\/hyker.se\/wp-content\/uploads\/share-768x278.webp\" class=\"w-full h-full absolute inset-0 object-center object-cover\" alt=\"Image\" loading=\"eager\" sizes=\"auto\" srcset=\"https:\/\/hyker.se\/wp-content\/uploads\/share-768x278.webp 768w, https:\/\/hyker.se\/wp-content\/uploads\/share-300x109.webp 300w, https:\/\/hyker.se\/wp-content\/uploads\/share-1024x371.webp 1024w, https:\/\/hyker.se\/wp-content\/uploads\/share-150x54.webp 150w, https:\/\/hyker.se\/wp-content\/uploads\/share-1536x557.webp 1536w, https:\/\/hyker.se\/wp-content\/uploads\/share-png.webp 1931w\" \/>    \n            <div class=\"absolute inset-0 bg-black bg-opacity-20 lg:max-h-full z-10 w-full h-full\"><\/div>\n    \n    \n\n<\/section>\n\n\n\n\n\n<section id=\"\" class=\"simple-block relative  lg:px-5 custom-padding-top-m custom-padding-bottom-m mobile-custom-padding-top-m mobile-custom-padding-bottom-s\" style=\"\">\n\n    \n    <div class=\"container mx-auto max-w-global\">\n        \n<div>\n            <div class=\"relative z-20 max-w-[60rem] mx-auto\">\n            \n\n<div class=\"flex-ible flex flex-col space-y-8 text-center\">\n\n    \n    \n        \n        \n                \n                    \n            <div class=\"flexible-text\">\n                \n\n<div class=\"space-y-4 g-text \">\n    <p><strong>Med HYKER Share f\u00e5r ni en krypterad yta, d\u00e4r ni sj\u00e4lva kan skapa separata s\u00e4kra zoner f\u00f6r olika verksamhetsomr\u00e5den, projekt eller samarbetsparter.<\/strong><br \/>\nVarje zon \u00e4r isolerad och uppfyller h\u00f6gt st\u00e4llda krav p\u00e5 informationss\u00e4kerhet, vilket g\u00f6r det m\u00f6jligt att lagra och dela sekretessbelagd information med b\u00e5de interna och externa akt\u00f6rer \u2013 utan att kompromissa med kontroll eller integritet.<br \/>\nL\u00f6sningen \u00e4r utformad f\u00f6r att st\u00f6dja det Svenska totalf\u00f6rsvarets krav p\u00e5 s\u00e4ker informationshantering.<\/p>\n<\/div>            <\/div>\n        \n        \n        \n        \n                    <\/div>        <\/div>\n    <\/div>    <\/div>\n\n    \n    \n    \n\n<\/section>\n\n\n\n\n\n\n<section id=\"\" class=\"grid relative  lg:px-5 custom-padding-top-m custom-padding-bottom-m mobile-custom-padding-top-xs mobile-custom-padding-bottom-s\" style=\"\">\n\n    \n    <div class=\"container mx-auto \">\n        \n\n\n<div class=\"grid-items grid md:grid-cols-3 grid-3-cols xl:gap-x-0 gap-x-10 gap-y-10\">\n            <div class=\"grid-item xl:py-10 xl:pl-10 xl:pr-5\">\n                            <div class=\"flexible-heading text-[1.8rem] font-semibold mb-5\">\n                    S\u00e4ker filhantering                <\/div>\n                                        <div class=\"flexible-text mb-4 md:text-[21px]\">\n                    Lagra och dela dokument med end-to-end-kryptering i s\u00e4kra zoner.                <\/div>\n                    <\/div>\n            <div class=\"grid-item xl:py-10 xl:pl-10 xl:pr-5\">\n                            <div class=\"flexible-heading text-[1.8rem] font-semibold mb-5\">\n                    Autentisering med h\u00f6g s\u00e4kerhet                <\/div>\n                                        <div class=\"flexible-text mb-4 md:text-[21px]\">\n                    V\u00e4lj mellan BankID, FrejaID eller 2-faktor som autentiseringsmetod f\u00f6r era anv\u00e4ndare.                <\/div>\n                    <\/div>\n            <div class=\"grid-item xl:py-10 xl:pl-10 xl:pr-5\">\n                            <div class=\"flexible-heading text-[1.8rem] font-semibold mb-5\">\n                    Anv\u00e4ndarv\u00e4nlig                <\/div>\n                                        <div class=\"flexible-text mb-4 md:text-[21px]\">\n                    Ingen utbildning kr\u00e4vs f\u00f6r att komma ig\u00e5ng eller anv\u00e4nda tj\u00e4nsten.                <\/div>\n                    <\/div>\n            <div class=\"grid-item xl:py-10 xl:pl-10 xl:pr-5\">\n                            <div class=\"flexible-heading text-[1.8rem] font-semibold mb-5\">\n                    Beh\u00f6righeter                <\/div>\n                                        <div class=\"flexible-text mb-4 md:text-[21px]\">\n                    Anpassa tillg\u00e4nglighet till information s\u00e5 som ni \u00f6nskar ha det.                <\/div>\n                    <\/div>\n            <div class=\"grid-item xl:py-10 xl:pl-10 xl:pr-5\">\n                            <div class=\"flexible-heading text-[1.8rem] font-semibold mb-5\">\n                    Aktivitetslogg                <\/div>\n                                        <div class=\"flexible-text mb-4 md:text-[21px]\">\n                    En s\u00e4ker aktivitetslogg ger er kontroll \u00f6ver alla h\u00e4ndelser.                <\/div>\n                    <\/div>\n            <div class=\"grid-item xl:py-10 xl:pl-10 xl:pr-5\">\n                            <div class=\"flexible-heading text-[1.8rem] font-semibold mb-5\">\n                    Administration                <\/div>\n                                        <div class=\"flexible-text mb-4 md:text-[21px]\">\n                    Hantera grupper och tj\u00e4nster enkelt direkt i tj\u00e4nsten.                <\/div>\n                    <\/div>\n    <\/div>    <\/div>\n\n    \n    \n    \n\n<\/section>\n\n\n\n\n\n\n<section id=\"\" class=\"simple-hero relative flex flex-col justify-center text-[rgb(255,255,255)] lg:px-5 custom-padding-top-l custom-padding-bottom-l mobile-custom-padding-top-m mobile-custom-padding-bottom-m\" style=\"--custom-color-contrast:rgb(255,255,255);\">\n\n    \n    <div class=\"container mx-auto \">\n        \n<div class=\"relative z-20\">\n    <div>\n        <div class=\"mx-auto fade-down-element\">\n                            <div class=\"mb-7\">\n                    \n\n<div class=\"flex-ible flex flex-col \">\n\n    \n    \n        \n        \n                    \n            <div class=\"flexible-heading\">\n                \n\n\n\n    <h2 class=\" break-words g-heading  size-h1\">Dela information s\u00e4kert!<\/h2>\n\n                <\/div>\n                \n        \n        \n        \n        \n                    <\/div>                <\/div>\n            \n        <\/div>\n    <\/div>\n<\/div>    <\/div>\n\n    \n                \n        \n        \n\n<img decoding=\"async\" width=\"768\" height=\"346\" src=\"https:\/\/hyker.se\/wp-content\/uploads\/Rectangle-31-768x346.webp\" class=\"w-full h-full absolute inset-0 object-center object-cover\" alt=\"Image\" loading=\"lazy\" sizes=\"auto\" srcset=\"https:\/\/hyker.se\/wp-content\/uploads\/Rectangle-31-768x346.webp 768w, https:\/\/hyker.se\/wp-content\/uploads\/Rectangle-31-300x135.webp 300w, https:\/\/hyker.se\/wp-content\/uploads\/Rectangle-31-1024x461.webp 1024w, https:\/\/hyker.se\/wp-content\/uploads\/Rectangle-31-150x68.webp 150w, https:\/\/hyker.se\/wp-content\/uploads\/Rectangle-31-1536x691.webp 1536w, https:\/\/hyker.se\/wp-content\/uploads\/Rectangle-31-png.webp 1920w\" \/>    \n            <div class=\"absolute inset-0 bg-black bg-opacity-20 lg:max-h-full z-10 w-full h-full\"><\/div>\n    \n    \n\n<\/section>\n\n\n\n\n\n\n<section id=\"\" class=\"high-boxes relative  bg-[rgb(255,255,255)] lg:px-5 custom-padding-top-m custom-padding-bottom-m mobile-custom-padding-top-s mobile-custom-padding-bottom-s\" style=\"--custom-color:rgb(255,255,255);\">\n\n    \n    <div class=\"container mx-auto \">\n        \n\n<div class=\"grid-items grid md:grid-cols-3 md:gap-x-0 gap-x-10 md:gap-y-10\">\n            <div class=\"grid-item px-10 py-10 lg:py-[8.59375rem]\">\n                            <div class=\"flexible-heading text-h4-desktop lg:text-h3-desktop font-semibold mb-8\">\n                    Kundcase Myndighet                <\/div>\n                                        <div class=\"flexible-text mb-4  lg:text-h4-mobile leading-[1.6875rem]\">\n                    \n\n<div class=\"space-y-4 g-text \">\n    <p><strong>Skyddad mottagning av dokument fr\u00e5n externa parter<\/strong><\/p>\n<p>En myndighet beh\u00f6vde ta emot sekretessbelagda dokument i en milj\u00f6 utanf\u00f6r sin vanliga molntj\u00e4nst. HYKER Share erbj\u00f6d en s\u00e4ker plattform med separata zoner, kryptering, BankID, FrejaID och enkel administration \u2013 allt lagrat i Sverige och anpassat f\u00f6r myndighetskrav.<\/p>\n<\/div>\n                <\/div>\n                                            <\/div>\n            <div class=\"grid-item px-10 py-10 lg:py-[8.59375rem]\">\n                            <div class=\"flexible-heading text-h4-desktop lg:text-h3-desktop font-semibold mb-8\">\n                    Kundcase Energibolag                <\/div>\n                                        <div class=\"flexible-text mb-4  lg:text-h4-mobile leading-[1.6875rem]\">\n                    \n\n<div class=\"space-y-4 g-text \">\n    <p><strong> S\u00e4ker delning av sekretessbelagd information<\/strong><\/p>\n<p>Ett svenskt energibolag beh\u00f6vde hantera k\u00e4nslig information utanf\u00f6r sin ordinarie IT-milj\u00f6, enligt regulatoriska krav. Med HYKER Share fick de en separat, s\u00e4ker yta med end-to-end-kryptering, BankID-inloggning och fullst\u00e4ndig loggning \u2013 vilket m\u00f6jliggjorde s\u00e4ker lagring och delning b\u00e5de internt och externt.<\/p>\n<\/div>\n                <\/div>\n                                            <\/div>\n            <div class=\"grid-item px-10 py-10 lg:py-[8.59375rem]\">\n                            <div class=\"flexible-heading text-h4-desktop lg:text-h3-desktop font-semibold mb-8\">\n                    Kundcase Industri                <\/div>\n                                        <div class=\"flexible-text mb-4  lg:text-h4-mobile leading-[1.6875rem]\">\n                    \n\n<div class=\"space-y-4 g-text \">\n    <p><strong>S\u00e4ker hantering av ritningar till f\u00f6rsvarsindustrin<\/strong><\/p>\n<p>En industrikund med avtal inom f\u00f6rsvarssektorn beh\u00f6vde lagra och dela ritningar utanf\u00f6r sin befintliga filhantering. HYKER Share gav dem en skyddad milj\u00f6 med kryptering, BankID och sp\u00e5rbarhet \u2013 i linje med kundernas krav p\u00e5 s\u00e4ker informationshantering.<\/p>\n<\/div>\n                <\/div>\n                                            <\/div>\n    <\/div>    <\/div>\n\n    \n    \n    \n\n<\/section>\n\n\n\n\n\n\n<section id=\"\" class=\"image-text relative  lg:px-5 custom-padding-top-m custom-padding-bottom-m mobile-custom-padding-top-s mobile-custom-padding-bottom-0\" style=\"\">\n\n    \n    <div class=\"container mx-auto \">\n        \n<div class=\"grid md:grid-cols-2 gap-10 lg:gap-14 items-center start-image-text\">\n\n    <div class=\"order-2 lg:order-2\">\n                    <div class=\" max-w-[34.06rem]\">\n                \n\n<div class=\"flex-ible flex flex-col space-y-8\">\n\n    \n    \n        \n        \n                    \n            <div class=\"flexible-heading\">\n                \n\n\n\n    <h2 class=\" break-words g-heading  size-h2\">S\u00e4ker anv\u00e4ndning med end-to-end-kryptering<\/h2>\n\n                <\/div>\n                \n        \n        \n        \n        \n                    \n        \n        \n                \n        \n        \n        \n                    \n            <ul class=\"flex-list space-y-1\">\n                                                            <li class=\"flex items-center gap-3\">\n                            <svg xmlns=\"http:\/\/www.w3.org\/2000\/svg\" width=\"20\" height=\"20\" viewBox=\"0 0 20 20\" fill=\"none\">\n                                <rect width=\"20.01\" height=\"20.01\" rx=\"10.005\" fill=\"#5E4F98\" \/>\n                                <path d=\"M6 10.2032L8.24752 12.5099C8.40457 12.671 8.66362 12.671 8.82067 12.5099L13.6023 7.60242\" stroke=\"white\" stroke-width=\"1.60048\" stroke-linecap=\"round\" \/>\n                            <\/svg>\n                            <span class=\"text-sm lg:text-base\">End-to-end-kryptering<\/span>\n                        <\/li>\n                                                                                <li class=\"flex items-center gap-3\">\n                            <svg xmlns=\"http:\/\/www.w3.org\/2000\/svg\" width=\"20\" height=\"20\" viewBox=\"0 0 20 20\" fill=\"none\">\n                                <rect width=\"20.01\" height=\"20.01\" rx=\"10.005\" fill=\"#5E4F98\" \/>\n                                <path d=\"M6 10.2032L8.24752 12.5099C8.40457 12.671 8.66362 12.671 8.82067 12.5099L13.6023 7.60242\" stroke=\"white\" stroke-width=\"1.60048\" stroke-linecap=\"round\" \/>\n                            <\/svg>\n                            <span class=\"text-sm lg:text-base\">S\u00e4ker nyckelhantering<\/span>\n                        <\/li>\n                                                                                <li class=\"flex items-center gap-3\">\n                            <svg xmlns=\"http:\/\/www.w3.org\/2000\/svg\" width=\"20\" height=\"20\" viewBox=\"0 0 20 20\" fill=\"none\">\n                                <rect width=\"20.01\" height=\"20.01\" rx=\"10.005\" fill=\"#5E4F98\" \/>\n                                <path d=\"M6 10.2032L8.24752 12.5099C8.40457 12.671 8.66362 12.671 8.82067 12.5099L13.6023 7.60242\" stroke=\"white\" stroke-width=\"1.60048\" stroke-linecap=\"round\" \/>\n                            <\/svg>\n                            <span class=\"text-sm lg:text-base\">Svenskt Datacenter<\/span>\n                        <\/li>\n                                                <\/ul>\n        \n                    \n        \n        \n                \n                    \n            <div class=\"flexible-text\">\n                \n\n<div class=\"space-y-4 g-text \">\n    <p>End-to-end-kryptering (E2EE) inneb\u00e4r att informationen \u00e4r krypterad, i en obruten kedja, under hela livscykeln. Fr\u00e5n det att en fil skickas, mottages, lagras och hela v\u00e4gen tills den dag filen raderas. En annan f\u00f6rdel \u00e4r att vi anv\u00e4nder Trusted Hardware (Intel SGX) f\u00f6r att s\u00e4kerst\u00e4lla integriteten f\u00f6r distributionen av publika nycklar, s\u00e5 att inte enstaka servrar f\u00f6r publika nycklar kan \u00e4ventyra hela systemets s\u00e4kerhet. All informations som lagras i HYKERs sytem lagras under svensk lag i svenska datahallar och alla system hanteras av s\u00e4kerhetsklassad personal.<\/p>\n<\/div>            <\/div>\n        \n        \n        \n        \n                    <\/div>            <\/div>\n            <\/div>\n\n    <div class=\"image-column order-1 lg:order-1\">\n\n                    <div class=\"fade-up-element lg:h-full \">\n                <img decoding=\"async\" src=\"https:\/\/hyker.se\/wp-content\/uploads\/share-hemsida-start.webp\" alt=\"\" \/>\n                            <\/div>\n            <\/div>\n\n<\/div>    <\/div>\n\n    \n    \n    \n\n<\/section>\n\n\n\n\n\n\n<section id=\"\" class=\"image-text relative  lg:px-5 custom-padding-top-m custom-padding-bottom-m mobile-custom-padding-top-s mobile-custom-padding-bottom-s\" style=\"\">\n\n    \n    <div class=\"container mx-auto \">\n        \n<div class=\"grid md:grid-cols-2 gap-10 lg:gap-14 items-center start-image-text\">\n\n    <div class=\"order-2 lg:order-1\">\n                    <div class=\" max-w-[34.06rem]\">\n                \n\n<div class=\"flex-ible flex flex-col space-y-8\">\n\n    \n    \n        \n        \n                    \n            <div class=\"flexible-heading\">\n                \n\n\n\n    <h2 class=\" break-words g-heading  size-h2\">Enkelt att komma ig\u00e5ng och anv\u00e4nda <\/h2>\n\n                <\/div>\n                \n        \n        \n        \n        \n                    \n        \n        \n                \n        \n        \n        \n                    \n            <ul class=\"flex-list space-y-1\">\n                                                            <li class=\"flex items-center gap-3\">\n                            <svg xmlns=\"http:\/\/www.w3.org\/2000\/svg\" width=\"20\" height=\"20\" viewBox=\"0 0 20 20\" fill=\"none\">\n                                <rect width=\"20.01\" height=\"20.01\" rx=\"10.005\" fill=\"#5E4F98\" \/>\n                                <path d=\"M6 10.2032L8.24752 12.5099C8.40457 12.671 8.66362 12.671 8.82067 12.5099L13.6023 7.60242\" stroke=\"white\" stroke-width=\"1.60048\" stroke-linecap=\"round\" \/>\n                            <\/svg>\n                            <span class=\"text-sm lg:text-base\">BankID, FrejaID, SSO<\/span>\n                        <\/li>\n                                                                                <li class=\"flex items-center gap-3\">\n                            <svg xmlns=\"http:\/\/www.w3.org\/2000\/svg\" width=\"20\" height=\"20\" viewBox=\"0 0 20 20\" fill=\"none\">\n                                <rect width=\"20.01\" height=\"20.01\" rx=\"10.005\" fill=\"#5E4F98\" \/>\n                                <path d=\"M6 10.2032L8.24752 12.5099C8.40457 12.671 8.66362 12.671 8.82067 12.5099L13.6023 7.60242\" stroke=\"white\" stroke-width=\"1.60048\" stroke-linecap=\"round\" \/>\n                            <\/svg>\n                            <span class=\"text-sm lg:text-base\">Ingen installation<\/span>\n                        <\/li>\n                                                                                <li class=\"flex items-center gap-3\">\n                            <svg xmlns=\"http:\/\/www.w3.org\/2000\/svg\" width=\"20\" height=\"20\" viewBox=\"0 0 20 20\" fill=\"none\">\n                                <rect width=\"20.01\" height=\"20.01\" rx=\"10.005\" fill=\"#5E4F98\" \/>\n                                <path d=\"M6 10.2032L8.24752 12.5099C8.40457 12.671 8.66362 12.671 8.82067 12.5099L13.6023 7.60242\" stroke=\"white\" stroke-width=\"1.60048\" stroke-linecap=\"round\" \/>\n                            <\/svg>\n                            <span class=\"text-sm lg:text-base\">Dator och mobilv\u00e4nlig<\/span>\n                        <\/li>\n                                                <\/ul>\n        \n                    \n        \n        \n                \n                    \n            <div class=\"flexible-text\">\n                \n\n<div class=\"space-y-4 g-text \">\n    <p>Med HYKER Share beh\u00f6ver ni inte ladda ned n\u00e5gra programvaror, konfigurera tj\u00e4nsten eller utbilda anv\u00e4ndarna f\u00f6r att komma ig\u00e5ng. Tj\u00e4nsten \u00e4r helt webbaserad och ni bjuder enkelt in anv\u00e4ndare som autentiserar sig med BankID, FrejaID, SSO eller 2-faktor (inga l\u00f6senord till\u00e5ts). Ni kan s\u00e4tta olika beh\u00f6righeter till information och\/eller p\u00e5 anv\u00e4ndare, exempelvis bara l\u00e4sa, ladda upp\/ned information med mera.<\/p>\n<\/div>            <\/div>\n        \n        \n        \n        \n                    <\/div>            <\/div>\n            <\/div>\n\n    <div class=\"image-column order-1 lg:order-2\">\n\n                                        <div class=\"fade-up-element lg:h-full relative\">\n                        \n\n<img decoding=\"async\" width=\"768\" height=\"512\" src=\"https:\/\/hyker.se\/wp-content\/uploads\/250206_heiker_01033_web-768x512.webp\" class=\"lg:min-h-[31.1875rem] w-full h-full object-cover\" alt=\"Image\" loading=\"lazy\" sizes=\"auto\" srcset=\"https:\/\/hyker.se\/wp-content\/uploads\/250206_heiker_01033_web-768x512.webp 768w, https:\/\/hyker.se\/wp-content\/uploads\/250206_heiker_01033_web-300x200.webp 300w, https:\/\/hyker.se\/wp-content\/uploads\/250206_heiker_01033_web-1024x683.webp 1024w, https:\/\/hyker.se\/wp-content\/uploads\/250206_heiker_01033_web-150x100.webp 150w, https:\/\/hyker.se\/wp-content\/uploads\/250206_heiker_01033_web-1536x1025.webp 1536w, https:\/\/hyker.se\/wp-content\/uploads\/250206_heiker_01033_web-18x12.webp 18w, https:\/\/hyker.se\/wp-content\/uploads\/250206_heiker_01033_web.webp 2000w\" \/>                        <div class=\"absolute right-0 bottom-0 text-white p-4 italic\">\n                            Kei Petersson \u2013 Product manager                        <\/div>\n                    <\/div>\n\n                        <\/div>\n\n<\/div>    <\/div>\n\n    \n    \n    \n\n<\/section>\n\n\n\n\n\n<section id=\"\" class=\"contact-person relative  text-[rgb(255,255,255)] bg-[rgb(0,51,55)] lg:px-5 custom-padding-top-m custom-padding-bottom-m mobile-custom-padding-top-s mobile-custom-padding-bottom-s\" style=\"--custom-color-contrast:rgb(255,255,255);--custom-color:rgb(0,51,55);\">\n\n    \n    <div class=\"container mx-auto max-w-global\">\n        \n<div class=\"flex flex-col md:flex-row gap-4 md:gap-12 text-center md:text-left items-center justify-start md:justify-center px-6 py-12 lg:py-20\">\n\n    <div class=\"\">\n                    <div class=\"\">\n                \n\n<img decoding=\"async\" width=\"768\" height=\"512\" src=\"https:\/\/hyker.se\/wp-content\/uploads\/250206_heiker_01555_web-768x512.webp\" class=\"h-[5rem] w-[5rem] md:h-[7rem] md:w-[7rem] object-cover rounded-full\" alt=\"\" loading=\"lazy\" sizes=\"auto\" srcset=\"https:\/\/hyker.se\/wp-content\/uploads\/250206_heiker_01555_web-768x512.webp 768w, https:\/\/hyker.se\/wp-content\/uploads\/250206_heiker_01555_web-300x200.webp 300w, https:\/\/hyker.se\/wp-content\/uploads\/250206_heiker_01555_web-1024x683.webp 1024w, https:\/\/hyker.se\/wp-content\/uploads\/250206_heiker_01555_web-150x100.webp 150w, https:\/\/hyker.se\/wp-content\/uploads\/250206_heiker_01555_web-1536x1025.webp 1536w, https:\/\/hyker.se\/wp-content\/uploads\/250206_heiker_01555_web-18x12.webp 18w, https:\/\/hyker.se\/wp-content\/uploads\/250206_heiker_01555_web.webp 2000w\" \/>            <\/div>\n            <\/div>\n    <div class=\"\">\n                    <div class=\"flexible-heading lg:text-h4-desktop font-semibold mb-2 uppercase\">\n                Vill du veta mer? Kontakta mig            <\/div>\n                            <div class=\"flexible-text mb-1 lg:text-h4-mobile lg:leading-[1.6875rem] font-medium\">\n                Johannes Samuelsson            <\/div>\n                            <div class=\"flexible-text mb-1 lg:text-h4-mobile lg:leading-[1.6875rem]\">\n                Head of Business Area Services            <\/div>\n                            <div class=\"flexible-text mb-1 lg:text-h4-mobile lg:leading-[1.6875rem]\">\n                <a href=\"mailto:johannes.samuelsson@hyker.se\" class=\"hover:underline hover:text-white\">Skicka e-post<\/a>\n            <\/div>\n            <div class=\"\">\n        \n    <\/div>\n<\/div>    <\/div>\n\n    \n    \n    \n\n<\/section>","protected":false},"excerpt":{"rendered":"","protected":false},"author":1,"featured_media":0,"parent":0,"menu_order":0,"comment_status":"closed","ping_status":"closed","template":"","meta":{"_acf_changed":false,"inline_featured_image":false,"footnotes":""},"class_list":["post-3278","page","type-page","status-publish","hentry"],"acf":[],"_links":{"self":[{"href":"https:\/\/hyker.se\/en\/wp-json\/wp\/v2\/pages\/3278","targetHints":{"allow":["GET"]}}],"collection":[{"href":"https:\/\/hyker.se\/en\/wp-json\/wp\/v2\/pages"}],"about":[{"href":"https:\/\/hyker.se\/en\/wp-json\/wp\/v2\/types\/page"}],"author":[{"embeddable":true,"href":"https:\/\/hyker.se\/en\/wp-json\/wp\/v2\/users\/1"}],"replies":[{"embeddable":true,"href":"https:\/\/hyker.se\/en\/wp-json\/wp\/v2\/comments?post=3278"}],"version-history":[{"count":121,"href":"https:\/\/hyker.se\/en\/wp-json\/wp\/v2\/pages\/3278\/revisions"}],"predecessor-version":[{"id":4573,"href":"https:\/\/hyker.se\/en\/wp-json\/wp\/v2\/pages\/3278\/revisions\/4573"}],"wp:attachment":[{"href":"https:\/\/hyker.se\/en\/wp-json\/wp\/v2\/media?parent=3278"}],"curies":[{"name":"wp","href":"https:\/\/api.w.org\/{rel}","templated":true}]}}