{"id":3,"date":"2024-01-26T09:32:38","date_gmt":"2024-01-26T09:32:38","guid":{"rendered":"https:\/\/hyker.se\/?page_id=3"},"modified":"2025-03-03T15:12:21","modified_gmt":"2025-03-03T15:12:21","slug":"integritetspolicy","status":"publish","type":"page","link":"https:\/\/hyker.se\/en\/integritetspolicy\/","title":{"rendered":"Privacy Policy"},"content":{"rendered":"\n<h1 class=\"wp-block-heading\"><br><strong>Integritetspolicy f\u00f6r HYKER Security AB<\/strong><\/h1>\n\n\n\n<p><strong>1. Introduktion<\/strong><\/p>\n\n\n\n<p>HYKER Security AB , org. Nummer 559102-0770, Dj\u00e4knegatan 4, 211 35 Malm\u00f6,&nbsp; \u00e4r ansvariga f\u00f6r behandlingen av personuppgifter enligt denna integritetspolicy. Vi v\u00e4rnar om din integritet, och f\u00f6ljer g\u00e4llande lagstiftning, inklusive EU:s dataskyddsf\u00f6rordning (GDPR). Denna integritetspolicy f\u00f6rklarar hur vi samlar in, anv\u00e4nder och skyddar dina personuppgifter n\u00e4r du bes\u00f6ker v\u00e5r webbplats [hyker.se].<\/p>\n\n\n\n<p><strong>2. Personuppgiftsansvarig<\/strong><\/p>\n\n\n\n<p>HYKER Security AB \u00e4r personuppgiftsansvarig f\u00f6r behandlingen av dina personuppgifter.<\/p>\n\n\n\n<p><strong>3. Vilka uppgifter vi samlar in<\/strong><\/p>\n\n\n\n<p>Vi kan samla in f\u00f6ljande typer av personuppgifter:<\/p>\n\n\n\n<ul class=\"wp-block-list\">\n<li>Namn<\/li>\n\n\n\n<li>Kontaktinformation (adress, telefonnummer, e-postadress)<\/li>\n\n\n\n<li>IP-adress och teknisk information om din enhet<\/li>\n\n\n\n<li>Anv\u00e4ndningsdata och cookies (se v\u00e5r cookie-policy f\u00f6r mer information)<\/li>\n<\/ul>\n\n\n\n<p><strong>4. Hur vi anv\u00e4nder dina uppgifter<\/strong><\/p>\n\n\n\n<p>Vi anv\u00e4nder dina personuppgifter f\u00f6r att:<\/p>\n\n\n\n<ul class=\"wp-block-list\">\n<li>Tillhandah\u00e5lla och f\u00f6rb\u00e4ttra v\u00e5ra tj\u00e4nster<\/li>\n\n\n\n<li>Hantera kundrelationer och support\u00e4renden<\/li>\n\n\n\n<li>Skicka nyhetsbrev och marknadsf\u00f6ringsmaterial (med ditt samtycke)<\/li>\n<\/ul>\n\n\n\n<p><strong>5. R\u00e4ttslig grund f\u00f6r behandling<\/strong><\/p>\n\n\n\n<p>Vi behandlar dina personuppgifter baserat p\u00e5 f\u00f6ljande r\u00e4ttsliga grunder:<\/p>\n\n\n\n<ul class=\"wp-block-list\">\n<li>F\u00f6r att uppfylla ett avtal med dig<\/li>\n\n\n\n<li>Med ditt samtycke<\/li>\n\n\n\n<li>F\u00f6r att uppfylla r\u00e4ttsliga skyldigheter<\/li>\n\n\n\n<li>F\u00f6r v\u00e5ra ber\u00e4ttigade intressen (t.ex. att f\u00f6rb\u00e4ttra v\u00e5ra tj\u00e4nster)<\/li>\n<\/ul>\n\n\n\n<p><strong>6. Delning av uppgifter<\/strong><\/p>\n\n\n\n<p>Vi delar inte dina personuppgifter med tredje part, f\u00f6rutom n\u00e4r det \u00e4r n\u00f6dv\u00e4ndigt f\u00f6r att uppfylla v\u00e5ra tj\u00e4nster eller n\u00e4r vi \u00e4r skyldiga enligt lag.<\/p>\n\n\n\n<p><strong>7. Dina r\u00e4ttigheter<\/strong><\/p>\n\n\n\n<p>Du har r\u00e4tt att:<\/p>\n\n\n\n<ul class=\"wp-block-list\">\n<li>Beg\u00e4ra tillg\u00e5ng till dina personuppgifter<\/li>\n\n\n\n<li>Beg\u00e4ra r\u00e4ttelse av felaktiga uppgifter<\/li>\n\n\n\n<li>Beg\u00e4ra radering av dina uppgifter<\/li>\n\n\n\n<li>Inv\u00e4nda mot behandling av dina uppgifter<\/li>\n\n\n\n<li>Beg\u00e4ra begr\u00e4nsning av behandling<\/li>\n\n\n\n<li>Beg\u00e4ra dataportabilitet<\/li>\n<\/ul>\n\n\n\n<p><strong>8. S\u00e4kerhet<\/strong><\/p>\n\n\n\n<p>Vi vidtar l\u00e4mpliga tekniska och organisatoriska \u00e5tg\u00e4rder f\u00f6r att skydda dina personuppgifter mot obeh\u00f6rig \u00e5tkomst, f\u00f6rlust eller f\u00f6rst\u00f6relse.<\/p>\n\n\n\n<p><strong>9. \u00c4ndringar i denna policy<\/strong><\/p>\n\n\n\n<p>Vi kan uppdatera denna integritetspolicy vid behov. Den senaste versionen finns alltid tillg\u00e4nglig p\u00e5 v\u00e5r webbplats.<\/p>\n\n\n\n<p><strong>10. Kontaktinformation<\/strong><\/p>\n\n\n\n<p>Om du har fr\u00e5gor om denna integritetspolicy eller v\u00e5r behandling av dina personuppgifter, v\u00e4nligen kontakta oss p\u00e5:<\/p>\n\n\n\n<p>Adress: Dj\u00e4knegatan 4, 211 35 Malm\u00f6<br>E-post: <a href=\"mailto:support@hyker.io\">support@hyker.io<\/a><\/p>\n","protected":false},"excerpt":{"rendered":"<p>Integritetspolicy f\u00f6r HYKER Security AB 1. Introduktion HYKER Security AB , org. Nummer 559102-0770, Dj\u00e4knegatan 4, 211 35 Malm\u00f6,&nbsp; \u00e4r ansvariga f\u00f6r behandlingen av personuppgifter enligt denna integritetspolicy. Vi v\u00e4rnar om din integritet, och f\u00f6ljer g\u00e4llande lagstiftning, inklusive EU:s dataskyddsf\u00f6rordning (GDPR). Denna integritetspolicy f\u00f6rklarar hur vi samlar in, anv\u00e4nder och skyddar dina personuppgifter n\u00e4r du [&hellip;]<\/p>\n","protected":false},"author":1,"featured_media":0,"parent":0,"menu_order":0,"comment_status":"closed","ping_status":"closed","template":"template-menu.php","meta":{"_acf_changed":false,"inline_featured_image":false,"footnotes":""},"class_list":["post-3","page","type-page","status-publish","hentry"],"acf":[],"_links":{"self":[{"href":"https:\/\/hyker.se\/en\/wp-json\/wp\/v2\/pages\/3","targetHints":{"allow":["GET"]}}],"collection":[{"href":"https:\/\/hyker.se\/en\/wp-json\/wp\/v2\/pages"}],"about":[{"href":"https:\/\/hyker.se\/en\/wp-json\/wp\/v2\/types\/page"}],"author":[{"embeddable":true,"href":"https:\/\/hyker.se\/en\/wp-json\/wp\/v2\/users\/1"}],"replies":[{"embeddable":true,"href":"https:\/\/hyker.se\/en\/wp-json\/wp\/v2\/comments?post=3"}],"version-history":[{"count":17,"href":"https:\/\/hyker.se\/en\/wp-json\/wp\/v2\/pages\/3\/revisions"}],"predecessor-version":[{"id":4103,"href":"https:\/\/hyker.se\/en\/wp-json\/wp\/v2\/pages\/3\/revisions\/4103"}],"wp:attachment":[{"href":"https:\/\/hyker.se\/en\/wp-json\/wp\/v2\/media?parent=3"}],"curies":[{"name":"wp","href":"https:\/\/api.w.org\/{rel}","templated":true}]}}