{"id":2,"date":"2024-01-26T09:32:38","date_gmt":"2024-01-26T09:32:38","guid":{"rendered":"https:\/\/hyker.se\/?page_id=2"},"modified":"2026-03-03T14:43:58","modified_gmt":"2026-03-03T14:43:58","slug":"frontpage","status":"publish","type":"page","link":"https:\/\/hyker.se\/en\/","title":{"rendered":"Front page"},"content":{"rendered":"\n\n\n    \n\n\n\n<section id=\"\" class=\"hero relative min-h-96 lg:min-h-[46.96044rem] 2xl:min-h-[54rem] flex flex-col justify-center text-[rgb(255,255,255)] lg:px-5 custom-padding-top-m custom-padding-bottom-m mobile-custom-padding-top-s mobile-custom-padding-bottom-s\" style=\"--custom-color-contrast:rgb(255,255,255);\">\n\n    \n    <div class=\"container mx-auto \">\n        \n<div class=\"relative z-20 pt-10\">\n    <div>\n        <div class=\"mx-auto fade-down\">\n                            <div class=\"mb-7\">\n                    \n\n<div class=\"flex-ible flex flex-col \">\n\n    \n    \n        \n        \n                    \n            <div class=\"flexible-heading\">\n                \n\n\n\n    <h1 class=\" break-words g-heading  \">Cybers\u00e4kerhet, helt enkelt.<\/h1>\n\n                <\/div>\n                \n        \n        \n        \n        \n                    <\/div>                <\/div>\n            \n        <\/div>\n    <\/div>\n<\/div>    <\/div>\n\n    \n                \n                            \n        \n\n<img fetchpriority=\"high\" decoding=\"async\" width=\"768\" height=\"346\" src=\"https:\/\/hyker.se\/wp-content\/uploads\/index-768x346.webp\" class=\"w-full h-full absolute inset-0 object-center object-cover\" alt=\"Image\" loading=\"eager\" sizes=\"auto\" srcset=\"https:\/\/hyker.se\/wp-content\/uploads\/index-768x346.webp 768w, https:\/\/hyker.se\/wp-content\/uploads\/index-300x135.webp 300w, https:\/\/hyker.se\/wp-content\/uploads\/index-1024x461.webp 1024w, https:\/\/hyker.se\/wp-content\/uploads\/index-150x68.webp 150w, https:\/\/hyker.se\/wp-content\/uploads\/index-1536x691.webp 1536w, https:\/\/hyker.se\/wp-content\/uploads\/index-png.webp 1920w\" \/>    \n            <div class=\"absolute inset-0 bg-black bg-opacity-20 lg:max-h-full z-10 w-full h-full\"><\/div>\n    \n    \n\n<\/section>\n\n\n\n\n\n\n\n<section id=\"\" class=\"usp relative  bg-[rgb(255,255,255)] lg:px-5 custom-padding-top-m custom-padding-bottom-0 mobile-custom-padding-top-m mobile-custom-padding-bottom-s\" style=\"--custom-color:rgb(255,255,255);\">\n\n    \n    <div class=\"container mx-auto \">\n        \n    <div>\n        <div class=\"mb-7\">\n            \n\n<div class=\"flex-ible flex flex-col \">\n\n    \n    \n        \n        \n                \n                    \n            <div class=\"flexible-text\">\n                \n\n<div class=\"space-y-4 g-text \">\n    <p><span data-olk-copy-source=\"MessageBody\">HYKER hj\u00e4lper verksamheter att hantera k\u00e4nslig och skyddsv\u00e4rd information genom att s\u00e4kerhetsst\u00e4lla h\u00f6gsta niv\u00e5 av sekretess, integritet och kontroll.<\/span><\/p>\n<\/div>            <\/div>\n        \n        \n        \n        \n                    <\/div>        <\/div>\n    <\/div>\n\n    <\/div>\n\n    \n    \n    \n\n<\/section>\n\n\n\n\n\n\n\n<section id=\"\" class=\"employees relative  lg:px-5 custom-padding-top-m custom-padding-bottom-0 mobile-custom-padding-top-s mobile-custom-padding-bottom-0\" style=\"\">\n\n    \n    <div class=\"px-0 lg:px-[2rem] xl:px-0 container mx-auto \">\n        \n\n\n\n    <div style=\"--custom-color:rgb(152,191,191);\" class=\"employees-content md:pb-7 pb-[3.125rem] px-7 pt-[3.125rem] md:pt-7\">\n                <div class=\"grid md:grid-cols-3 gap-8\">\n                            <div class=\"flex flex-col\">\n                    <div class=\"relative fade-in-element\">\n                        \n\n<img decoding=\"async\" width=\"768\" height=\"512\" src=\"https:\/\/hyker.se\/wp-content\/uploads\/250206_heiker_00415_web-768x512.webp\" class=\"h-[22.45906rem] xl:h-[30.5rem] object-cover w-full\" alt=\"Image\" loading=\"lazy\" sizes=\"auto\" srcset=\"https:\/\/hyker.se\/wp-content\/uploads\/250206_heiker_00415_web-768x512.webp 768w, https:\/\/hyker.se\/wp-content\/uploads\/250206_heiker_00415_web-300x200.webp 300w, https:\/\/hyker.se\/wp-content\/uploads\/250206_heiker_00415_web-1024x683.webp 1024w, https:\/\/hyker.se\/wp-content\/uploads\/250206_heiker_00415_web-150x100.webp 150w, https:\/\/hyker.se\/wp-content\/uploads\/250206_heiker_00415_web-1536x1025.webp 1536w, https:\/\/hyker.se\/wp-content\/uploads\/250206_heiker_00415_web-18x12.webp 18w, https:\/\/hyker.se\/wp-content\/uploads\/250206_heiker_00415_web.webp 2000w\" \/>                        <div class=\"absolute bottom-0 text-white p-8 xl:p-14\">\n                            <div class=\"lg:text-[1.375rem] lg:leading-[2.5rem] font-['Noto_Serif_Display']\">S\u00e4ker fildelning med kunder och partners.<\/div>\n                            <div class=\"italic mt-4\">Jonas Hallin, Head of Business Area Solutions<\/div>\n                        <\/div>\n                    <\/div>\n                    <div class=\"mt-8 mb-4\"><span class=\"font-semibold text-h3-mobile\">HYKER Share<\/span><\/div>\n\n                                            <div class=\"flex-grow\">\n                            \n\n<div class=\"space-y-4 g-text \">\n    <p>Med HYKER Share f\u00e5r ni en s\u00e4ker och krypterad yta d\u00e4r ni kan bjuda in anv\u00e4ndare f\u00f6r att dela k\u00e4nslig information under full kontroll.<br \/>\nTj\u00e4nsten st\u00f6djer avancerad anv\u00e4ndaradministration, beh\u00f6righetsstyrning och zonindelning \u2013 utformad f\u00f6r att m\u00f6ta det Svenska totalf\u00f6rsvarets krav p\u00e5 s\u00e4ker informationshantering.<\/p>\n<\/div>                        <\/div>\n                    \n                                            <div class=\"relative w-full lg:w-auto mt-5 lg:mt-8\">\n                            <a class=\"greenbtn inline-block\" target=\"\" href=\"https:\/\/hyker.se\/share\/\">\n                                <div class=\"bg-[#45817B] greenbtncontent px-4 py-2 lg:px-8 text-white rounded-lg \">\n                                    <div>L\u00c4S MER<\/div>\n                                <\/div>\n                            <\/a>\n                        <\/div>\n                                    <\/div>\n                            <div class=\"flex flex-col\">\n                    <div class=\"relative fade-in-element\">\n                        \n\n<img decoding=\"async\" width=\"768\" height=\"687\" src=\"https:\/\/hyker.se\/wp-content\/uploads\/250206_heiker_01555_web-1-e1740056661382-768x687.webp\" class=\"h-[22.45906rem] xl:h-[30.5rem] object-cover w-full\" alt=\"Image\" loading=\"lazy\" sizes=\"auto\" srcset=\"https:\/\/hyker.se\/wp-content\/uploads\/250206_heiker_01555_web-1-e1740056661382-768x687.webp 768w, https:\/\/hyker.se\/wp-content\/uploads\/250206_heiker_01555_web-1-e1740056661382-300x269.webp 300w, https:\/\/hyker.se\/wp-content\/uploads\/250206_heiker_01555_web-1-e1740056661382-1024x917.webp 1024w, https:\/\/hyker.se\/wp-content\/uploads\/250206_heiker_01555_web-1-e1740056661382-150x134.webp 150w, https:\/\/hyker.se\/wp-content\/uploads\/250206_heiker_01555_web-1-e1740056661382-13x12.webp 13w, https:\/\/hyker.se\/wp-content\/uploads\/250206_heiker_01555_web-1-e1740056661382.webp 1486w\" \/>                        <div class=\"absolute bottom-0 text-white p-8 xl:p-14\">\n                            <div class=\"lg:text-[1.375rem] lg:leading-[2.5rem] font-['Noto_Serif_Display']\">S\u00e4ker fildelning f\u00f6r exportkontroll<\/div>\n                            <div class=\"italic mt-4\">Johannes Samuelsson, Head of Business Area Services<\/div>\n                        <\/div>\n                    <\/div>\n                    <div class=\"mt-8 mb-4\"><span class=\"font-semibold text-h3-mobile\">HYKER Export<\/span><\/div>\n\n                                            <div class=\"flex-grow\">\n                            \n\n<div class=\"space-y-4 g-text \">\n    <p>Med HYKER Export f\u00e5r ni ett regelverk f\u00f6r exportkontroll och en krypterad yta f\u00f6r att dela information enkelt och s\u00e4kert. Tj\u00e4nsten \u00e4r utvecklad f\u00f6r att m\u00f6ta de unika behoven hos f\u00f6retag inom branscher d\u00e4r exportkontroll \u00e4r avg\u00f6rande. Tj\u00e4nsten bygger p\u00e5 HYKER Share och erbjuder nu specialanpassade funktioner f\u00f6r att hantera och dela k\u00e4nslig information enligt g\u00e4llande regelverk.<\/p>\n<\/div>                        <\/div>\n                    \n                                            <div class=\"relative w-full lg:w-auto mt-5 lg:mt-8\">\n                            <a class=\"greenbtn inline-block\" target=\"\" href=\"https:\/\/hyker.se\/export\/\">\n                                <div class=\"bg-[#45817B] greenbtncontent px-4 py-2 lg:px-8 text-white rounded-lg \">\n                                    <div>L\u00c4S MER<\/div>\n                                <\/div>\n                            <\/a>\n                        <\/div>\n                                    <\/div>\n                            <div class=\"flex flex-col\">\n                    <div class=\"relative fade-in-element\">\n                        \n\n<img decoding=\"async\" width=\"768\" height=\"512\" src=\"https:\/\/hyker.se\/wp-content\/uploads\/250206_heiker_00903_web-768x512.webp\" class=\"h-[22.45906rem] xl:h-[30.5rem] object-cover w-full\" alt=\"Image\" loading=\"lazy\" sizes=\"auto\" srcset=\"https:\/\/hyker.se\/wp-content\/uploads\/250206_heiker_00903_web-768x512.webp 768w, https:\/\/hyker.se\/wp-content\/uploads\/250206_heiker_00903_web-300x200.webp 300w, https:\/\/hyker.se\/wp-content\/uploads\/250206_heiker_00903_web-1024x683.webp 1024w, https:\/\/hyker.se\/wp-content\/uploads\/250206_heiker_00903_web-150x100.webp 150w, https:\/\/hyker.se\/wp-content\/uploads\/250206_heiker_00903_web-1536x1025.webp 1536w, https:\/\/hyker.se\/wp-content\/uploads\/250206_heiker_00903_web-18x12.webp 18w, https:\/\/hyker.se\/wp-content\/uploads\/250206_heiker_00903_web.webp 2000w\" \/>                        <div class=\"absolute bottom-0 text-white p-8 xl:p-14\">\n                            <div class=\"lg:text-[1.375rem] lg:leading-[2.5rem] font-['Noto_Serif_Display']\">N\u00e4r det som inte f\u00e5r h\u00e4nda,\u2028\u00e4nd\u00e5 sker\u2026<\/div>\n                            <div class=\"italic mt-4\">Joakim Brorsson, CPO<\/div>\n                        <\/div>\n                    <\/div>\n                    <div class=\"mt-8 mb-4\"><span class=\"font-semibold text-h3-mobile\">HYKER Continue<\/span><\/div>\n\n                                            <div class=\"flex-grow\">\n                            \n\n<div class=\"space-y-4 g-text \">\n    <p>Med HYKER Continue skyddas kritisk information som m\u00e5ste finnas tillg\u00e4nglig \u00e4ven om era ordinarie system sl\u00e5s ut \u2013 till exempel vid ransomware-attacker, brand eller andra st\u00f6rningar.<\/p>\n<\/div>                        <\/div>\n                    \n                                            <div class=\"relative w-full lg:w-auto mt-5 lg:mt-8\">\n                            <a class=\"greenbtn inline-block\" target=\"\" href=\"https:\/\/hyker.se\/continue\/\">\n                                <div class=\"bg-[#45817B] greenbtncontent px-4 py-2 lg:px-8 text-white rounded-lg \">\n                                    <div>L\u00c4S MER<\/div>\n                                <\/div>\n                            <\/a>\n                        <\/div>\n                                    <\/div>\n                    <\/div>\n    <\/div>\n    <\/div>\n\n    \n    \n    \n\n<\/section>\n\n\n\n\n\n\n<section id=\"\" class=\"logos relative  px-0 custom-padding-top-m custom-padding-bottom-m mobile-custom-padding-top-s mobile-custom-padding-bottom-s\" style=\"\">\n\n    \n    <div class=\"container mx-auto max-w-[120rem]\">\n        \n\n\n<div class=\"slider is-logos-slider\">\n    <ul class=\"slider-list\">\n                    <li class=\"slider-item\">\n                \n\n<img decoding=\"async\" width=\"170\" height=\"56\" src=\"https:\/\/hyker.se\/wp-content\/uploads\/Rectangle-36-png.webp\" class=\"\" alt=\"Image\" loading=\"lazy\" sizes=\"auto\" srcset=\"https:\/\/hyker.se\/wp-content\/uploads\/Rectangle-36-png.webp 170w, https:\/\/hyker.se\/wp-content\/uploads\/Rectangle-36-150x49.webp 150w\" \/>            <\/li>\n                    <li class=\"slider-item\">\n                \n\n<img decoding=\"async\" width=\"170\" height=\"56\" src=\"https:\/\/hyker.se\/wp-content\/uploads\/Rectangle-41-png.webp\" class=\"\" alt=\"Image\" loading=\"lazy\" sizes=\"auto\" srcset=\"https:\/\/hyker.se\/wp-content\/uploads\/Rectangle-41-png.webp 170w, https:\/\/hyker.se\/wp-content\/uploads\/Rectangle-41-150x49.webp 150w\" \/>            <\/li>\n                    <li class=\"slider-item\">\n                \n\n<img decoding=\"async\" width=\"169\" height=\"20\" src=\"https:\/\/hyker.se\/wp-content\/uploads\/Rectangle-37-png-1-png.webp\" class=\"\" alt=\"Image\" loading=\"lazy\" sizes=\"auto\" srcset=\"https:\/\/hyker.se\/wp-content\/uploads\/Rectangle-37-png-1-png.webp 169w, https:\/\/hyker.se\/wp-content\/uploads\/Rectangle-37-png-1-150x18.webp 150w, https:\/\/hyker.se\/wp-content\/uploads\/Rectangle-37-png-1-18x2.webp 18w\" \/>            <\/li>\n                    <li class=\"slider-item\">\n                \n\n<img decoding=\"async\" width=\"170\" height=\"56\" src=\"https:\/\/hyker.se\/wp-content\/uploads\/Rectangle-39-png-1-png.webp\" class=\"\" alt=\"Image\" loading=\"lazy\" sizes=\"auto\" srcset=\"https:\/\/hyker.se\/wp-content\/uploads\/Rectangle-39-png-1-png.webp 170w, https:\/\/hyker.se\/wp-content\/uploads\/Rectangle-39-png-1-150x49.webp 150w, https:\/\/hyker.se\/wp-content\/uploads\/Rectangle-39-png-1-18x6.webp 18w\" \/>            <\/li>\n                    <li class=\"slider-item\">\n                \n\n<img decoding=\"async\" width=\"170\" height=\"56\" src=\"https:\/\/hyker.se\/wp-content\/uploads\/Rectangle-40-png.webp\" class=\"\" alt=\"Image\" loading=\"lazy\" sizes=\"auto\" srcset=\"https:\/\/hyker.se\/wp-content\/uploads\/Rectangle-40-png.webp 170w, https:\/\/hyker.se\/wp-content\/uploads\/Rectangle-40-150x49.webp 150w\" \/>            <\/li>\n                    <li class=\"slider-item\">\n                \n\n<img decoding=\"async\" width=\"129\" height=\"54\" src=\"https:\/\/hyker.se\/wp-content\/uploads\/Rectangle-38-png-1-png.webp\" class=\"\" alt=\"Image\" loading=\"lazy\" sizes=\"auto\" srcset=\"https:\/\/hyker.se\/wp-content\/uploads\/Rectangle-38-png-1-png.webp 129w, https:\/\/hyker.se\/wp-content\/uploads\/Rectangle-38-png-1-18x8.webp 18w\" \/>            <\/li>\n                    <li class=\"slider-item\">\n                \n\n<img decoding=\"async\" width=\"768\" height=\"251\" src=\"https:\/\/hyker.se\/wp-content\/uploads\/JW_Logo_RGB_HOR_BLK-2-png-e1740665789245-768x251.webp\" class=\"\" alt=\"Image\" loading=\"lazy\" sizes=\"auto\" srcset=\"https:\/\/hyker.se\/wp-content\/uploads\/JW_Logo_RGB_HOR_BLK-2-png-e1740665789245-768x251.webp 768w, https:\/\/hyker.se\/wp-content\/uploads\/JW_Logo_RGB_HOR_BLK-2-png-e1740665789245-300x98.webp 300w, https:\/\/hyker.se\/wp-content\/uploads\/JW_Logo_RGB_HOR_BLK-2-png-e1740665789245-1024x335.webp 1024w, https:\/\/hyker.se\/wp-content\/uploads\/JW_Logo_RGB_HOR_BLK-2-png-e1740665789245-150x49.webp 150w, https:\/\/hyker.se\/wp-content\/uploads\/JW_Logo_RGB_HOR_BLK-2-png-e1740665789245-1536x502.webp 1536w, https:\/\/hyker.se\/wp-content\/uploads\/JW_Logo_RGB_HOR_BLK-2-png-e1740665789245-2048x669.webp 2048w, https:\/\/hyker.se\/wp-content\/uploads\/JW_Logo_RGB_HOR_BLK-2-png-e1740665789245-18x6.webp 18w\" \/>            <\/li>\n                    <li class=\"slider-item\">\n                \n\n<img decoding=\"async\" width=\"768\" height=\"417\" src=\"https:\/\/hyker.se\/wp-content\/uploads\/srf_partner_svart-768x417.webp\" class=\"\" alt=\"Image\" loading=\"lazy\" sizes=\"auto\" srcset=\"https:\/\/hyker.se\/wp-content\/uploads\/srf_partner_svart-768x417.webp 768w, https:\/\/hyker.se\/wp-content\/uploads\/srf_partner_svart-300x163.webp 300w, https:\/\/hyker.se\/wp-content\/uploads\/srf_partner_svart-1024x555.webp 1024w, https:\/\/hyker.se\/wp-content\/uploads\/srf_partner_svart-150x81.webp 150w, https:\/\/hyker.se\/wp-content\/uploads\/srf_partner_svart-1536x833.webp 1536w, https:\/\/hyker.se\/wp-content\/uploads\/srf_partner_svart-18x10.webp 18w, https:\/\/hyker.se\/wp-content\/uploads\/srf_partner_svart-png.webp 1613w\" \/>            <\/li>\n                    <li class=\"slider-item\">\n                \n\n<img decoding=\"async\" width=\"768\" height=\"174\" src=\"https:\/\/hyker.se\/wp-content\/uploads\/logo-tokeep-left-black-768x174.webp\" class=\"\" alt=\"Image\" loading=\"lazy\" sizes=\"auto\" srcset=\"https:\/\/hyker.se\/wp-content\/uploads\/logo-tokeep-left-black-768x174.webp 768w, https:\/\/hyker.se\/wp-content\/uploads\/logo-tokeep-left-black-300x68.webp 300w, https:\/\/hyker.se\/wp-content\/uploads\/logo-tokeep-left-black-150x34.webp 150w, https:\/\/hyker.se\/wp-content\/uploads\/logo-tokeep-left-black-18x4.webp 18w, https:\/\/hyker.se\/wp-content\/uploads\/logo-tokeep-left-black.webp 1000w\" \/>            <\/li>\n                    <li class=\"slider-item\">\n                \n\n<img decoding=\"async\" width=\"768\" height=\"372\" src=\"https:\/\/hyker.se\/wp-content\/uploads\/tlv_logo_svartvit_png-768x372.webp\" class=\"\" alt=\"Image\" loading=\"lazy\" sizes=\"auto\" srcset=\"https:\/\/hyker.se\/wp-content\/uploads\/tlv_logo_svartvit_png-768x372.webp 768w, https:\/\/hyker.se\/wp-content\/uploads\/tlv_logo_svartvit_png-300x146.webp 300w, https:\/\/hyker.se\/wp-content\/uploads\/tlv_logo_svartvit_png-1024x497.webp 1024w, https:\/\/hyker.se\/wp-content\/uploads\/tlv_logo_svartvit_png-150x73.webp 150w, https:\/\/hyker.se\/wp-content\/uploads\/tlv_logo_svartvit_png-18x9.webp 18w, https:\/\/hyker.se\/wp-content\/uploads\/tlv_logo_svartvit_png.webp 1534w\" \/>            <\/li>\n            <\/ul>\n<\/div>    <\/div>\n\n    \n    \n    \n\n<\/section>\n\n\n\n\n\n<section id=\"\" class=\"text-block relative  text-[rgb(255,255,255)] lg:px-5 custom-padding-top-m custom-padding-bottom-m mobile-custom-padding-top-m mobile-custom-padding-bottom-m\" style=\"--custom-color-contrast:rgb(255,255,255);\">\n\n    \n    <div class=\"container mx-auto \">\n        \n<div class=\"relative z-20 lg:py-0 py-10\">\n            <div class=\"fade-in-element max-w-[82.0625rem]\">\n            \n\n<div class=\"flex-ible flex flex-col space-y-8\">\n\n    \n    \n        \n        \n                            \n            <div class=\"flexible-subtitle\">\n                \n\n<div class=\"space-y-4 g-text text-subtitle\">\n    <p>HYKER lovar ett s\u00e4krare skydd f\u00f6r kritisk digital information, information som verkligen betyder n\u00e5got. HYKERs erbjudande \u00e4r anv\u00e4ndarv\u00e4nligt, s\u00e4kert och tryggt.<\/p>\n<\/div>            <\/div>\n\n        \n        \n        \n        \n        \n                    <\/div>        <\/div>\n                <div class=\"mt-6 md:mt-12\">\n            \n\n<div class=\"relative w-full lg:w-auto\">\n    <a class=\"primary\" target=\"\" href=\"https:\/\/hyker.se\/kontakt\/\">\n        <div class=\" btn text-center justify-center inline-flex \">\n            <div>Kontakta oss<\/div>\n        <\/div>\n    <\/a>\n<\/div>        <\/div>\n    <\/div>    <\/div>\n\n    \n                \n        \n        \n\n<img decoding=\"async\" width=\"768\" height=\"226\" src=\"https:\/\/hyker.se\/wp-content\/uploads\/Rectangle-32-768x226.webp\" class=\"w-full h-full absolute inset-0 object-center object-cover\" alt=\"Image\" loading=\"lazy\" sizes=\"auto\" srcset=\"https:\/\/hyker.se\/wp-content\/uploads\/Rectangle-32-768x226.webp 768w, https:\/\/hyker.se\/wp-content\/uploads\/Rectangle-32-300x88.webp 300w, https:\/\/hyker.se\/wp-content\/uploads\/Rectangle-32-1024x302.webp 1024w, https:\/\/hyker.se\/wp-content\/uploads\/Rectangle-32-150x44.webp 150w, https:\/\/hyker.se\/wp-content\/uploads\/Rectangle-32-1536x453.webp 1536w, https:\/\/hyker.se\/wp-content\/uploads\/Rectangle-32-png.webp 1920w\" \/>    \n            <div class=\"absolute inset-0 bg-black bg-opacity-20 lg:max-h-full z-10 w-full h-full\"><\/div>\n    \n    \n\n<\/section>","protected":false},"excerpt":{"rendered":"","protected":false},"author":1,"featured_media":0,"parent":0,"menu_order":0,"comment_status":"closed","ping_status":"closed","template":"","meta":{"_acf_changed":false,"inline_featured_image":false,"footnotes":""},"class_list":["post-2","page","type-page","status-publish","hentry"],"acf":[],"_links":{"self":[{"href":"https:\/\/hyker.se\/en\/wp-json\/wp\/v2\/pages\/2","targetHints":{"allow":["GET"]}}],"collection":[{"href":"https:\/\/hyker.se\/en\/wp-json\/wp\/v2\/pages"}],"about":[{"href":"https:\/\/hyker.se\/en\/wp-json\/wp\/v2\/types\/page"}],"author":[{"embeddable":true,"href":"https:\/\/hyker.se\/en\/wp-json\/wp\/v2\/users\/1"}],"replies":[{"embeddable":true,"href":"https:\/\/hyker.se\/en\/wp-json\/wp\/v2\/comments?post=2"}],"version-history":[{"count":882,"href":"https:\/\/hyker.se\/en\/wp-json\/wp\/v2\/pages\/2\/revisions"}],"predecessor-version":[{"id":4569,"href":"https:\/\/hyker.se\/en\/wp-json\/wp\/v2\/pages\/2\/revisions\/4569"}],"wp:attachment":[{"href":"https:\/\/hyker.se\/en\/wp-json\/wp\/v2\/media?parent=2"}],"curies":[{"name":"wp","href":"https:\/\/api.w.org\/{rel}","templated":true}]}}